{"id":4152,"date":"2021-11-09T14:28:26","date_gmt":"2021-11-09T14:28:26","guid":{"rendered":"https:\/\/shop.euro-clear.eu\/?page_id=4152"},"modified":"2025-05-07T12:40:47","modified_gmt":"2025-05-07T12:40:47","slug":"vizlagyito-termekvalaszto","status":"publish","type":"page","link":"https:\/\/euro-clear.eu\/shop\/vizlagyito-termekvalaszto\/","title":{"rendered":"V\u00edzl\u00e1gy\u00edt\u00f3 term\u00e9kv\u00e1laszt\u00f3"},"content":{"rendered":"\t\t<div data-elementor-type=\"wp-page\" data-elementor-id=\"4152\" class=\"elementor elementor-4152\" data-elementor-post-type=\"page\">\n\t\t\t\t<div class=\"elementor-element elementor-element-a078aca e-flex e-con-boxed elementor-invisible e-con e-parent\" data-id=\"a078aca\" data-element_type=\"container\" data-settings=\"{&quot;background_background&quot;:&quot;classic&quot;,&quot;animation&quot;:&quot;fadeIn&quot;}\">\n\t\t\t\t\t<div class=\"e-con-inner\">\n\t\t<div class=\"elementor-element elementor-element-63863c9 e-con-full e-flex e-con e-child\" data-id=\"63863c9\" data-element_type=\"container\">\n\t\t\t\t<div class=\"elementor-element elementor-element-cbabfa1 elementor-widget elementor-widget-heading\" data-id=\"cbabfa1\" data-element_type=\"widget\" data-widget_type=\"heading.default\">\n\t\t\t\t\t<h1 class=\"elementor-heading-title elementor-size-large\">Seg\u00edt\u00fcnk megtal\u00e1lni a megfelel\u0151 v\u00edzl\u00e1gy\u00edt\u00f3 berendez\u00e9st!<\/h1>\t\t\t\t<\/div>\n\t\t\t\t<div class=\"elementor-element elementor-element-ba6a022 elementor-widget elementor-widget-text-editor\" data-id=\"ba6a022\" data-element_type=\"widget\" data-widget_type=\"text-editor.default\">\n\t\t\t\t\t\t\t\t\t<p>Ha idegen \u00d6n sz\u00e1m\u00e1ra a v\u00edzl\u00e1gy\u00edt\u00e1s \u00e9s v\u00edzkezel\u00e9s vil\u00e1ga, vagy ha bizonytalan a v\u00edzl\u00e1gy\u00edt\u00f3 berendez\u00e9s kiv\u00e1laszt\u00e1s\u00e1ban, ne agg\u00f3djon, itt a seg\u00edts\u00e9g! Csup\u00e1n n\u00e9h\u00e1ny egyszer\u0171 k\u00e9rd\u00e9s, melyre v\u00e1laszt kell adnia, term\u00e9kv\u00e1laszt\u00f3nk pedig szem\u00e9lyre szabva, teljesen az \u00d6n ig\u00e9nyeihez igazodva k\u00edn\u00e1l t\u00f6k\u00e9letes megold\u00e1st.<\/p>\t\t\t\t\t\t\t\t<\/div>\n\t\t\t\t<\/div>\n\t\t<div class=\"elementor-element elementor-element-c62ee56 elementor-hidden-tablet elementor-hidden-mobile e-con-full e-flex e-con e-child\" data-id=\"c62ee56\" data-element_type=\"container\">\n\t\t\t\t<\/div>\n\t\t\t\t\t<\/div>\n\t\t\t\t<\/div>\n\t\t<div class=\"elementor-element elementor-element-5dc3632 e-con-full e-flex e-con e-parent\" data-id=\"5dc3632\" data-element_type=\"container\">\n\t\t\t\t<div class=\"elementor-element elementor-element-62d5ebc elementor-widget elementor-widget-template\" data-id=\"62d5ebc\" data-element_type=\"widget\" data-widget_type=\"template.default\">\n\t\t\t\t<div class=\"elementor-widget-container\">\n\t\t\t\t\t\t\t<div class=\"elementor-template\">\n\t\t\t\t\t<div data-elementor-type=\"section\" data-elementor-id=\"3038\" class=\"elementor elementor-3038\" data-elementor-post-type=\"elementor_library\">\n\t\t\t<div class=\"elementor-element elementor-element-9e84d0c breadcrumb-container e-flex e-con-boxed e-con e-parent\" data-id=\"9e84d0c\" data-element_type=\"container\" data-settings=\"{&quot;background_background&quot;:&quot;classic&quot;}\">\n\t\t\t\t\t<div class=\"e-con-inner\">\n\t\t\t\t<div class=\"elementor-element elementor-element-b1651c3 elementor-widget elementor-widget-shortcode\" data-id=\"b1651c3\" data-element_type=\"widget\" data-widget_type=\"shortcode.default\">\n\t\t\t\t\t\t\t<div class=\"elementor-shortcode\"><nav aria-label=\"breadcrumbs\" class=\"rank-math-breadcrumb\"><p><span class=\"last\">\uf015<\/span><\/p><\/nav><\/div>\n\t\t\t\t\t\t<\/div>\n\t\t\t\t\t<\/div>\n\t\t\t\t<\/div>\n\t\t\t\t<\/div>\n\t\t\t\t<\/div>\n\t\t\t\t\t\t<\/div>\n\t\t\t\t<\/div>\n\t\t\t\t<\/div>\n\t\t<div class=\"elementor-element elementor-element-1fefe6c e-flex e-con-boxed e-con e-parent\" data-id=\"1fefe6c\" data-element_type=\"container\">\n\t\t\t\t\t<div class=\"e-con-inner\">\n\t\t\t\t<div class=\"elementor-element elementor-element-1ee359d elementor-widget elementor-widget-heading\" data-id=\"1ee359d\" data-element_type=\"widget\" data-widget_type=\"heading.default\">\n\t\t\t\t\t<h2 class=\"elementor-heading-title elementor-size-default\">A term\u00e9k kiv\u00e1laszt\u00f3 ind\u00edt\u00e1s\u00e1hoz<br> kattintson a lenti gombra<\/h2>\t\t\t\t<\/div>\n\t\t\t\t<div class=\"elementor-element elementor-element-b2fef73 elementor-align-left elementor-widget elementor-widget-button\" data-id=\"b2fef73\" data-element_type=\"widget\" data-widget_type=\"button.default\">\n\t\t\t\t\t\t\t\t\t\t<a class=\"elementor-button elementor-button-link elementor-size-sm\" href=\"https:\/\/euro-clear.eu\/shop\/vizlagyito-termekvalaszto\/vizlagyito-1-kerdes\/\">\n\t\t\t\t\t\t<span class=\"elementor-button-content-wrapper\">\n\t\t\t\t\t\t\t\t\t<span class=\"elementor-button-text\">K\u00e9rd\u00e9ssor ind\u00edt\u00e1sa<\/span>\n\t\t\t\t\t<\/span>\n\t\t\t\t\t<\/a>\n\t\t\t\t\t\t\t\t<\/div>\n\t\t\t\t\t<\/div>\n\t\t\t\t<\/div>\n\t\t\t\t<\/div>\n\t\t","protected":false},"excerpt":{"rendered":"<p>Seg\u00edt\u00fcnk megtal\u00e1lni a megfelel\u0151 v\u00edzl\u00e1gy\u00edt\u00f3 berendez\u00e9st! Ha idegen \u00d6n sz\u00e1m\u00e1ra a v\u00edzl\u00e1gy\u00edt\u00e1s \u00e9s v\u00edzkezel\u00e9s vil\u00e1ga, vagy ha bizonytalan a v\u00edzl\u00e1gy\u00edt\u00f3 berendez\u00e9s kiv\u00e1laszt\u00e1s\u00e1ban, ne agg\u00f3djon, itt a seg\u00edts\u00e9g! Csup\u00e1n n\u00e9h\u00e1ny egyszer\u0171 k\u00e9rd\u00e9s, melyre v\u00e1laszt kell adnia, term\u00e9kv\u00e1laszt\u00f3nk pedig szem\u00e9lyre szabva, teljesen az \u00d6n ig\u00e9nyeihez igazodva k\u00edn\u00e1l t\u00f6k\u00e9letes megold\u00e1st. A term\u00e9k kiv\u00e1laszt\u00f3 ind\u00edt\u00e1s\u00e1hoz kattintson a lenti gombra [&hellip;]<\/p>\n","protected":false},"author":1,"featured_media":0,"parent":0,"menu_order":0,"comment_status":"closed","ping_status":"closed","template":"elementor_header_footer","meta":{"_acf_changed":false,"inline_featured_image":false,"footnotes":""},"class_list":["post-4152","page","type-page","status-publish","hentry"],"acf":[],"_links":{"self":[{"href":"https:\/\/euro-clear.eu\/shop\/wp-json\/wp\/v2\/pages\/4152","targetHints":{"allow":["GET"]}}],"collection":[{"href":"https:\/\/euro-clear.eu\/shop\/wp-json\/wp\/v2\/pages"}],"about":[{"href":"https:\/\/euro-clear.eu\/shop\/wp-json\/wp\/v2\/types\/page"}],"author":[{"embeddable":true,"href":"https:\/\/euro-clear.eu\/shop\/wp-json\/wp\/v2\/users\/1"}],"replies":[{"embeddable":true,"href":"https:\/\/euro-clear.eu\/shop\/wp-json\/wp\/v2\/comments?post=4152"}],"version-history":[{"count":1,"href":"https:\/\/euro-clear.eu\/shop\/wp-json\/wp\/v2\/pages\/4152\/revisions"}],"predecessor-version":[{"id":14843,"href":"https:\/\/euro-clear.eu\/shop\/wp-json\/wp\/v2\/pages\/4152\/revisions\/14843"}],"wp:attachment":[{"href":"https:\/\/euro-clear.eu\/shop\/wp-json\/wp\/v2\/media?parent=4152"}],"curies":[{"name":"wp","href":"https:\/\/api.w.org\/{rel}","templated":true}]}}