{"id":4226,"date":"2021-11-10T08:37:25","date_gmt":"2021-11-10T08:37:25","guid":{"rendered":"https:\/\/shop.euro-clear.eu\/?page_id=4226"},"modified":"2024-06-19T12:53:28","modified_gmt":"2024-06-19T12:53:28","slug":"2-kerdes-tobb","status":"publish","type":"page","link":"https:\/\/euro-clear.eu\/shop\/vizlagyito-termekvalaszto\/vizlagyito-1-kerdes\/2-kerdes-tobb\/","title":{"rendered":"2. k\u00e9rd\u00e9s"},"content":{"rendered":"\t\t<div data-elementor-type=\"wp-page\" data-elementor-id=\"4226\" class=\"elementor elementor-4226\" data-elementor-post-type=\"page\">\n\t\t\t\t<div class=\"elementor-element elementor-element-974d622 e-flex e-con-boxed e-con e-parent\" data-id=\"974d622\" data-element_type=\"container\">\n\t\t\t\t\t<div class=\"e-con-inner\">\n\t\t\t\t<div class=\"elementor-element elementor-element-4ab86ea elementor-widget elementor-widget-heading\" data-id=\"4ab86ea\" data-element_type=\"widget\" data-widget_type=\"heading.default\">\n\t\t\t\t\t<h2 class=\"elementor-heading-title elementor-size-default\">H\u00e1nyan laknak az \u00d6n h\u00e1ztart\u00e1s\u00e1ban? \/ <br>Mekkora a havi \u00e1tlagos v\u00edzfogyaszt\u00e1suk?<\/h2>\t\t\t\t<\/div>\n\t\t<div class=\"elementor-element elementor-element-4b43311 e-con-full e-flex e-con e-child\" data-id=\"4b43311\" data-element_type=\"container\">\n\t\t\t\t<div class=\"elementor-element elementor-element-5469736 elementor-align-justify elementor-widget__width-initial elementor-widget elementor-widget-button\" data-id=\"5469736\" data-element_type=\"widget\" data-widget_type=\"button.default\">\n\t\t\t\t\t\t\t\t\t\t<a class=\"elementor-button elementor-button-link elementor-size-sm\" href=\"https:\/\/euro-clear.eu\/shop\/vizlagyito-termekvalaszto\/vizlagyito-1-kerdes\/2-kerdes-tobb\/3-kerdes-tobb-1-2\/\">\n\t\t\t\t\t\t<span class=\"elementor-button-content-wrapper\">\n\t\t\t\t\t\t\t\t\t<span class=\"elementor-button-text\">1-2 f\u0151 | 5-10 m\u00b3\/h\u00f3<\/span>\n\t\t\t\t\t<\/span>\n\t\t\t\t\t<\/a>\n\t\t\t\t\t\t\t\t<\/div>\n\t\t\t\t<div class=\"elementor-element elementor-element-cb301c9 elementor-align-justify elementor-widget__width-initial elementor-widget elementor-widget-button\" data-id=\"cb301c9\" data-element_type=\"widget\" data-widget_type=\"button.default\">\n\t\t\t\t\t\t\t\t\t\t<a class=\"elementor-button elementor-button-link elementor-size-sm\" href=\"https:\/\/euro-clear.eu\/shop\/vizlagyito-termekvalaszto\/vizlagyito-1-kerdes\/2-kerdes-tobb\/3-kerdes-tobb-3-4\/\">\n\t\t\t\t\t\t<span class=\"elementor-button-content-wrapper\">\n\t\t\t\t\t\t\t\t\t<span class=\"elementor-button-text\">3-4 f\u0151 | 11-15 m\u00b3\/h\u00f3<\/span>\n\t\t\t\t\t<\/span>\n\t\t\t\t\t<\/a>\n\t\t\t\t\t\t\t\t<\/div>\n\t\t\t\t<\/div>\n\t\t<div class=\"elementor-element elementor-element-5b0e4c8 e-con-full e-flex e-con e-child\" data-id=\"5b0e4c8\" data-element_type=\"container\">\n\t\t\t\t<div class=\"elementor-element elementor-element-cb22100 elementor-align-justify elementor-widget__width-initial elementor-widget elementor-widget-button\" data-id=\"cb22100\" data-element_type=\"widget\" data-widget_type=\"button.default\">\n\t\t\t\t\t\t\t\t\t\t<a class=\"elementor-button elementor-button-link elementor-size-sm\" href=\"https:\/\/euro-clear.eu\/shop\/vizlagyito-termekvalaszto\/vizlagyito-1-kerdes\/2-kerdes-tobb\/3-kerdes-tobb-5-6\/\">\n\t\t\t\t\t\t<span class=\"elementor-button-content-wrapper\">\n\t\t\t\t\t\t\t\t\t<span class=\"elementor-button-text\">5-6 f\u0151 | 16-25 m\u00b3\/h\u00f3<\/span>\n\t\t\t\t\t<\/span>\n\t\t\t\t\t<\/a>\n\t\t\t\t\t\t\t\t<\/div>\n\t\t\t\t<div class=\"elementor-element elementor-element-f4c96c1 elementor-align-justify elementor-widget__width-initial elementor-widget elementor-widget-button\" data-id=\"f4c96c1\" data-element_type=\"widget\" data-widget_type=\"button.default\">\n\t\t\t\t\t\t\t\t\t\t<a class=\"elementor-button elementor-button-link elementor-size-sm\" href=\"https:\/\/euro-clear.eu\/shop\/vizlagyito-termekvalaszto\/vizlagyito-1-kerdes\/2-kerdes-tobb\/3-kerdes-tobb-6\/\">\n\t\t\t\t\t\t<span class=\"elementor-button-content-wrapper\">\n\t\t\t\t\t\t\t\t\t<span class=\"elementor-button-text\">6+ f\u0151 | 30 m\u00b3\/h\u00f3 vagy t\u00f6bb<\/span>\n\t\t\t\t\t<\/span>\n\t\t\t\t\t<\/a>\n\t\t\t\t\t\t\t\t<\/div>\n\t\t\t\t<\/div>\n\t\t\t\t\t<\/div>\n\t\t\t\t<\/div>\n\t\t<div class=\"elementor-element elementor-element-2df0ebd e-con-full e-flex e-con e-parent\" data-id=\"2df0ebd\" data-element_type=\"container\">\n\t\t\t\t<div class=\"elementor-element elementor-element-2b7efb0 elementor-widget elementor-widget-progress\" data-id=\"2b7efb0\" data-element_type=\"widget\" data-widget_type=\"progress.default\">\n\t\t\t\t\t\n\t\t<div class=\"elementor-progress-wrapper\" role=\"progressbar\" aria-valuemin=\"0\" aria-valuemax=\"100\" aria-valuenow=\"33\" aria-valuetext=\"33% (Kit\u00f6ltve)\">\n\t\t\t<div class=\"elementor-progress-bar\" data-max=\"33\">\n\t\t\t\t<span class=\"elementor-progress-text\">Kit\u00f6ltve<\/span>\n\t\t\t\t\t\t\t\t\t<span class=\"elementor-progress-percentage\">33%<\/span>\n\t\t\t\t\t\t\t<\/div>\n\t\t<\/div>\n\t\t\t\t\t\t<\/div>\n\t\t\t\t<\/div>\n\t\t\t\t<\/div>\n\t\t","protected":false},"excerpt":{"rendered":"<p>H\u00e1nyan laknak az \u00d6n h\u00e1ztart\u00e1s\u00e1ban? \/ Mekkora a havi \u00e1tlagos v\u00edzfogyaszt\u00e1suk? 1-2 f\u0151 | 5-10 m\u00b3\/h\u00f3 3-4 f\u0151 | 11-15 m\u00b3\/h\u00f3 5-6 f\u0151 | 16-25 m\u00b3\/h\u00f3 6+ f\u0151 | 30 m\u00b3\/h\u00f3 vagy t\u00f6bb Kit\u00f6ltve 33%<\/p>\n","protected":false},"author":1,"featured_media":0,"parent":4158,"menu_order":0,"comment_status":"closed","ping_status":"closed","template":"","meta":{"_acf_changed":false,"inline_featured_image":false,"footnotes":""},"class_list":["post-4226","page","type-page","status-publish","hentry"],"acf":[],"_links":{"self":[{"href":"https:\/\/euro-clear.eu\/shop\/wp-json\/wp\/v2\/pages\/4226","targetHints":{"allow":["GET"]}}],"collection":[{"href":"https:\/\/euro-clear.eu\/shop\/wp-json\/wp\/v2\/pages"}],"about":[{"href":"https:\/\/euro-clear.eu\/shop\/wp-json\/wp\/v2\/types\/page"}],"author":[{"embeddable":true,"href":"https:\/\/euro-clear.eu\/shop\/wp-json\/wp\/v2\/users\/1"}],"replies":[{"embeddable":true,"href":"https:\/\/euro-clear.eu\/shop\/wp-json\/wp\/v2\/comments?post=4226"}],"version-history":[{"count":0,"href":"https:\/\/euro-clear.eu\/shop\/wp-json\/wp\/v2\/pages\/4226\/revisions"}],"up":[{"embeddable":true,"href":"https:\/\/euro-clear.eu\/shop\/wp-json\/wp\/v2\/pages\/4158"}],"wp:attachment":[{"href":"https:\/\/euro-clear.eu\/shop\/wp-json\/wp\/v2\/media?parent=4226"}],"curies":[{"name":"wp","href":"https:\/\/api.w.org\/{rel}","templated":true}]}}