{"id":4329,"date":"2021-11-10T09:51:17","date_gmt":"2021-11-10T09:51:17","guid":{"rendered":"https:\/\/shop.euro-clear.eu\/?page_id=4329"},"modified":"2025-04-23T06:54:52","modified_gmt":"2025-04-23T06:54:52","slug":"3-kerdes-egy-1-2","status":"publish","type":"page","link":"https:\/\/euro-clear.eu\/shop\/vizlagyito-termekvalaszto\/vizlagyito-1-kerdes\/2-kerdes-egy\/3-kerdes-egy-1-2\/","title":{"rendered":"3. k\u00e9rd\u00e9s"},"content":{"rendered":"\t\t<div data-elementor-type=\"wp-page\" data-elementor-id=\"4329\" class=\"elementor elementor-4329\" data-elementor-post-type=\"page\">\n\t\t\t\t<div class=\"elementor-element elementor-element-96f4f8b e-flex e-con-boxed e-con e-parent\" data-id=\"96f4f8b\" data-element_type=\"container\">\n\t\t\t\t\t<div class=\"e-con-inner\">\n\t\t\t\t<div class=\"elementor-element elementor-element-4c3df09 elementor-widget elementor-widget-heading\" data-id=\"4c3df09\" data-element_type=\"widget\" data-widget_type=\"heading.default\">\n\t\t\t\t\t<h2 class=\"elementor-heading-title elementor-size-default\">Milyen a v\u00edz kem\u00e9nys\u00e9ge<br>az \u00d6n otthon\u00e1ban?<\/h2>\t\t\t\t<\/div>\n\t\t<div class=\"elementor-element elementor-element-f65b145 e-con-full e-flex e-con e-child\" data-id=\"f65b145\" data-element_type=\"container\">\n\t\t\t\t<div class=\"elementor-element elementor-element-87e6da8 elementor-align-justify elementor-widget__width-initial elementor-widget elementor-widget-button\" data-id=\"87e6da8\" data-element_type=\"widget\" data-widget_type=\"button.default\">\n\t\t\t\t\t\t\t\t\t\t<a class=\"elementor-button elementor-button-link elementor-size-sm\" href=\"https:\/\/euro-clear.eu\/shop\/vizlagyito-termekajanlo-1\/\">\n\t\t\t\t\t\t<span class=\"elementor-button-content-wrapper\">\n\t\t\t\t\t\t\t\t\t<span class=\"elementor-button-text\">alacsony (1-10 nk\u00b0)<\/span>\n\t\t\t\t\t<\/span>\n\t\t\t\t\t<\/a>\n\t\t\t\t\t\t\t\t<\/div>\n\t\t\t\t<div class=\"elementor-element elementor-element-40b45dd elementor-align-justify elementor-widget__width-initial elementor-widget elementor-widget-button\" data-id=\"40b45dd\" data-element_type=\"widget\" data-widget_type=\"button.default\">\n\t\t\t\t\t\t\t\t\t\t<a class=\"elementor-button elementor-button-link elementor-size-sm\" href=\"https:\/\/euro-clear.eu\/shop\/vizlagyito-termekajanlo-1\/\">\n\t\t\t\t\t\t<span class=\"elementor-button-content-wrapper\">\n\t\t\t\t\t\t\t\t\t<span class=\"elementor-button-text\">k\u00f6zepes (11-15 nk\u00b0)<\/span>\n\t\t\t\t\t<\/span>\n\t\t\t\t\t<\/a>\n\t\t\t\t\t\t\t\t<\/div>\n\t\t\t\t<\/div>\n\t\t<div class=\"elementor-element elementor-element-2065869 e-con-full e-flex e-con e-child\" data-id=\"2065869\" data-element_type=\"container\">\n\t\t\t\t<div class=\"elementor-element elementor-element-e507b6e elementor-align-justify elementor-widget__width-initial elementor-widget elementor-widget-button\" data-id=\"e507b6e\" data-element_type=\"widget\" data-widget_type=\"button.default\">\n\t\t\t\t\t\t\t\t\t\t<a class=\"elementor-button elementor-button-link elementor-size-sm\" href=\"https:\/\/euro-clear.eu\/shop\/vizlagyito-termekajanlo-1\/\">\n\t\t\t\t\t\t<span class=\"elementor-button-content-wrapper\">\n\t\t\t\t\t\t\t\t\t<span class=\"elementor-button-text\">magas (16-20 nk\u00b0)<\/span>\n\t\t\t\t\t<\/span>\n\t\t\t\t\t<\/a>\n\t\t\t\t\t\t\t\t<\/div>\n\t\t\t\t<div class=\"elementor-element elementor-element-3f30e86 elementor-align-justify elementor-widget__width-initial elementor-widget elementor-widget-button\" data-id=\"3f30e86\" data-element_type=\"widget\" data-widget_type=\"button.default\">\n\t\t\t\t\t\t\t\t\t\t<a class=\"elementor-button elementor-button-link elementor-size-sm\" href=\"https:\/\/euro-clear.eu\/shop\/vizlagyito-termekajanlo-2\/\">\n\t\t\t\t\t\t<span class=\"elementor-button-content-wrapper\">\n\t\t\t\t\t\t\t\t\t<span class=\"elementor-button-text\">nagyon magas (21+ nk\u00b0)<\/span>\n\t\t\t\t\t<\/span>\n\t\t\t\t\t<\/a>\n\t\t\t\t\t\t\t\t<\/div>\n\t\t\t\t<\/div>\n\t\t\t\t\t<\/div>\n\t\t\t\t<\/div>\n\t\t<div class=\"elementor-element elementor-element-9a3a933 e-con-full e-flex e-con e-parent\" data-id=\"9a3a933\" data-element_type=\"container\">\n\t\t<div class=\"elementor-element elementor-element-bc59cc4 e-con-full e-flex e-con e-child\" data-id=\"bc59cc4\" data-element_type=\"container\">\n\t\t\t\t<div class=\"elementor-element elementor-element-95554d6 elementor-widget elementor-widget-progress\" data-id=\"95554d6\" data-element_type=\"widget\" data-widget_type=\"progress.default\">\n\t\t\t\t\t\n\t\t<div class=\"elementor-progress-wrapper\" role=\"progressbar\" aria-valuemin=\"0\" aria-valuemax=\"100\" aria-valuenow=\"66\" aria-valuetext=\"66% (Kit\u00f6ltve)\">\n\t\t\t<div class=\"elementor-progress-bar\" data-max=\"66\">\n\t\t\t\t<span class=\"elementor-progress-text\">Kit\u00f6ltve<\/span>\n\t\t\t\t\t\t\t\t\t<span class=\"elementor-progress-percentage\">66%<\/span>\n\t\t\t\t\t\t\t<\/div>\n\t\t<\/div>\n\t\t\t\t\t\t<\/div>\n\t\t\t\t<\/div>\n\t\t\t\t<\/div>\n\t\t\t\t<\/div>\n\t\t","protected":false},"excerpt":{"rendered":"<p>Milyen a v\u00edz kem\u00e9nys\u00e9geaz \u00d6n otthon\u00e1ban? alacsony (1-10 nk\u00b0) k\u00f6zepes (11-15 nk\u00b0) magas (16-20 nk\u00b0) nagyon magas (21+ nk\u00b0) Kit\u00f6ltve 66%<\/p>\n","protected":false},"author":1,"featured_media":0,"parent":4225,"menu_order":0,"comment_status":"closed","ping_status":"closed","template":"","meta":{"_acf_changed":false,"inline_featured_image":false,"footnotes":""},"class_list":["post-4329","page","type-page","status-publish","hentry"],"acf":[],"_links":{"self":[{"href":"https:\/\/euro-clear.eu\/shop\/wp-json\/wp\/v2\/pages\/4329","targetHints":{"allow":["GET"]}}],"collection":[{"href":"https:\/\/euro-clear.eu\/shop\/wp-json\/wp\/v2\/pages"}],"about":[{"href":"https:\/\/euro-clear.eu\/shop\/wp-json\/wp\/v2\/types\/page"}],"author":[{"embeddable":true,"href":"https:\/\/euro-clear.eu\/shop\/wp-json\/wp\/v2\/users\/1"}],"replies":[{"embeddable":true,"href":"https:\/\/euro-clear.eu\/shop\/wp-json\/wp\/v2\/comments?post=4329"}],"version-history":[{"count":0,"href":"https:\/\/euro-clear.eu\/shop\/wp-json\/wp\/v2\/pages\/4329\/revisions"}],"up":[{"embeddable":true,"href":"https:\/\/euro-clear.eu\/shop\/wp-json\/wp\/v2\/pages\/4225"}],"wp:attachment":[{"href":"https:\/\/euro-clear.eu\/shop\/wp-json\/wp\/v2\/media?parent=4329"}],"curies":[{"name":"wp","href":"https:\/\/api.w.org\/{rel}","templated":true}]}}