{"id":4369,"date":"2021-11-10T10:21:34","date_gmt":"2021-11-10T10:21:34","guid":{"rendered":"https:\/\/shop.euro-clear.eu\/?page_id=4369"},"modified":"2025-04-23T06:55:39","modified_gmt":"2025-04-23T06:55:39","slug":"3-kerdes-tobb-6","status":"publish","type":"page","link":"https:\/\/euro-clear.eu\/shop\/vizlagyito-termekvalaszto\/vizlagyito-1-kerdes\/2-kerdes-tobb\/3-kerdes-tobb-6\/","title":{"rendered":"3. k\u00e9rd\u00e9s"},"content":{"rendered":"\t\t<div data-elementor-type=\"wp-page\" data-elementor-id=\"4369\" class=\"elementor elementor-4369\" data-elementor-post-type=\"page\">\n\t\t\t\t<div class=\"elementor-element elementor-element-5e9e5ba e-flex e-con-boxed e-con e-parent\" data-id=\"5e9e5ba\" data-element_type=\"container\">\n\t\t\t\t\t<div class=\"e-con-inner\">\n\t\t\t\t<div class=\"elementor-element elementor-element-3aab37a elementor-widget elementor-widget-heading\" data-id=\"3aab37a\" data-element_type=\"widget\" data-widget_type=\"heading.default\">\n\t\t\t\t\t<h2 class=\"elementor-heading-title elementor-size-default\">Milyen a v\u00edz kem\u00e9nys\u00e9ge<br>az \u00d6n otthon\u00e1ban?<\/h2>\t\t\t\t<\/div>\n\t\t<div class=\"elementor-element elementor-element-b013aa7 e-con-full e-flex e-con e-child\" data-id=\"b013aa7\" data-element_type=\"container\">\n\t\t\t\t<div class=\"elementor-element elementor-element-b5b9664 elementor-align-justify elementor-widget__width-initial elementor-widget elementor-widget-button\" data-id=\"b5b9664\" data-element_type=\"widget\" data-widget_type=\"button.default\">\n\t\t\t\t\t\t\t\t\t\t<a class=\"elementor-button elementor-button-link elementor-size-sm\" href=\"https:\/\/euro-clear.eu\/shop\/vizlagyito-termekajanlo-5\/\">\n\t\t\t\t\t\t<span class=\"elementor-button-content-wrapper\">\n\t\t\t\t\t\t\t\t\t<span class=\"elementor-button-text\">alacsony (1-10 nk\u00b0)<\/span>\n\t\t\t\t\t<\/span>\n\t\t\t\t\t<\/a>\n\t\t\t\t\t\t\t\t<\/div>\n\t\t\t\t<div class=\"elementor-element elementor-element-f24f440 elementor-align-justify elementor-widget__width-initial elementor-widget elementor-widget-button\" data-id=\"f24f440\" data-element_type=\"widget\" data-widget_type=\"button.default\">\n\t\t\t\t\t\t\t\t\t\t<a class=\"elementor-button elementor-button-link elementor-size-sm\" href=\"https:\/\/euro-clear.eu\/shop\/vizlagyito-termekajanlo-5\/\">\n\t\t\t\t\t\t<span class=\"elementor-button-content-wrapper\">\n\t\t\t\t\t\t\t\t\t<span class=\"elementor-button-text\">k\u00f6zepes (11-15 nk\u00b0)<\/span>\n\t\t\t\t\t<\/span>\n\t\t\t\t\t<\/a>\n\t\t\t\t\t\t\t\t<\/div>\n\t\t\t\t<\/div>\n\t\t<div class=\"elementor-element elementor-element-d259a0c e-con-full e-flex e-con e-child\" data-id=\"d259a0c\" data-element_type=\"container\">\n\t\t\t\t<div class=\"elementor-element elementor-element-68caae8 elementor-align-justify elementor-widget__width-initial elementor-widget elementor-widget-button\" data-id=\"68caae8\" data-element_type=\"widget\" data-widget_type=\"button.default\">\n\t\t\t\t\t\t\t\t\t\t<a class=\"elementor-button elementor-button-link elementor-size-sm\" href=\"https:\/\/euro-clear.eu\/shop\/vizlagyito-termekajanlo-6\/\">\n\t\t\t\t\t\t<span class=\"elementor-button-content-wrapper\">\n\t\t\t\t\t\t\t\t\t<span class=\"elementor-button-text\">magas (16-20 nk\u00b0)<\/span>\n\t\t\t\t\t<\/span>\n\t\t\t\t\t<\/a>\n\t\t\t\t\t\t\t\t<\/div>\n\t\t\t\t<div class=\"elementor-element elementor-element-6291de8 elementor-align-justify elementor-widget__width-initial elementor-widget elementor-widget-button\" data-id=\"6291de8\" data-element_type=\"widget\" data-widget_type=\"button.default\">\n\t\t\t\t\t\t\t\t\t\t<a class=\"elementor-button elementor-button-link elementor-size-sm\" href=\"https:\/\/euro-clear.eu\/shop\/vizlagyito-termekajanlo-6\/\">\n\t\t\t\t\t\t<span class=\"elementor-button-content-wrapper\">\n\t\t\t\t\t\t\t\t\t<span class=\"elementor-button-text\">nagyon magas (21+ nk\u00b0)<\/span>\n\t\t\t\t\t<\/span>\n\t\t\t\t\t<\/a>\n\t\t\t\t\t\t\t\t<\/div>\n\t\t\t\t<\/div>\n\t\t\t\t\t<\/div>\n\t\t\t\t<\/div>\n\t\t<div class=\"elementor-element elementor-element-5443795 e-con-full e-flex e-con e-parent\" data-id=\"5443795\" data-element_type=\"container\">\n\t\t\t\t<div class=\"elementor-element elementor-element-2dcc24a elementor-widget elementor-widget-progress\" data-id=\"2dcc24a\" data-element_type=\"widget\" data-widget_type=\"progress.default\">\n\t\t\t\t\t\n\t\t<div class=\"elementor-progress-wrapper\" role=\"progressbar\" aria-valuemin=\"0\" aria-valuemax=\"100\" aria-valuenow=\"66\" aria-valuetext=\"66% (Kit\u00f6ltve)\">\n\t\t\t<div class=\"elementor-progress-bar\" data-max=\"66\">\n\t\t\t\t<span class=\"elementor-progress-text\">Kit\u00f6ltve<\/span>\n\t\t\t\t\t\t\t\t\t<span class=\"elementor-progress-percentage\">66%<\/span>\n\t\t\t\t\t\t\t<\/div>\n\t\t<\/div>\n\t\t\t\t\t\t<\/div>\n\t\t\t\t<\/div>\n\t\t\t\t<\/div>\n\t\t","protected":false},"excerpt":{"rendered":"<p>Milyen a v\u00edz kem\u00e9nys\u00e9geaz \u00d6n otthon\u00e1ban? alacsony (1-10 nk\u00b0) k\u00f6zepes (11-15 nk\u00b0) magas (16-20 nk\u00b0) nagyon magas (21+ nk\u00b0) Kit\u00f6ltve 66%<\/p>\n","protected":false},"author":1,"featured_media":0,"parent":4226,"menu_order":0,"comment_status":"closed","ping_status":"closed","template":"","meta":{"_acf_changed":false,"inline_featured_image":false,"footnotes":""},"class_list":["post-4369","page","type-page","status-publish","hentry"],"acf":[],"_links":{"self":[{"href":"https:\/\/euro-clear.eu\/shop\/wp-json\/wp\/v2\/pages\/4369","targetHints":{"allow":["GET"]}}],"collection":[{"href":"https:\/\/euro-clear.eu\/shop\/wp-json\/wp\/v2\/pages"}],"about":[{"href":"https:\/\/euro-clear.eu\/shop\/wp-json\/wp\/v2\/types\/page"}],"author":[{"embeddable":true,"href":"https:\/\/euro-clear.eu\/shop\/wp-json\/wp\/v2\/users\/1"}],"replies":[{"embeddable":true,"href":"https:\/\/euro-clear.eu\/shop\/wp-json\/wp\/v2\/comments?post=4369"}],"version-history":[{"count":0,"href":"https:\/\/euro-clear.eu\/shop\/wp-json\/wp\/v2\/pages\/4369\/revisions"}],"up":[{"embeddable":true,"href":"https:\/\/euro-clear.eu\/shop\/wp-json\/wp\/v2\/pages\/4226"}],"wp:attachment":[{"href":"https:\/\/euro-clear.eu\/shop\/wp-json\/wp\/v2\/media?parent=4369"}],"curies":[{"name":"wp","href":"https:\/\/api.w.org\/{rel}","templated":true}]}}