{"id":8735,"date":"2023-09-05T13:05:22","date_gmt":"2023-09-05T13:05:22","guid":{"rendered":"https:\/\/euro-clear.eu\/shop\/?page_id=8735"},"modified":"2024-07-03T06:59:47","modified_gmt":"2024-07-03T06:59:47","slug":"ecomix-berendezesek-termekvalaszto","status":"publish","type":"page","link":"https:\/\/euro-clear.eu\/shop\/ecomix-berendezesek-termekvalaszto\/","title":{"rendered":"Ecomix berendez\u00e9sek term\u00e9kv\u00e1laszt\u00f3"},"content":{"rendered":"\t\t<div data-elementor-type=\"wp-page\" data-elementor-id=\"8735\" class=\"elementor elementor-8735\" data-elementor-post-type=\"page\">\n\t\t\t\t\t\t<section class=\"elementor-section elementor-top-section elementor-element elementor-element-050dfb3 elementor-section-height-min-height elementor-section-boxed elementor-section-height-default elementor-section-items-middle\" data-id=\"050dfb3\" data-element_type=\"section\" data-settings=\"{&quot;background_background&quot;:&quot;classic&quot;}\">\n\t\t\t\t\t\t<div class=\"elementor-container elementor-column-gap-default\">\n\t\t\t\t\t<div class=\"elementor-column elementor-col-100 elementor-top-column elementor-element elementor-element-ad668ff\" data-id=\"ad668ff\" data-element_type=\"column\">\n\t\t\t<div class=\"elementor-widget-wrap elementor-element-populated\">\n\t\t\t\t\t\t<div class=\"elementor-element elementor-element-70714ed elementor-widget elementor-widget-text-editor\" data-id=\"70714ed\" data-element_type=\"widget\" data-widget_type=\"text-editor.default\">\n\t\t\t\t\t\t\t\t\t<p>Az Ecomix sz\u0171r\u0151t\u00f6ltet\u0171 v\u00edztiszt\u00edt\u00f3 k\u00e9sz\u00fcl\u00e9k nem iv\u00f3v\u00edz min\u0151s\u00edt\u00e9s\u0171 technol\u00f3giai v\u00edz, k\u00fatv\u00edz tiszt\u00edt\u00e1s\u00e1ra alkalmazhat\u00f3. A term\u00e9k nem rendelkezik iv\u00f3v\u00edz biztons\u00e1gi enged\u00e9llyel. <b>A kezelt v\u00edz emberi felhaszn\u00e1l\u00e1sra nem javasolt!<\/b><\/p>\t\t\t\t\t\t\t\t<\/div>\n\t\t\t\t<div class=\"elementor-element elementor-element-31f8fb0 elementor-widget elementor-widget-html\" data-id=\"31f8fb0\" data-element_type=\"widget\" data-widget_type=\"html.default\">\n\t\t\t\t\t<table class=\"calc-ecomix\">\r\n        <thead>\r\n            <tr>\r\n                <th class=\"th-1\">Param\u00e9terek<\/th>\r\n                <th class=\"th-2\">M\u00e9rt\u00e9kegys\u00e9g<\/th>\r\n                <th class=\"th-3\"><span class=\"nomerc\">Saj\u00e1t \u00e9rt\u00e9k <\/span><\/th>\r\n                <th class=\"th-4\">Hat\u00e1r\u00e9rt\u00e9k<\/th>\r\n                <th class=\"th-5\"><\/th>\r\n            <\/tr>\r\n        <\/thead>\r\n        <tbody>\r\n            <tr class=\"tr-1\">\r\n                <td class=\"td-1\">\u00d6sszes kem\u00e9nys\u00e9g<\/td>\r\n                <td class=\"td-2\">mg\/L CaCO<\/td>\r\n                <td class=\"td-3\"><input type=\"text\" id=\"r1\"><\/td>\r\n                <td class=\"td-4\">450<\/td>\r\n                <td class=\"td-5\"><\/td>\r\n            <\/tr>\r\n            <tr class=\"tr-2\">\r\n                <td class=\"td-1\">Vas<\/td>\r\n                <td class=\"td-2\">mg\/L<\/td>\r\n                <td class=\"td-3\"><input type=\"text\" id=\"r2\"><\/td>\r\n                <td class=\"td-4\">15<\/td>\r\n                <td class=\"td-5\"><\/td>\r\n            <\/tr>\r\n            <tr class=\"tr-3\">\r\n                <td class=\"td-1\">Mang\u00e1n<\/td>\r\n                <td class=\"td-2\">mg\/L<\/td>\r\n                <td class=\"td-3\"><input type=\"text\" id=\"r3\"><\/td>\r\n                <td class=\"td-4\">3<\/td>\r\n                <td class=\"td-5\"><\/td>\r\n            <\/tr>\r\n            <tr class=\"tr-4\">\r\n                <td class=\"td-1\">KOI<\/td>\r\n                <td class=\"td-2\">mg\/L O\u2082<\/td>\r\n                <td class=\"td-3\"><input type=\"text\" id=\"r4\"><\/td>\r\n                <td class=\"td-4\">20<\/td>\r\n                <td class=\"td-5\"><\/td>\r\n            <\/tr>\r\n            <tr class=\"tr-5\">\r\n                <td class=\"td-1\">Amm\u00f3nium<\/td>\r\n                <td class=\"td-2\">mg\/L<\/td>\r\n                <td class=\"td-3\"><input type=\"text\" id=\"r5\"><\/td>\r\n                <td class=\"td-4\">4<\/td>\r\n                <td class=\"td-5\"><\/td>\r\n            <\/tr>\r\n        <\/tbody>\r\n    <\/table>\t\t\t\t<\/div>\n\t\t\t\t\t<\/div>\n\t\t<\/div>\n\t\t\t\t\t<\/div>\n\t\t<\/section>\n\t\t\t\t<section class=\"elementor-section elementor-top-section elementor-element elementor-element-4b4f2d2 elementor-section-height-min-height ecomix-true elementor-section-boxed elementor-section-height-default elementor-section-items-middle\" data-id=\"4b4f2d2\" data-element_type=\"section\" data-settings=\"{&quot;background_background&quot;:&quot;classic&quot;}\">\n\t\t\t\t\t\t<div class=\"elementor-container elementor-column-gap-default\">\n\t\t\t\t\t<div class=\"elementor-column elementor-col-100 elementor-top-column elementor-element elementor-element-3bf357e\" data-id=\"3bf357e\" data-element_type=\"column\">\n\t\t\t<div class=\"elementor-widget-wrap elementor-element-populated\">\n\t\t\t\t\t\t<div class=\"elementor-element elementor-element-f2d93ad elementor-widget elementor-widget-text-editor\" data-id=\"f2d93ad\" data-element_type=\"widget\" data-widget_type=\"text-editor.default\">\n\t\t\t\t\t\t\t\t\t<p><strong>Remek!<\/strong> Az \u00d6n \u00e1ltal megadott \u00e9rt\u00e9kek alapj\u00e1n \u00fagy t\u0171nik,<strong>\u00a0az Ecomix<\/strong> berendez\u00e9s megfelel\u0151 lehet \u00d6nnek. K\u00e9rj\u00fck az al\u00e1bbi opci\u00f3k k\u00f6z\u00fcl v\u00e1lassza ki az <strong>\u00c1tfoly\u00e1si teljes\u00edtm\u00e9nyt<\/strong>, hogy megfelel\u0151 term\u00e9ket tudjunk aj\u00e1nlani \u00d6nnek.\u00a0<\/p>\t\t\t\t\t\t\t\t<\/div>\n\t\t\t\t<div class=\"elementor-element elementor-element-3f2872a elementor-widget elementor-widget-html\" data-id=\"3f2872a\" data-element_type=\"widget\" data-widget_type=\"html.default\">\n\t\t\t\t\t<table class=\"calc-ecomix\">\r\n    <thead>\r\n        <tr>\r\n            <th>\u00c1tfoly\u00e1si teljes\u00edtm\u00e9ny<\/th>\r\n            <th>K\u00e9sz\u00fcl\u00e9k<\/th>\r\n        <\/tr>\r\n    <\/thead>\r\n    <tbody>\r\n        <tr class=\"ecomix-res\">\r\n            <td class=\"ecomix-res-1\">\r\n                <select id=\"teljesitmeny\">\r\n                    <option value=\"1-12\">1-1,2 m3\/h<\/option>\r\n                    <option value=\"14-18\">1,4-1,8 m3\/h<\/option>\r\n                    <option value=\"18-22\">1,8-2,2 m3\/h<\/option>\r\n                    <option value=\"22-25\">2,2-2,5 m3\/h<\/option>\r\n                    <option value=\"25-33\">2,5-3,3 m3\/h<\/option>\r\n                <\/select>\r\n            <\/td>\r\n            <td class=\"ecomix-res-2\"><\/td>\r\n        <\/tr>\r\n    <\/tbody>\r\n<\/table>\t\t\t\t<\/div>\n\t\t\t\t\t<\/div>\n\t\t<\/div>\n\t\t\t\t\t<\/div>\n\t\t<\/section>\n\t\t\t\t<\/div>\n\t\t","protected":false},"excerpt":{"rendered":"<p>Az Ecomix sz\u0171r\u0151t\u00f6ltet\u0171 v\u00edztiszt\u00edt\u00f3 k\u00e9sz\u00fcl\u00e9k nem iv\u00f3v\u00edz min\u0151s\u00edt\u00e9s\u0171 technol\u00f3giai v\u00edz, k\u00fatv\u00edz tiszt\u00edt\u00e1s\u00e1ra alkalmazhat\u00f3. A term\u00e9k nem rendelkezik iv\u00f3v\u00edz biztons\u00e1gi enged\u00e9llyel. A kezelt v\u00edz emberi felhaszn\u00e1l\u00e1sra nem javasolt! Param\u00e9terek M\u00e9rt\u00e9kegys\u00e9g Saj\u00e1t \u00e9rt\u00e9k Hat\u00e1r\u00e9rt\u00e9k \u00d6sszes kem\u00e9nys\u00e9g mg\/L CaCO 450 Vas mg\/L 15 Mang\u00e1n mg\/L 3 KOI mg\/L O\u2082 20 Amm\u00f3nium mg\/L 4 Remek! Az \u00d6n \u00e1ltal megadott [&hellip;]<\/p>\n","protected":false},"author":1,"featured_media":0,"parent":0,"menu_order":0,"comment_status":"closed","ping_status":"closed","template":"","meta":{"_acf_changed":false,"inline_featured_image":false,"footnotes":""},"class_list":["post-8735","page","type-page","status-publish","hentry"],"acf":[],"_links":{"self":[{"href":"https:\/\/euro-clear.eu\/shop\/wp-json\/wp\/v2\/pages\/8735","targetHints":{"allow":["GET"]}}],"collection":[{"href":"https:\/\/euro-clear.eu\/shop\/wp-json\/wp\/v2\/pages"}],"about":[{"href":"https:\/\/euro-clear.eu\/shop\/wp-json\/wp\/v2\/types\/page"}],"author":[{"embeddable":true,"href":"https:\/\/euro-clear.eu\/shop\/wp-json\/wp\/v2\/users\/1"}],"replies":[{"embeddable":true,"href":"https:\/\/euro-clear.eu\/shop\/wp-json\/wp\/v2\/comments?post=8735"}],"version-history":[{"count":0,"href":"https:\/\/euro-clear.eu\/shop\/wp-json\/wp\/v2\/pages\/8735\/revisions"}],"wp:attachment":[{"href":"https:\/\/euro-clear.eu\/shop\/wp-json\/wp\/v2\/media?parent=8735"}],"curies":[{"name":"wp","href":"https:\/\/api.w.org\/{rel}","templated":true}]}}