{"id":10375,"date":"2024-05-08T13:06:47","date_gmt":"2024-05-08T13:06:47","guid":{"rendered":"https:\/\/euro-clear.eu\/shop\/?post_type=product&#038;p=10375"},"modified":"2026-03-24T18:20:15","modified_gmt":"2026-03-24T18:20:15","slug":"rx-f70hyl-34-by-pass-szelep","status":"publish","type":"product","link":"https:\/\/euro-clear.eu\/shop\/rx-f70hyl-34-by-pass-szelep\/","title":{"rendered":"RX-F70HY-34 by-pass szelep"},"content":{"rendered":"<h2>RX-F70HY-34 by-pass szelep<\/h2>\n<p>Megk\u00f6nny\u00edti a v\u00edzl\u00e1gy\u00edt\u00f3 berendez\u00e9s csatlakoz\u00e1s\u00e1t a v\u00edzh\u00e1l\u00f3zathoz.<\/p>\n<p>Lehet\u0151v\u00e9 teszi, hogy a v\u00edzl\u00e1gy\u00edt\u00f3 berendez\u00e9s b\u00e1rmikor kiz\u00e1rhat\u00f3 legyen a v\u00edzvezet\u00e9k h\u00e1l\u00f3zatb\u00f3l (p\u00e9ld\u00e1ul meghib\u00e1sod\u00e1s eset\u00e9n, hogy ne maradjon v\u00edz n\u00e9lk\u00fcl a h\u00e1z).<\/p>\n<p>T\u00f6bb fokozatban \u00e1ll\u00edthat\u00f3, ez\u00e1ltal k\u00f6nnyen szab\u00e1lyozhat\u00f3 vele a visszakevert v\u00edz kem\u00e9nys\u00e9ge, el\u00e9rve eg\u00e9szen a teljesen l\u00e1gyvizet (0,1 NK\u00b0). Az 5 NK\u00b0 \u00e9rt\u00e9kkel rendelkez\u0151 l\u00e1gyv\u00edz felel meg a hivatalos iv\u00f3v\u00edz \u00fcgyi szabv\u00e1nynak, illetve emellett m\u00e1r nem tapasztalhat\u00f3 v\u00edzk\u0151lerak\u00f3d\u00e1s.<\/p>\n","protected":false},"excerpt":{"rendered":"<p>A by-pass szelep megk\u00f6nny\u00edti a v\u00edzl\u00e1gy\u00edt\u00f3 berendez\u00e9s csatlakoz\u00e1s\u00e1t a v\u00edzh\u00e1l\u00f3zathoz. K\u00f6nnyen szab\u00e1lyozhat\u00f3 vele a visszakevert v\u00edz mennyis\u00e9ge, ez\u00e1ltal a kem\u00e9nys\u00e9ge.<\/p>\n<p><strong><span style=\"text-decoration: underline\">M\u0171szaki param\u00e9terek:<\/span><\/strong><br \/>\n&#8211; Csatlakoz\u00e1s: 3\/4&#8243;<br \/>\n&#8211; T\u00e9rfogat\u00e1ram 3 bar nyom\u00e1son: 2.0<br \/>\n&#8211; Kivitel: Horizont\u00e1lis<\/p>\n","protected":false},"featured_media":10373,"template":"","meta":{"_acf_changed":false,"inline_featured_image":false},"product_brand":[],"product_cat":[47],"product_tag":[209],"class_list":{"0":"post-10375","1":"product","2":"type-product","3":"status-publish","4":"has-post-thumbnail","6":"product_cat-kiegeszitok","7":"product_tag-rx-f70hyl-34","9":"first","10":"instock","11":"taxable","12":"shipping-taxable","13":"purchasable","14":"product-type-simple"},"group_of_quantity":0,"min_quantity":0,"max_quantity":"","exclude_order_quantity_value_rules":"no","exclude_category_quantity_rules":"no","combine_variations":"no","acf":[],"_links":{"self":[{"href":"https:\/\/euro-clear.eu\/shop\/wp-json\/wp\/v2\/product\/10375","targetHints":{"allow":["GET"]}}],"collection":[{"href":"https:\/\/euro-clear.eu\/shop\/wp-json\/wp\/v2\/product"}],"about":[{"href":"https:\/\/euro-clear.eu\/shop\/wp-json\/wp\/v2\/types\/product"}],"wp:featuredmedia":[{"embeddable":true,"href":"https:\/\/euro-clear.eu\/shop\/wp-json\/wp\/v2\/media\/10373"}],"wp:attachment":[{"href":"https:\/\/euro-clear.eu\/shop\/wp-json\/wp\/v2\/media?parent=10375"}],"wp:term":[{"taxonomy":"product_brand","embeddable":true,"href":"https:\/\/euro-clear.eu\/shop\/wp-json\/wp\/v2\/product_brand?post=10375"},{"taxonomy":"product_cat","embeddable":true,"href":"https:\/\/euro-clear.eu\/shop\/wp-json\/wp\/v2\/product_cat?post=10375"},{"taxonomy":"product_tag","embeddable":true,"href":"https:\/\/euro-clear.eu\/shop\/wp-json\/wp\/v2\/product_tag?post=10375"}],"curies":[{"name":"wp","href":"https:\/\/api.w.org\/{rel}","templated":true}]}}