{"id":10465,"date":"2024-06-04T11:55:40","date_gmt":"2024-06-04T11:55:40","guid":{"rendered":"https:\/\/euro-clear.eu\/shop\/?post_type=product&#038;p=10465"},"modified":"2026-03-24T18:22:01","modified_gmt":"2026-03-24T18:22:01","slug":"euro-clear-vizminta-bevizsgalas-kemiai-es-mikrobiologiai-csomag","status":"publish","type":"product","link":"https:\/\/euro-clear.eu\/shop\/euro-clear-vizminta-bevizsgalas-kemiai-es-mikrobiologiai-csomag\/","title":{"rendered":"Euro-Clear v\u00edzminta bevizsg\u00e1l\u00e1s k\u00e9miai \u00e9s mikrobiol\u00f3giai csomag"},"content":{"rendered":"<p>Hazai vizeink megfelel\u0151 felhaszn\u00e1lhat\u00f3s\u00e1g\u00e1nak \u00e9rdek\u00e9ben sz\u00e1mos v\u00edzkezel\u0151 technol\u00f3gia biztos\u00edt lehet\u0151s\u00e9get. Az egyes felhaszn\u00e1l\u00e1si c\u00e9lok el\u00e9r\u00e9s\u00e9hez csak a megfelel\u0151 v\u00edzkezel\u00e9si technol\u00f3gia ny\u00fajthat seg\u00edts\u00e9get, amely meg\u00e1llap\u00edt\u00e1s\u00e1hoz k\u00edn\u00e1lunk lehet\u0151s\u00e9get az \u00e1ltalunk k\u00edn\u00e1lt v\u00edzanal\u00edtikai vizsg\u00e1latokkal.<\/p>\n<p>A v\u00edzanal\u00edtika lefolytat\u00e1s\u00e1nak menete:<\/p>\n<ol>\n<li>V\u00e1lassza ki web\u00e1ruh\u00e1zunk k\u00edn\u00e1lat\u00e1b\u00f3l az \u00d6nnek legink\u00e1bb megfelel\u0151 v\u00edzminta vizsg\u00e1latot.<\/li>\n<li><strong>A megrendel\u00e9s lead\u00e1sakor a Kos\u00e1r vagy a P\u00e9nzt\u00e1r oldalon v\u00e1lasszon ki a &#8222;Mintav\u00e9tel kisz\u00e1ll\u00e1si d\u00edjjal&#8221; lehet\u0151s\u00e9get. A v\u00edzminta bevizsg\u00e1l\u00e1s csomag felt\u00fcntetett \u00e1r\u00e1nak nem r\u00e9sze az akkredit\u00e1lt v\u00edzmintav\u00e9tel megt\u00e9tel\u00e9hez sz\u00fcks\u00e9ges kisz\u00e1ll\u00e1si d\u00edj! A kisz\u00e1ll\u00e1si d\u00edjr\u00f3l k\u00e9rem \u00e9rdekl\u0151dj\u00f6n \u00fcgyf\u00e9lszolg\u00e1latunk el\u00e9rhet\u0151s\u00e9gein!<\/strong><\/li>\n<li>A megrendel\u00e9s lead\u00e1sa ut\u00e1n e-mailben elektronikusan k\u00fcldj\u00fck a sz\u00e1ll\u00edt\u00e1si d\u00edjat is tartalmaz\u00f3 d\u00edjbek\u00e9r\u0151t, amelyet \u00e1tutal\u00e1ssal kell teljes\u00edteni a <strong>MBH Bank Nyrt.-n\u00e9l vezetett 10300002-10355378-49020018 banksz\u00e1mlasz\u00e1mra.<\/strong><\/li>\n<li>Egyeztet\u00fcnk \u00d6nnel egy id\u0151pontot, amikor az akkredit\u00e1lt mintav\u00e9tel megt\u00e9tele alkalmas az \u00d6n sz\u00e1m\u00e1ra.<\/li>\n<li>Az akkredit\u00e1lt vizsg\u00e1l\u00f3laborat\u00f3rium elk\u00e9sz\u00fclt eredm\u00e9ny\u00e9t elektronikusan elk\u00fcdj\u00fck az \u00d6n e-mail c\u00edm\u00e9re. Valamint szakmai tan\u00e1csot \u00e9s \u00c1raj\u00e1nlatot is tudunk k\u00e9sz\u00edteni \u00e9s k\u00fcldeni.<\/li>\n<\/ol>\n<p><strong>A vizsg\u00e1lat elv\u00e9gz\u00e9se akkredit\u00e1lt v\u00edzmintav\u00e9telnek min\u0151s\u00fcl, ez\u00e9rt az EC-VM-3 v\u00edzvizsg\u00e1lat haszn\u00e1lhat\u00f3: hat\u00f3s\u00e1gi enged\u00e9lyeztet\u00e9sre, iv\u00f3v\u00edz vizsg\u00e1latra.<\/strong><\/p>\n<p><strong>Tov\u00e1bbi szaktan\u00e1csad\u00e1s\u00e9rt k\u00e9rem \u00e9rdekl\u0151dj\u00f6n \u00fcgyf\u00e9lszolg\u00e1latunk el\u00e9rhet\u0151s\u00e9gein!<\/strong><\/p>\n","protected":false},"excerpt":{"rendered":"<p><strong>A vizsg\u00e1lat elv\u00e9gz\u00e9se akkredit\u00e1lt v\u00edzmintav\u00e9telnek min\u0151s\u00fcl, ez\u00e9rt az EC-VM-3 v\u00edzvizsg\u00e1lat haszn\u00e1lhat\u00f3 hat\u00f3s\u00e1gi enged\u00e9lyeztet\u00e9sre, iv\u00f3v\u00edz vizsg\u00e1latra.<\/strong><\/p>\n<p><strong>A vizsg\u00e1latban foglaltak a PARAM\u00c9TEREK f\u00fcl alatt tal\u00e1lhat\u00f3ak<\/strong>.<\/p>\n<p><strong>Tov\u00e1bbi szaktan\u00e1csad\u00e1s\u00e9rt k\u00e9rem \u00e9rdekl\u0151dj\u00f6n \u00fcgyf\u00e9lszolg\u00e1latunk el\u00e9rhet\u0151s\u00e9gein!<\/strong><\/p>\n<h4><strong>A v\u00edzminta bevizsg\u00e1l\u00e1s csomag felt\u00fcntetett \u00e1r\u00e1nak nem r\u00e9sze az akkredit\u00e1lt v\u00edzmintav\u00e9tel megt\u00e9tel\u00e9hez sz\u00fcks\u00e9ges kisz\u00e1ll\u00e1si d\u00edj!<\/strong><\/h4>\n<h4><strong>A kisz\u00e1ll\u00e1si d\u00edjr\u00f3l k\u00e9rem \u00e9rdekl\u0151dj\u00f6n \u00fcgyf\u00e9lszolg\u00e1latunk el\u00e9rhet\u0151s\u00e9gein!<\/strong><\/h4>\n<h4><\/h4>\n","protected":false},"featured_media":13712,"template":"","meta":{"_acf_changed":false,"inline_featured_image":false},"product_brand":[],"product_cat":[148],"product_tag":[210],"class_list":{"0":"post-10465","1":"product","2":"type-product","3":"status-publish","4":"has-post-thumbnail","6":"product_cat-vizminta-bevizsgalas","7":"product_tag-bevizsgalas","8":"product_shipping_class-szolgaltatas","10":"first","11":"instock","12":"taxable","13":"shipping-taxable","14":"purchasable","15":"product-type-simple"},"group_of_quantity":0,"min_quantity":0,"max_quantity":"","exclude_order_quantity_value_rules":"no","exclude_category_quantity_rules":"no","combine_variations":"no","acf":[],"_links":{"self":[{"href":"https:\/\/euro-clear.eu\/shop\/wp-json\/wp\/v2\/product\/10465","targetHints":{"allow":["GET"]}}],"collection":[{"href":"https:\/\/euro-clear.eu\/shop\/wp-json\/wp\/v2\/product"}],"about":[{"href":"https:\/\/euro-clear.eu\/shop\/wp-json\/wp\/v2\/types\/product"}],"wp:featuredmedia":[{"embeddable":true,"href":"https:\/\/euro-clear.eu\/shop\/wp-json\/wp\/v2\/media\/13712"}],"wp:attachment":[{"href":"https:\/\/euro-clear.eu\/shop\/wp-json\/wp\/v2\/media?parent=10465"}],"wp:term":[{"taxonomy":"product_brand","embeddable":true,"href":"https:\/\/euro-clear.eu\/shop\/wp-json\/wp\/v2\/product_brand?post=10465"},{"taxonomy":"product_cat","embeddable":true,"href":"https:\/\/euro-clear.eu\/shop\/wp-json\/wp\/v2\/product_cat?post=10465"},{"taxonomy":"product_tag","embeddable":true,"href":"https:\/\/euro-clear.eu\/shop\/wp-json\/wp\/v2\/product_tag?post=10465"}],"curies":[{"name":"wp","href":"https:\/\/api.w.org\/{rel}","templated":true}]}}