{"id":1047,"date":"2021-04-29T08:34:45","date_gmt":"2021-04-29T08:34:45","guid":{"rendered":"http:\/\/shop.euro-clear.eu\/?post_type=product&#038;p=1047"},"modified":"2026-03-24T18:13:40","modified_gmt":"2026-03-24T18:13:40","slug":"dfa-34a-eloszuro","status":"publish","type":"product","link":"https:\/\/euro-clear.eu\/shop\/dfa-34a-eloszuro\/","title":{"rendered":"DFA-34A el\u0151sz\u0171r\u0151"},"content":{"rendered":"<h2>DFA-34A el\u0151sz\u0171r\u0151<\/h2>\n<p>Automata mechanikai el\u0151sz\u0171r\u0151ink ide\u00e1lisak lakoss\u00e1gi v\u00edzzel m\u0171k\u00f6d\u0151 berendez\u00e9sek v\u00e9delm\u00e9re, mint p\u00e9ld\u00e1ul padl\u00f3f\u0171t\u00e9si rendszerek, v\u00edzl\u00e1gy\u00edt\u00f3 berendez\u00e9sek.<\/p>\n<h2>DFA automata el\u0151sz\u0171r\u0151k el\u0151nyei<\/h2>\n<p><strong>\u2713 DFA-34A v\u00edzsz\u0171r\u0151<\/strong> automata visszamosat\u00e1ssal \u2013 Amennyiben nem k\u00edv\u00e1n foglalkozni a sz\u0171r\u0151 tiszt\u00edt\u00e1s\u00e1val, akkor ezt a modellt aj\u00e1nljuk.<\/p>\n<p><strong>\u2713 <\/strong>Teljesen automata \u00e9s karbantart\u00e1smentes. Ellen\u00e1ram\u00fa visszamosat\u00e1s\u00e1nak k\u00f6sz\u00f6nhet\u0151en, kiv\u00e1l\u00f3 az \u00f6ntisztul\u00f3 hat\u00e9konys\u00e1ga.<\/p>\n<p><strong>\u2713 Automata v\u00edzl\u00e1gy\u00edt\u00f3hoz<\/strong> v\u00e1lasszon <strong>automata v\u00edzsz\u0171r\u0151t.<br \/>\n<\/strong><br \/>\n<strong>\u2713 A v\u00edzl\u00e1gy\u00edt\u00f3 garanci\u00e1j\u00e1nak felt\u00e9tele a max. 50 mikron finoms\u00e1g\u00fa v\u00edzsz\u0171r\u0151 telep\u00edt\u00e9se.<\/strong> Nemcsak a v\u00edzl\u00e1gy\u00edt\u00f3t, de az \u00f6sszes vizet haszn\u00e1l\u00f3 berendez\u00e9st, szerelv\u00e9nyt (pl. csaptelep) v\u00e9di a h\u00e1l\u00f3zatb\u00f3l \u00e9rkez\u0151 rozsd\u00e1t\u00f3l \u00e9s egy\u00e9b szennyez\u0151d\u00e9sekt\u0151l. A berendez\u00e9st a v\u00edz\u00f3ra \u00e9s a v\u00edzl\u00e1gy\u00edt\u00f3 k\u00f6z\u00e9 b\u00e1rhova be\u00e9p\u00edthet\u0151.<\/p>\n<p><strong>\u2713 <\/strong>Sz\u0171r\u00e9si finoms\u00e1g: 50 mikron.<\/p>\n<p><strong>\u2713 <\/strong>M\u00e9g egy \u00e9rv az automata sz\u0171r\u0151t\u00e1rcs\u00e1s v\u00edzsz\u0171r\u0151 \u00e9s a BIZTONS\u00c1G mellett. A v\u00edzsz\u0171r\u0151 rendelkezik v\u00edzsziv\u00e1rg\u00e1st jelz\u0151 funkci\u00f3val. Mit is jelent a v\u00edzsziv\u00e1rg\u00e1st jelz\u0151 funkci\u00f3? A v\u00edzsz\u0171r\u0151 figyeli a rajta \u00e1tfolyt v\u00edzmennyis\u00e9get \u00e9s pillanatnyi v\u00edz\u00e1tfoly\u00e1st, mely \u00e9rt\u00e9kekb\u0151l k\u00f6vetkeztet az v\u00edzh\u00e1l\u00f3zatban esetlegesen el\u0151fordul\u00f3 cs\u0151t\u00f6r\u00e9sekre, v\u00edzsziv\u00e1rg\u00e1sokra. Sz\u00fcks\u00e9g eset\u00e9n az automata v\u00edzsz\u0171r\u0151 be is avatkozik megakad\u00e1lyozva a h\u00e1ztart\u00e1sokban esetlegesen el\u0151fordul\u00f3 cs\u0151t\u00f6r\u00e9st, v\u00edzk\u00e1rt.<\/p>\n","protected":false},"excerpt":{"rendered":"<p>Automata mechanikai el\u0151sz\u0171r\u0151ink ide\u00e1lisak lakoss\u00e1gi v\u00edzzel m\u0171k\u00f6d\u0151 berendez\u00e9sek v\u00e9delm\u00e9re, mint p\u00e9ld\u00e1ul padl\u00f3f\u0171t\u00e9si rendszerek, v\u00edzl\u00e1gy\u00edt\u00f3 berendez\u00e9sek.<\/p>\n<p><strong>Csatlakoz\u00e1si m\u00e9ret:<\/strong> \u00be\u201d<br \/>\n<strong>Teljes\u00edtm\u00e9ny:<\/strong> 1.5 m\u00b3\/h<br \/>\n<strong>Sz\u0171r\u00e9si finoms\u00e1g:<\/strong> 50 \u00b5m (mikron)<\/p>\n","protected":false},"featured_media":1049,"template":"","meta":{"_acf_changed":false,"inline_featured_image":false},"product_brand":[],"product_cat":[26,28],"product_tag":[184,79],"class_list":{"0":"post-1047","1":"product","2":"type-product","3":"status-publish","4":"has-post-thumbnail","6":"product_cat-eloszurok","7":"product_cat-dfa-tipusu-eloszurok","8":"product_tag-dfa-34a","9":"product_tag-eloszuro","11":"first","12":"instock","13":"taxable","14":"shipping-taxable","15":"purchasable","16":"product-type-simple"},"group_of_quantity":0,"min_quantity":0,"max_quantity":"","exclude_order_quantity_value_rules":"no","exclude_category_quantity_rules":"no","combine_variations":"no","acf":[],"_links":{"self":[{"href":"https:\/\/euro-clear.eu\/shop\/wp-json\/wp\/v2\/product\/1047","targetHints":{"allow":["GET"]}}],"collection":[{"href":"https:\/\/euro-clear.eu\/shop\/wp-json\/wp\/v2\/product"}],"about":[{"href":"https:\/\/euro-clear.eu\/shop\/wp-json\/wp\/v2\/types\/product"}],"wp:featuredmedia":[{"embeddable":true,"href":"https:\/\/euro-clear.eu\/shop\/wp-json\/wp\/v2\/media\/1049"}],"wp:attachment":[{"href":"https:\/\/euro-clear.eu\/shop\/wp-json\/wp\/v2\/media?parent=1047"}],"wp:term":[{"taxonomy":"product_brand","embeddable":true,"href":"https:\/\/euro-clear.eu\/shop\/wp-json\/wp\/v2\/product_brand?post=1047"},{"taxonomy":"product_cat","embeddable":true,"href":"https:\/\/euro-clear.eu\/shop\/wp-json\/wp\/v2\/product_cat?post=1047"},{"taxonomy":"product_tag","embeddable":true,"href":"https:\/\/euro-clear.eu\/shop\/wp-json\/wp\/v2\/product_tag?post=1047"}],"curies":[{"name":"wp","href":"https:\/\/api.w.org\/{rel}","templated":true}]}}