{"id":12920,"date":"2025-01-26T08:10:53","date_gmt":"2025-01-26T08:10:53","guid":{"rendered":"https:\/\/euro-clear.eu\/shop\/?post_type=product&#038;p=12920"},"modified":"2026-03-24T18:24:28","modified_gmt":"2026-03-24T18:24:28","slug":"bluesoft-1354as-67-idovezerelt-arzenmentesito-berendezes","status":"publish","type":"product","link":"https:\/\/euro-clear.eu\/shop\/bluesoft-1354as-67-idovezerelt-arzenmentesito-berendezes\/","title":{"rendered":"BlueSoft 1354AS\/67 Id\u0151vez\u00e9relt arz\u00e9nmentes\u00edt\u0151 berendez\u00e9s"},"content":{"rendered":"<h2>BlueSoft 1354AS\/67 Id\u0151vez\u00e9relt arz\u00e9nmentes\u00edt\u0151 berendez\u00e9s<\/h2>\n<p>Haz\u00e1nk k\u00fatvizeiben a vas \u00e9s mang\u00e1n mellett a leggyakrabban el\u0151fordul\u00f3 elem az arz\u00e9n. Az arz\u00e9n vesz\u00e9lye abban rejlik, hogy sz\u00edntelen \u00e9s szagtalan, teh\u00e1t a v\u00edzb\u0151l csak laborat\u00f3riumi vizsg\u00e1lat sor\u00e1n mutathat\u00f3 ki. Amennyiben a v\u00edzvizsg\u00e1lat sor\u00e1n kider\u00fcl, hogy a k\u00fatv\u00edz az eg\u00e9szs\u00e9g\u00fcgyi hat\u00e1r\u00e9rt\u00e9kn\u00e9l nagyobb mennyis\u00e9gben tartalmaz arz\u00e9nt (ez jelenleg 10 \u00b5g\/liter), akkor a k\u00fatv\u00edz tiszt\u00edt\u00e1sa indokolt.<\/p>\n<p>Az arz\u00e9nmentes\u00edt\u0151 k\u00e9sz\u00fcl\u00e9k speci\u00e1lis Everzit t\u00f6ltet\u00e9nek seg\u00edts\u00e9g\u00e9vel megk\u00f6ti az arz\u00e9nt, a k\u00e9sz\u00fcl\u00e9k el\u0151re meghat\u00e1rozott id\u0151k\u00f6z\u00f6nk\u00e9nt er\u0151s ellen\u00e1rammal lemossa a t\u00f6ltet fel\u00fclet\u00e9r\u0151l a megk\u00f6t\u00f6tt arz\u00e9nt.<\/p>\n<h3>Nem iv\u00f3v\u00edz min\u0151s\u00edt\u00e9s\u0171 technol\u00f3giai v\u00edz, k\u00fatv\u00edz tiszt\u00edt\u00e1s\u00e1ra alkalmazhat\u00f3. A term\u00e9k nem rendelkezik iv\u00f3v\u00edz biztons\u00e1gi enged\u00e9llyel. A kezelt v\u00edz emberi felhaszn\u00e1l\u00e1sra nem alkalmas!<\/h3>\n<p>&nbsp;<\/p>\n<h4>M\u0171k\u00f6d\u00e9si tulajdons\u00e1gok:<\/h4>\n<p>T\u00e9rfogat\u00e1ram sz\u0171r\u00e9skor: 8-12 m\/h<\/p>\n<p>T\u00e9rfogat\u00e1ram visszamosat\u00e1skor: 20 m\/h<\/p>\n<p>V\u00edz ph-tartom\u00e1ny: 6,5 &#8211; 8,0<\/p>\n<p>Optim\u00e1lis \u00e1gymagass\u00e1g: 750 mm<\/p>\n<p>T\u00f6ltet kimer\u00edt\u00e9si kapacit\u00e1s: 1-2 g AS\/liter &#8211; ph7<\/p>\n<p>A t\u00f6ltet kapacit\u00e1s\u00e1t a foszf\u00e1t \u00e9s a szilik\u00e1t jelenl\u00e9te cs\u00f6kkentheti.<\/p>\n","protected":false},"excerpt":{"rendered":"<h4><b>A term\u00e9k csomagol\u00e1si saj\u00e1toss\u00e1g\u00e1b\u00f3l ad\u00f3d\u00f3lag a berendez\u00e9st csak egy az \u00d6n \u00e1ltal kiv\u00e1lasztott \u00e1tv\u00e9teli pontra tudjuk kisz\u00e1ll\u00edtani! <\/b><\/h4>\n<h4><b>Az \u00d6n ig\u00e9nyeinek megfelel\u0151 k\u00e9sz\u00fcl\u00e9k kiv\u00e1laszt\u00e1s\u00e1hoz k\u00e9rj\u00fck, hogy k\u00e9rje \u00dcgyf\u00e9lszolg\u00e1latunk seg\u00edts\u00e9g\u00e9t! El\u0151zetesen k\u00e9sz\u00edttessen egy v\u00edzminta bevizsg\u00e1l\u00e1st, amelyet k\u00fcldj\u00f6n el \u00dcgyf\u00e9lszolg\u00e1latunk elektronikus el\u00e9rhet\u0151s\u00e9g\u00e9re!<\/b><\/h4>\n<p>Az arz\u00e9nmentes\u00edt\u0151 berendez\u00e9s egy kiv\u00e1l\u00f3 min\u0151s\u00e9g\u0171 speci\u00e1lis Everzit anyaggal t\u00f6lt\u00f6tt oszlop, mely a kezelend\u0151 v\u00edzben l\u00e9v\u0151 nemk\u00edv\u00e1natos arz\u00e9nt a fel\u00fclet\u00e9n visszatartja.<\/p>\n<h4>Nem iv\u00f3v\u00edz min\u0151s\u00edt\u00e9s\u0171 technol\u00f3giai v\u00edz, k\u00fatv\u00edz tiszt\u00edt\u00e1s\u00e1ra alkalmazhat\u00f3. Emberi felhaszn\u00e1l\u00e1sra nem alkalmas!<\/h4>\n<p><strong>A berendez\u00e9s felt\u00fcntetett \u00e1r\u00e1nak nem r\u00e9sze a be\u00fczemel\u00e9s k\u00f6lts\u00e9ge! A megfelel\u0151 be\u00fczemel\u00e9st elv\u00e9gz\u0151 partner ir\u00e1nt k\u00e9rem \u00e9rdekl\u0151dj\u00f6n \u00fcgyf\u00e9lszolg\u00e1latunk el\u00e9rhet\u0151s\u00e9gein!<\/strong><\/p>\n<p><strong>Vez\u00e9rl\u0151fej:<\/strong> RX-67C\/DTS<br \/>\n<strong>Csatlakoz\u00e1s:<\/strong> 1\u201d<br \/>\n<strong>Everzit t\u00f6ltet:<\/strong> 60 liter<br \/>\n<strong>T\u00e9rfogat\u00e1ram:<\/strong> 1.2-2.0 m<sup>3<\/sup>\/h<br \/>\n<strong>M\u00e9ret (Ma x Ho x Sz\u00e9):<\/strong> 1610 x 350 x 350 mm<\/p>\n","protected":false},"featured_media":6804,"template":"","meta":{"_acf_changed":false,"inline_featured_image":false},"product_brand":[],"product_cat":[49,218],"product_tag":[219,52],"class_list":{"0":"post-12920","1":"product","2":"type-product","3":"status-publish","4":"has-post-thumbnail","6":"product_cat-kutviz-tisztitasa","7":"product_cat-arzenmentesito-berendezesek","8":"product_tag-arzenmentesito","9":"product_tag-bluesoft","11":"first","12":"instock","13":"taxable","14":"shipping-taxable","15":"purchasable","16":"product-type-simple"},"group_of_quantity":0,"min_quantity":0,"max_quantity":"","exclude_order_quantity_value_rules":"no","exclude_category_quantity_rules":"no","combine_variations":"no","acf":[],"_links":{"self":[{"href":"https:\/\/euro-clear.eu\/shop\/wp-json\/wp\/v2\/product\/12920","targetHints":{"allow":["GET"]}}],"collection":[{"href":"https:\/\/euro-clear.eu\/shop\/wp-json\/wp\/v2\/product"}],"about":[{"href":"https:\/\/euro-clear.eu\/shop\/wp-json\/wp\/v2\/types\/product"}],"wp:featuredmedia":[{"embeddable":true,"href":"https:\/\/euro-clear.eu\/shop\/wp-json\/wp\/v2\/media\/6804"}],"wp:attachment":[{"href":"https:\/\/euro-clear.eu\/shop\/wp-json\/wp\/v2\/media?parent=12920"}],"wp:term":[{"taxonomy":"product_brand","embeddable":true,"href":"https:\/\/euro-clear.eu\/shop\/wp-json\/wp\/v2\/product_brand?post=12920"},{"taxonomy":"product_cat","embeddable":true,"href":"https:\/\/euro-clear.eu\/shop\/wp-json\/wp\/v2\/product_cat?post=12920"},{"taxonomy":"product_tag","embeddable":true,"href":"https:\/\/euro-clear.eu\/shop\/wp-json\/wp\/v2\/product_tag?post=12920"}],"curies":[{"name":"wp","href":"https:\/\/api.w.org\/{rel}","templated":true}]}}