{"id":13135,"date":"2025-03-18T07:00:36","date_gmt":"2025-03-18T07:00:36","guid":{"rendered":"https:\/\/euro-clear.eu\/shop\/?post_type=product&#038;p=13135"},"modified":"2026-03-24T18:20:26","modified_gmt":"2026-03-24T18:20:26","slug":"rx-ls-vezetek-nelkuli-vizerzekelo-szenzor","status":"publish","type":"product","link":"https:\/\/euro-clear.eu\/shop\/rx-ls-vezetek-nelkuli-vizerzekelo-szenzor\/","title":{"rendered":"BlueGuardian vezet\u00e9k n\u00e9lk\u00fcli v\u00edzsziv\u00e1rg\u00e1s \u00e9rz\u00e9kel\u0151"},"content":{"rendered":"<h2>BlueGuardian vezet\u00e9k n\u00e9lk\u00fcli v\u00edzsziv\u00e1rg\u00e1s \u00e9rz\u00e9kel\u0151<\/h2>\n<p>A vezet\u00e9k n\u00e9lk\u00fcli automatikus elz\u00e1r\u00f3 szeleppel biztons\u00e1gban tudhatja lak\u00e1s\u00e1t az esetlegesen kialakul\u00f3 v\u00edzsziv\u00e1rg\u00e1s okozta k\u00e1rokt\u00f3l.<\/p>\n<p>A BlueGuardian vezet\u00e9k n\u00e9lk\u00fcli v\u00edz\u00e9rz\u00e9kel\u0151 szenzor a helyis\u00e9g padl\u00f3zat\u00e1ra helyezve figyeli az ott esetlegesen megjelen\u0151 v\u00edzk\u00e9pz\u0151d\u00e9st \u00e9s azonnal elz\u00e1rja a vev\u0151egys\u00e9get, ezzel megel\u0151zve a v\u00edzk\u00e1rt.<\/p>\n<p>A vezet\u00e9k n\u00e9lk\u00fcli automatikus elz\u00e1r\u00f3 szelep ak\u00e1r 5 db szenzort is k\u00e9pes kezelni egyid\u0151ben, \u00edgy lehet\u0151s\u00e9g van ak\u00e1r a teljes h\u00e1z v\u00edzsziv\u00e1rg\u00e1s v\u00e9delm\u00e9nek kialak\u00edt\u00e1s\u00e1ra.<\/p>\n<p><strong>A term\u00e9k el\u0151nyei:<\/strong><\/p>\n<ul>\n<li>Az elemes \u00fczemel\u00e9snek h\u00e1la, \u00e1ramkimarad\u00e1s eset\u00e9n is m\u0171k\u00f6d\u0151k\u00e9pes marad a berendez\u00e9s, \u00edgy v\u00e9dve otthon\u00e1t tov\u00e1bbra is.<\/li>\n<li>Megb\u00edzhat\u00f3 r\u00e1di\u00f3frekvenci\u00e1s kommunik\u00e1ci\u00f3 a vez\u00e9rl\u0151 szelep \u00e9s a v\u00edz\u00e9rz\u00e9kel\u0151 egys\u00e9g k\u00f6z\u00f6tt.<\/li>\n<li>Minim\u00e1lis v\u00edzsziv\u00e1rg\u00e1st is k\u00e9pes \u00e9rz\u00e9kelni, ezzel megel\u0151zve a k\u00e1rokat.<\/li>\n<li>A szenzor nem tartalmaz mozg\u00f3 vagy v\u00edzre &#8222;dagad\u00f3&#8221; alkatr\u00e9szeket, \u00edgy folyamatosan, megb\u00edzhat\u00f3an tud m\u0171k\u00f6dni.<\/li>\n<li>Egy szenzor nem csak egyszer k\u00e9pes \u00e9rz\u00e9kelni, \u00edgy a v\u00edz felsz\u00e1rad\u00e1sa \u00e9s a hiba elh\u00e1r\u00edt\u00e1sa ut\u00e1n ism\u00e9t haszn\u00e1lhat\u00f3, nem kell cser\u00e9lni.<\/li>\n<\/ul>\n<p><strong>Az eszk\u00f6z a k\u00f6vetkez\u0151 r\u00e9szekb\u0151l \u00e1ll:<\/strong><\/p>\n<ul>\n<li>1db BlueGuardian vezet\u00e9k n\u00e9lk\u00fcli v\u00edz\u00e9rz\u00e9kel\u0151 szenzor<\/li>\n<li>1db elem<\/li>\n<\/ul>\n<p>A term\u00e9k nem v\u00e9d a szennyv\u00edz cs\u00f6vek sziv\u00e1rg\u00e1s\u00e1b\u00f3l ered\u0151 hib\u00e1kt\u00f3l, illetve az egy\u00e9b, nem a nyom\u00f3vezet\u00e9ken kialakul\u00f3 v\u00edzsziv\u00e1rg\u00e1sokt\u00f3l (k\u00f6rnyezeti k\u00e1r, k\u00fcls\u0151 be\u00e1z\u00e1s, szomsz\u00e9d \u00e1ltali \u00e1z\u00e1s, stb)<\/p>\n<p><strong>A term\u00e9k nem rendelkezik hazai iv\u00f3v\u00edz biztons\u00e1gi (NNGYK) enged\u00e9llyel!<\/strong><\/p>\n","protected":false},"excerpt":{"rendered":"<p>A vezet\u00e9k n\u00e9lk\u00fcli automatikus elz\u00e1r\u00f3 szeleppel biztons\u00e1gban tudhatja lak\u00e1s\u00e1t az esetlegesen kialakul\u00f3 v\u00edzsziv\u00e1rg\u00e1s okozta k\u00e1rokt\u00f3l.<\/p>\n<p>A BlueGuardian vezet\u00e9k n\u00e9lk\u00fcli v\u00edz\u00e9rz\u00e9kel\u0151 szenzor a helyis\u00e9g padl\u00f3zat\u00e1ra helyezve figyeli az ott esetlegesen megjelen\u0151 v\u00edzk\u00e9pz\u0151d\u00e9st \u00e9s azonnal elz\u00e1rja a vev\u0151egys\u00e9get, ezzel megel\u0151zve a v\u00edzk\u00e1rt.<\/p>\n<p>A vezet\u00e9k n\u00e9lk\u00fcli automatikus elz\u00e1r\u00f3 szelep ak\u00e1r 5 db szenzort is k\u00e9pes kezelni egyid\u0151ben, \u00edgy lehet\u0151s\u00e9g van ak\u00e1r a teljes h\u00e1z v\u00edzsziv\u00e1rg\u00e1s v\u00e9delm\u00e9nek kialak\u00edt\u00e1s\u00e1ra.<\/p>\n<p><strong>Az eszk\u00f6z a k\u00f6vetkez\u0151 r\u00e9szekb\u0151l \u00e1ll:<\/strong><\/p>\n<ul>\n<li>1db BlueGuardian vezet\u00e9k n\u00e9lk\u00fcli v\u00edz\u00e9rz\u00e9kel\u0151 szenzor<\/li>\n<li>1db elem<\/li>\n<\/ul>\n","protected":false},"featured_media":13154,"template":"","meta":{"_acf_changed":false,"inline_featured_image":false},"product_brand":[],"product_cat":[47],"product_tag":[222,220,125,124],"class_list":{"0":"post-13135","1":"product","2":"type-product","3":"status-publish","4":"has-post-thumbnail","6":"product_cat-kiegeszitok","7":"product_tag-blueguardian","8":"product_tag-rx-wwg","9":"product_tag-safehome","10":"product_tag-vizor","12":"first","13":"instock","14":"taxable","15":"shipping-taxable","16":"purchasable","17":"product-type-simple"},"group_of_quantity":0,"min_quantity":0,"max_quantity":"","exclude_order_quantity_value_rules":"no","exclude_category_quantity_rules":"no","combine_variations":"no","acf":[],"_links":{"self":[{"href":"https:\/\/euro-clear.eu\/shop\/wp-json\/wp\/v2\/product\/13135","targetHints":{"allow":["GET"]}}],"collection":[{"href":"https:\/\/euro-clear.eu\/shop\/wp-json\/wp\/v2\/product"}],"about":[{"href":"https:\/\/euro-clear.eu\/shop\/wp-json\/wp\/v2\/types\/product"}],"wp:featuredmedia":[{"embeddable":true,"href":"https:\/\/euro-clear.eu\/shop\/wp-json\/wp\/v2\/media\/13154"}],"wp:attachment":[{"href":"https:\/\/euro-clear.eu\/shop\/wp-json\/wp\/v2\/media?parent=13135"}],"wp:term":[{"taxonomy":"product_brand","embeddable":true,"href":"https:\/\/euro-clear.eu\/shop\/wp-json\/wp\/v2\/product_brand?post=13135"},{"taxonomy":"product_cat","embeddable":true,"href":"https:\/\/euro-clear.eu\/shop\/wp-json\/wp\/v2\/product_cat?post=13135"},{"taxonomy":"product_tag","embeddable":true,"href":"https:\/\/euro-clear.eu\/shop\/wp-json\/wp\/v2\/product_tag?post=13135"}],"curies":[{"name":"wp","href":"https:\/\/api.w.org\/{rel}","templated":true}]}}