{"id":13160,"date":"2025-03-20T08:46:50","date_gmt":"2025-03-20T08:46:50","guid":{"rendered":"https:\/\/euro-clear.eu\/shop\/?post_type=product&#038;p=13160"},"modified":"2026-03-24T18:22:09","modified_gmt":"2026-03-24T18:22:09","slug":"bluesoft-520ce-vizlagyito-szuro","status":"publish","type":"product","link":"https:\/\/euro-clear.eu\/shop\/bluesoft-520ce-vizlagyito-szuro\/","title":{"rendered":"BlueSoft 520CE V\u00edzl\u00e1gy\u00edt\u00f3 sz\u0171r\u0151"},"content":{"rendered":"<h2>BlueSoft 520CE V\u00edzl\u00e1gy\u00edt\u00f3 sz\u0171r\u0151<\/h2>\n<p>4,5 liter mennyis\u00e9g\u0171 nagy tisztas\u00e1g\u00fa kation cser\u00e9l\u0151 m\u0171gyanta tartalm\u00fa berendez\u00e9s, amely v\u00edzl\u00e1gy\u00edt\u00e1shoz, ionmentes\u00edt\u00e9shez alkalmazhat\u00f3.<\/p>\n<p>Az elfert\u0151z\u0151d\u00e9s elker\u00fcl\u00e9se \u00e9rdek\u00e9ben a v\u00edzl\u00e1gy\u00edt\u00f3t biol\u00f3giailag el\u0151kezelt v\u00edzr\u0151l m\u0171k\u00f6dtesse.<\/p>\n<p>A v\u00edzl\u00e1gy\u00edt\u00f3 v\u00e9dtelen a magas vas-, mang\u00e1n-, k\u00e9ntartalommal valamint lebeg\u0151 szil\u00e1rd anyagokkal szemben, \u00edgy haszn\u00e1lata kiz\u00e1r\u00f3lag iv\u00f3v\u00edz min\u0151s\u00e9g\u0171 v\u00edzre enged\u00e9lyezett.<\/p>\n<p>A tart\u00e1ly anyaga nem m\u0171anyag, \u00edgy a t\u00f6ltet lemer\u00fcl\u00e9se eset\u00e9n sem kell kidobni. Fert\u0151tlen\u00edt\u00e9s\/tiszt\u00edt\u00e1s \u00e9s t\u00f6ltet csere ut\u00e1n \u00fajra haszn\u00e1lhat\u00f3, cs\u00f6kkentve a m\u0171anyag hullad\u00e9k keletkez\u00e9s\u00e9t \u00e9s az \u00f6kol\u00f3giai l\u00e1bnyomunkat.<\/p>\n<p><strong>Iv\u00f3v\u00edzbiztons\u00e1gi enged\u00e9ly sz\u00e1ma:<\/strong> NNGYK\/02292-4\/2024<\/p>\n","protected":false},"excerpt":{"rendered":"<p>4,5 liter mennyis\u00e9g\u0171 nagy tisztas\u00e1g\u00fa kation cser\u00e9l\u0151 m\u0171gyanta tartalm\u00fa berendez\u00e9s, amely v\u00edzl\u00e1gy\u00edt\u00e1shoz, ionmentes\u00edt\u00e9shez alkalmazhat\u00f3.<\/p>\n<p><strong>Gyanta t\u00f6ltet:<\/strong> 4,5 liter<\/p>\n<p><strong>Csatlakoz\u00e1s: <\/strong>3\/8&#8243;<\/p>\n<p><strong>T\u00e9rfogat\u00e1ram:<\/strong> 9 liter\/perc<\/p>\n<p><strong>Kapacit\u00e1s:<\/strong> 1800 liter (10 nk\u00b0)<\/p>\n","protected":false},"featured_media":13187,"template":"","meta":{"_acf_changed":false,"inline_featured_image":false},"product_brand":[],"product_cat":[221],"product_tag":[52],"class_list":{"0":"post-13160","1":"product","2":"type-product","3":"status-publish","4":"has-post-thumbnail","6":"product_cat-vizszuro-patronok","7":"product_tag-bluesoft","9":"first","10":"instock","11":"taxable","12":"shipping-taxable","13":"purchasable","14":"product-type-simple"},"group_of_quantity":0,"min_quantity":0,"max_quantity":"","exclude_order_quantity_value_rules":"no","exclude_category_quantity_rules":"no","combine_variations":"no","acf":[],"_links":{"self":[{"href":"https:\/\/euro-clear.eu\/shop\/wp-json\/wp\/v2\/product\/13160","targetHints":{"allow":["GET"]}}],"collection":[{"href":"https:\/\/euro-clear.eu\/shop\/wp-json\/wp\/v2\/product"}],"about":[{"href":"https:\/\/euro-clear.eu\/shop\/wp-json\/wp\/v2\/types\/product"}],"wp:featuredmedia":[{"embeddable":true,"href":"https:\/\/euro-clear.eu\/shop\/wp-json\/wp\/v2\/media\/13187"}],"wp:attachment":[{"href":"https:\/\/euro-clear.eu\/shop\/wp-json\/wp\/v2\/media?parent=13160"}],"wp:term":[{"taxonomy":"product_brand","embeddable":true,"href":"https:\/\/euro-clear.eu\/shop\/wp-json\/wp\/v2\/product_brand?post=13160"},{"taxonomy":"product_cat","embeddable":true,"href":"https:\/\/euro-clear.eu\/shop\/wp-json\/wp\/v2\/product_cat?post=13160"},{"taxonomy":"product_tag","embeddable":true,"href":"https:\/\/euro-clear.eu\/shop\/wp-json\/wp\/v2\/product_tag?post=13160"}],"curies":[{"name":"wp","href":"https:\/\/api.w.org\/{rel}","templated":true}]}}