{"id":13164,"date":"2025-03-20T10:32:40","date_gmt":"2025-03-20T10:32:40","guid":{"rendered":"https:\/\/euro-clear.eu\/shop\/?post_type=product&#038;p=13164"},"modified":"2026-03-24T18:22:12","modified_gmt":"2026-03-24T18:22:12","slug":"bluesoft-517fe-vastalanito-toltetu-szuropatron","status":"publish","type":"product","link":"https:\/\/euro-clear.eu\/shop\/bluesoft-517fe-vastalanito-toltetu-szuropatron\/","title":{"rendered":"BlueSoft 517FE Vastalan\u00edt\u00f3 t\u00f6ltet\u0171 sz\u0171r\u0151patron"},"content":{"rendered":"<h2>BlueSoft 517FE Vastalan\u00edt\u00f3 t\u00f6ltet\u0171 sz\u0171r\u0151patron<\/h2>\n<p>3,5 liter mennyis\u00e9g\u0171 PYROLOX\u00ae Advantage katalitikus sz\u0171r\u0151t\u00f6ltettel rendelkez\u0151 berendez\u00e9s. A PYROLOX\u00ae Advantage a vas-, mang\u00e1n \u00e9s hidrog\u00e9n-szulfid (k\u00e9n-hidrog\u00e9nt) hat\u00e9kony elt\u00e1vol\u00edt\u00e1s\u00e1ra kialak\u00edtott sz\u0171r\u0151anyag v\u00edzkezel\u00e9si elj\u00e1r\u00e1sokhoz. A sz\u0171r\u0151anyagok k\u00f6vetkez\u0151 gener\u00e1ci\u00f3j\u00e1nak k\u00e9pvisel\u0151jek\u00e9nt a PYROLOX\u00ae kimagasl\u00f3 teljes\u00edtm\u00e9nyt ny\u00fajt a kis fajs\u00faly\u00fa bevonatos sz\u0171r\u0151anyagok minden el\u0151ny\u00e9vel egy\u00fctt.<\/p>\n<p>A tart\u00e1ly anyaga nem m\u0171anyag, \u00edgy a t\u00f6ltet lemer\u00fcl\u00e9se eset\u00e9n sem kell kidobni. Fert\u0151tlen\u00edt\u00e9s\/tiszt\u00edt\u00e1s \u00e9s t\u00f6ltet csere ut\u00e1n \u00fajra haszn\u00e1lhat\u00f3, cs\u00f6kkentve a m\u0171anyag hullad\u00e9k keletkez\u00e9s\u00e9t \u00e9s az \u00f6kol\u00f3giai l\u00e1bnyomunkat.<\/p>\n<p><strong>Iv\u00f3v\u00edzbiztons\u00e1gi enged\u00e9ly sz\u00e1ma:<\/strong> 3411-4\/2020\/KTEF<\/p>\n","protected":false},"excerpt":{"rendered":"<p>3,5 liter mennyis\u00e9g\u0171 PYROLOX\u00ae Advantage katalitikus sz\u0171r\u0151t\u00f6ltettel rendelkez\u0151 berendez\u00e9s. A PYROLOX\u00ae Advantage vas-, mang\u00e1n \u00e9s hidrog\u00e9n-szulfid (k\u00e9n-hidrog\u00e9nt) hat\u00e9kony elt\u00e1vol\u00edt\u00e1s\u00e1ra kialak\u00edtott sz\u0171r\u0151anyag v\u00edzkezel\u00e9si elj\u00e1r\u00e1sokhoz. A sz\u0171r\u0151anyagok k\u00f6vetkez\u0151 gener\u00e1ci\u00f3j\u00e1nak k\u00e9pvisel\u0151jek\u00e9nt a PYROLOX\u00ae kimagasl\u00f3 teljes\u00edtm\u00e9nyt ny\u00fajt a kis fajs\u00faly\u00fa bevonatos sz\u0171r\u0151anyagok minden el\u0151ny\u00e9vel egy\u00fctt.<\/p>\n<p><strong>Gyanta t\u00f6ltet:<\/strong> 3,5 liter<\/p>\n<p><strong>Csatlakoz\u00e1s: <\/strong>3\/8&#8243;<\/p>\n<p><strong>T\u00e9rfogat\u00e1ram:<\/strong> 3 liter\/perc<\/p>\n<p><strong>Kapacit\u00e1s:<\/strong> 40 liter<\/p>\n","protected":false},"featured_media":13188,"template":"","meta":{"_acf_changed":false,"inline_featured_image":false},"product_brand":[],"product_cat":[221],"product_tag":[52],"class_list":{"0":"post-13164","1":"product","2":"type-product","3":"status-publish","4":"has-post-thumbnail","6":"product_cat-vizszuro-patronok","7":"product_tag-bluesoft","9":"first","10":"instock","11":"taxable","12":"shipping-taxable","13":"purchasable","14":"product-type-simple"},"group_of_quantity":0,"min_quantity":0,"max_quantity":"","exclude_order_quantity_value_rules":"no","exclude_category_quantity_rules":"no","combine_variations":"no","acf":[],"_links":{"self":[{"href":"https:\/\/euro-clear.eu\/shop\/wp-json\/wp\/v2\/product\/13164","targetHints":{"allow":["GET"]}}],"collection":[{"href":"https:\/\/euro-clear.eu\/shop\/wp-json\/wp\/v2\/product"}],"about":[{"href":"https:\/\/euro-clear.eu\/shop\/wp-json\/wp\/v2\/types\/product"}],"wp:featuredmedia":[{"embeddable":true,"href":"https:\/\/euro-clear.eu\/shop\/wp-json\/wp\/v2\/media\/13188"}],"wp:attachment":[{"href":"https:\/\/euro-clear.eu\/shop\/wp-json\/wp\/v2\/media?parent=13164"}],"wp:term":[{"taxonomy":"product_brand","embeddable":true,"href":"https:\/\/euro-clear.eu\/shop\/wp-json\/wp\/v2\/product_brand?post=13164"},{"taxonomy":"product_cat","embeddable":true,"href":"https:\/\/euro-clear.eu\/shop\/wp-json\/wp\/v2\/product_cat?post=13164"},{"taxonomy":"product_tag","embeddable":true,"href":"https:\/\/euro-clear.eu\/shop\/wp-json\/wp\/v2\/product_tag?post=13164"}],"curies":[{"name":"wp","href":"https:\/\/api.w.org\/{rel}","templated":true}]}}