{"id":13168,"date":"2025-03-20T14:47:06","date_gmt":"2025-03-20T14:47:06","guid":{"rendered":"https:\/\/euro-clear.eu\/shop\/?post_type=product&#038;p=13168"},"modified":"2026-03-24T18:22:20","modified_gmt":"2026-03-24T18:22:20","slug":"bluesoft-517at-aktiv-szen-toltetu-szuropatron","status":"publish","type":"product","link":"https:\/\/euro-clear.eu\/shop\/bluesoft-517at-aktiv-szen-toltetu-szuropatron\/","title":{"rendered":"BlueSoft 517AT Akt\u00edv sz\u00e9n t\u00f6ltet\u0171 sz\u0171r\u0151patron"},"content":{"rendered":"<h2>BlueSoft 517AT Akt\u00edv sz\u00e9n t\u00f6ltet\u0171 sz\u0171r\u0151patron<\/h2>\n<p><strong>3,5 liter mennyis\u00e9g\u0171 k\u00f3kuszdi\u00f3h\u00e9j alap\u00fa, szemcs\u00e9s szerkezet\u0171 akt\u00edvsz\u00e9n<\/strong>\u00a0(GAC=Granular Activated Carbon).<\/p>\n<p>F\u0151 feladata a kl\u00f3r \u00e9s vegy\u00fcleteinek kisz\u0171r\u00e9se, de emellett a szerves vegy\u00fcletek 98%-\u00e1t is elt\u00e1vol\u00edtja a v\u00edzb\u0151l. Elt\u00e1vol\u00edtja a szerves anyagokat, m\u00e9rgeket (pl. old\u00f3szereket, arom\u00e1s sz\u00e9nhidrog\u00e9neket, fenolt, benzolt, stb.), a vegyszeradagol\u00e1sos technol\u00f3gia ut\u00e1n megmarad\u00f3, a KOI boml\u00e1sa \u00e1ltal keletkezett halog\u00e9neket, trihalomet\u00e1nokat \u00e9s a trihaloetil\u00e9nt, valamint cs\u00f6kkenti a vastartalmat a v\u00edzben.<\/p>\n<p>Kisz\u0171ri az elsz\u00ednez\u0151d\u00e9st okoz\u00f3 lebeg\u0151anyagokat (pl. homok, iszap, rozsda), a kellemetlen szag- \u00e9s \u00edz anyagokat.<\/p>\n<p>A tart\u00e1ly anyaga nem m\u0171anyag, \u00edgy a t\u00f6ltet lemer\u00fcl\u00e9se eset\u00e9n sem kell kidobni. Fert\u0151tlen\u00edt\u00e9s\/tiszt\u00edt\u00e1s \u00e9s t\u00f6ltet csere ut\u00e1n \u00fajra haszn\u00e1lhat\u00f3, cs\u00f6kkentve a m\u0171anyag hullad\u00e9k keletkez\u00e9s\u00e9t \u00e9s az \u00f6kol\u00f3giai l\u00e1bnyomunkat.<\/p>\n<p><strong>Iv\u00f3v\u00edzbiztons\u00e1gi enged\u00e9ly sz\u00e1ma:<\/strong> 3410-4\/2020\/KTEF<\/p>\n","protected":false},"excerpt":{"rendered":"<p><strong>3,5 liter mennyis\u00e9g\u0171 k\u00f3kuszdi\u00f3h\u00e9j alap\u00fa, szemcs\u00e9s szerkezet\u0171 akt\u00edvsz\u00e9n<\/strong>\u00a0(GAC=Granular Activated Carbon).<\/p>\n<p>F\u0151 feladata a kl\u00f3r \u00e9s vegy\u00fcleteinek kisz\u0171r\u00e9se, valamint a szerves vegy\u00fcletek 98%-\u00e1t elt\u00e1vol\u00edtja a v\u00edzb\u0151l. Kisz\u0171ri az elsz\u00ednez\u0151d\u00e9st okoz\u00f3 lebeg\u0151anyagokat (pl. homok, iszap, rozsda), a kellemetlen szag- \u00e9s \u00edz anyagokat, \u00e9s cs\u00f6kkenti a vastartalmat a v\u00edzben.<\/p>\n<p><strong>Gyanta t\u00f6ltet:<\/strong> 3,5 liter<\/p>\n<p><strong>Csatlakoz\u00e1s: <\/strong>3\/8&#8243;<\/p>\n<p><strong>T\u00e9rfogat\u00e1ram:<\/strong> 3 liter\/perc<\/p>\n<p><strong>Kapacit\u00e1s:<\/strong> 8000 liter<\/p>\n","protected":false},"featured_media":13188,"template":"","meta":{"_acf_changed":false,"inline_featured_image":false},"product_brand":[],"product_cat":[221],"product_tag":[52],"class_list":{"0":"post-13168","1":"product","2":"type-product","3":"status-publish","4":"has-post-thumbnail","6":"product_cat-vizszuro-patronok","7":"product_tag-bluesoft","9":"first","10":"instock","11":"taxable","12":"shipping-taxable","13":"purchasable","14":"product-type-simple"},"group_of_quantity":0,"min_quantity":0,"max_quantity":"","exclude_order_quantity_value_rules":"no","exclude_category_quantity_rules":"no","combine_variations":"no","acf":[],"_links":{"self":[{"href":"https:\/\/euro-clear.eu\/shop\/wp-json\/wp\/v2\/product\/13168","targetHints":{"allow":["GET"]}}],"collection":[{"href":"https:\/\/euro-clear.eu\/shop\/wp-json\/wp\/v2\/product"}],"about":[{"href":"https:\/\/euro-clear.eu\/shop\/wp-json\/wp\/v2\/types\/product"}],"wp:featuredmedia":[{"embeddable":true,"href":"https:\/\/euro-clear.eu\/shop\/wp-json\/wp\/v2\/media\/13188"}],"wp:attachment":[{"href":"https:\/\/euro-clear.eu\/shop\/wp-json\/wp\/v2\/media?parent=13168"}],"wp:term":[{"taxonomy":"product_brand","embeddable":true,"href":"https:\/\/euro-clear.eu\/shop\/wp-json\/wp\/v2\/product_brand?post=13168"},{"taxonomy":"product_cat","embeddable":true,"href":"https:\/\/euro-clear.eu\/shop\/wp-json\/wp\/v2\/product_cat?post=13168"},{"taxonomy":"product_tag","embeddable":true,"href":"https:\/\/euro-clear.eu\/shop\/wp-json\/wp\/v2\/product_tag?post=13168"}],"curies":[{"name":"wp","href":"https:\/\/api.w.org\/{rel}","templated":true}]}}