{"id":13170,"date":"2025-03-20T15:18:08","date_gmt":"2025-03-20T15:18:08","guid":{"rendered":"https:\/\/euro-clear.eu\/shop\/?post_type=product&#038;p=13170"},"modified":"2026-03-24T18:24:33","modified_gmt":"2026-03-24T18:24:33","slug":"bluesoft-520ni-nitrat-mentesito-toltetu-szuropatron","status":"publish","type":"product","link":"https:\/\/euro-clear.eu\/shop\/bluesoft-520ni-nitrat-mentesito-toltetu-szuropatron\/","title":{"rendered":"BlueSoft 520NI Nitr\u00e1t mentes\u00edt\u0151 t\u00f6ltet\u0171 sz\u0171r\u0151patron"},"content":{"rendered":"<h2>BlueSoft 520NI Nitr\u00e1t mentes\u00edt\u0151 t\u00f6ltet\u0171 sz\u0171r\u0151patron<\/h2>\n<p>F\u00fart kutak eset\u00e9n gyakori probl\u00e9ma a k\u00fatv\u00edz magas nitr\u00e1ttartalma. A felsz\u00edn alatti vizek nitr\u00e1ttal az esetek nagy r\u00e9sz\u00e9ben az emberi tev\u00e9kenys\u00e9gek \u2013 m\u0171tr\u00e1gy\u00e1z\u00e1s, szennyv\u00edzszikkaszt\u00e1s, \u00e1llatteny\u00e9szt\u00e9s \u2013 k\u00f6vetkezt\u00e9ben szennyez\u0151dhetnek. A nitr\u00e1tos v\u00edz fogyaszt\u00e1sa igen vesz\u00e9lyes a csecsem\u0151k sz\u00e1m\u00e1ra, ugyanis a gyomorban nitritt\u00e9 alakul \u00e1t, mely a v\u00e9r oxig\u00e9nj\u00e9t kiszor\u00edtva \u00fan. \u201ek\u00e9kk\u00f3rt\u201d, oxig\u00e9nhi\u00e1nyos \u00e1llapotot okozhat, \u00e9s ak\u00e1r v\u00e9gzetes is lehet.<\/p>\n<p>A nitr\u00e1ttartalom nitr\u00e1tszelekt\u00edv gyantat\u00f6ltet\u0171 berendez\u00e9sek alkalmaz\u00e1s\u00e1val a hat\u00e1r\u00e9rt\u00e9k (50 mg\/l) al\u00e1 cs\u00f6kkenthet\u0151.<\/p>\n<p>A k\u00e9sz\u00fcl\u00e9kben l\u00e9v\u0151 4,5 liter mennyis\u00e9g\u0171 gyanta megk\u00f6ti a nitrit \u00e9s nitr\u00e1t ionokat \u00e9s n\u00e1trium ionokra cser\u00e9li.<\/p>\n<p>A tart\u00e1ly anyaga nem m\u0171anyag, \u00edgy a t\u00f6ltet lemer\u00fcl\u00e9se eset\u00e9n sem kell kidobni. Fert\u0151tlen\u00edt\u00e9s\/tiszt\u00edt\u00e1s \u00e9s t\u00f6ltet csere ut\u00e1n \u00fajra haszn\u00e1lhat\u00f3, cs\u00f6kkentve a m\u0171anyag hullad\u00e9k keletkez\u00e9s\u00e9t \u00e9s az \u00f6kol\u00f3giai l\u00e1bnyomunkat.<\/p>\n<h3>Nem iv\u00f3v\u00edz min\u0151s\u00edt\u00e9s\u0171 technol\u00f3giai v\u00edz, k\u00fatv\u00edz tiszt\u00edt\u00e1s\u00e1ra alkalmazhat\u00f3. A term\u00e9k nem rendelkezik iv\u00f3v\u00edz biztons\u00e1gi enged\u00e9llyel. A kezelt v\u00edz emberi felhaszn\u00e1l\u00e1sra nem alkalmas!<\/h3>\n","protected":false},"excerpt":{"rendered":"<p>4,5 liter mennyis\u00e9g\u0171 nitr\u00e1tszelekt\u00edv gyantat\u00f6ltet\u0171 berendez\u00e9s, amely alkalmaz\u00e1s\u00e1val a nitr\u00e1ttartalom hat\u00e1r\u00e9rt\u00e9k (50 mg\/l) al\u00e1 cs\u00f6kkenthet\u0151. A k\u00e9sz\u00fcl\u00e9kben l\u00e9v\u0151 gyanta megk\u00f6ti a nitrit \u00e9s nitr\u00e1t ionokat \u00e9s n\u00e1trium ionokra cser\u00e9li.<\/p>\n<h3>Nem iv\u00f3v\u00edz min\u0151s\u00edt\u00e9s\u0171 technol\u00f3giai v\u00edz, k\u00fatv\u00edz tiszt\u00edt\u00e1s\u00e1ra alkalmazhat\u00f3. A term\u00e9k nem rendelkezik iv\u00f3v\u00edz biztons\u00e1gi enged\u00e9llyel. A kezelt v\u00edz emberi felhaszn\u00e1l\u00e1sra nem alkalmas!<\/h3>\n<p><strong>Gyanta t\u00f6ltet:<\/strong> 4,5 liter<\/p>\n<p><strong>Csatlakoz\u00e1s: <\/strong>3\/8&#8243;<\/p>\n<p><strong>T\u00e9rfogat\u00e1ram:<\/strong> 2 liter\/perc<\/p>\n<p><strong>Kapacit\u00e1s:<\/strong> 1000 liter<\/p>\n","protected":false},"featured_media":13187,"template":"","meta":{"_acf_changed":false,"inline_featured_image":false},"product_brand":[],"product_cat":[221],"product_tag":[52],"class_list":{"0":"post-13170","1":"product","2":"type-product","3":"status-publish","4":"has-post-thumbnail","6":"product_cat-vizszuro-patronok","7":"product_tag-bluesoft","9":"first","10":"instock","11":"taxable","12":"shipping-taxable","13":"purchasable","14":"product-type-simple"},"group_of_quantity":0,"min_quantity":0,"max_quantity":"","exclude_order_quantity_value_rules":"no","exclude_category_quantity_rules":"no","combine_variations":"no","acf":[],"_links":{"self":[{"href":"https:\/\/euro-clear.eu\/shop\/wp-json\/wp\/v2\/product\/13170","targetHints":{"allow":["GET"]}}],"collection":[{"href":"https:\/\/euro-clear.eu\/shop\/wp-json\/wp\/v2\/product"}],"about":[{"href":"https:\/\/euro-clear.eu\/shop\/wp-json\/wp\/v2\/types\/product"}],"wp:featuredmedia":[{"embeddable":true,"href":"https:\/\/euro-clear.eu\/shop\/wp-json\/wp\/v2\/media\/13187"}],"wp:attachment":[{"href":"https:\/\/euro-clear.eu\/shop\/wp-json\/wp\/v2\/media?parent=13170"}],"wp:term":[{"taxonomy":"product_brand","embeddable":true,"href":"https:\/\/euro-clear.eu\/shop\/wp-json\/wp\/v2\/product_brand?post=13170"},{"taxonomy":"product_cat","embeddable":true,"href":"https:\/\/euro-clear.eu\/shop\/wp-json\/wp\/v2\/product_cat?post=13170"},{"taxonomy":"product_tag","embeddable":true,"href":"https:\/\/euro-clear.eu\/shop\/wp-json\/wp\/v2\/product_tag?post=13170"}],"curies":[{"name":"wp","href":"https:\/\/api.w.org\/{rel}","templated":true}]}}