{"id":13171,"date":"2025-03-20T15:23:05","date_gmt":"2025-03-20T15:23:05","guid":{"rendered":"https:\/\/euro-clear.eu\/shop\/?post_type=product&#038;p=13171"},"modified":"2026-03-24T18:24:35","modified_gmt":"2026-03-24T18:24:35","slug":"bluesoft-517as-arzenmentesito-toltetu-szuropatron","status":"publish","type":"product","link":"https:\/\/euro-clear.eu\/shop\/bluesoft-517as-arzenmentesito-toltetu-szuropatron\/","title":{"rendered":"BlueSoft 517AS Arz\u00e9nmentes\u00edt\u0151 t\u00f6ltet\u0171 sz\u0171r\u0151patron"},"content":{"rendered":"<h2>BlueSoft 517AS Arz\u00e9nmentes\u00edt\u0151 t\u00f6ltet\u0171 sz\u0171r\u0151patron<\/h2>\n<p>3,5 liter mennyis\u00e9g\u0171 EVERZIT\u00ae As t\u00f6ltet\u0171 arz\u00e9nmentes\u00edt\u0151 sz\u0171r\u0151patron. Az EVERZIT\u00ae As egy vas(III)-hidroxid-oxid alap\u00fa sz\u0171r\u0151anyag. Magas k\u00e9miai aktivit\u00e1s\u00e1nak k\u00f6sz\u00f6nhet\u0151en az EVERZIT\u00ae As ide\u00e1lis arz\u00e9n \u00e9s m\u00e1s neh\u00e9zf\u00e9mek adszorpci\u00f3j\u00e1ra.<\/p>\n<ul>\n<li>Arz\u00e9n adszorpci\u00f3ja a v\u00edz kezel\u00e9s\u00e9ben<\/li>\n<li>Talajv\u00edz kezel\u00e9se a szennyezett ter\u00fcletek k\u00e1rmentes\u00edt\u00e9s\u00e9ben<\/li>\n<li>Neh\u00e9zf\u00e9mekkel szennyezett ipari szennyvizek kezel\u00e9se<\/li>\n<\/ul>\n<p>A tart\u00e1ly anyaga nem m\u0171anyag, \u00edgy a t\u00f6ltet lemer\u00fcl\u00e9se eset\u00e9n sem kell kidobni. Fert\u0151tlen\u00edt\u00e9s\/tiszt\u00edt\u00e1s \u00e9s t\u00f6ltet csere ut\u00e1n \u00fajra haszn\u00e1lhat\u00f3, cs\u00f6kkentve a m\u0171anyag hullad\u00e9k keletkez\u00e9s\u00e9t \u00e9s az \u00f6kol\u00f3giai l\u00e1bnyomunkat.<\/p>\n<h3>Nem iv\u00f3v\u00edz min\u0151s\u00edt\u00e9s\u0171 technol\u00f3giai v\u00edz, k\u00fatv\u00edz tiszt\u00edt\u00e1s\u00e1ra alkalmazhat\u00f3. A term\u00e9k nem rendelkezik iv\u00f3v\u00edz biztons\u00e1gi enged\u00e9llyel. A kezelt v\u00edz emberi felhaszn\u00e1l\u00e1sra nem alkalmas!<\/h3>\n","protected":false},"excerpt":{"rendered":"<p>3,5 liter mennyis\u00e9g\u0171 EVERZIT\u00ae As t\u00f6ltet\u0171 arz\u00e9nmentes\u00edt\u0151 sz\u0171r\u0151patron. Az EVERZIT\u00ae As egy vas(III)-hidroxid-oxid alap\u00fa sz\u0171r\u0151anyag. Magas k\u00e9miai aktivit\u00e1s\u00e1nak k\u00f6sz\u00f6nhet\u0151en az EVERZIT\u00ae As ide\u00e1lis arz\u00e9n \u00e9s m\u00e1s neh\u00e9zf\u00e9mek adszorpci\u00f3j\u00e1ra.<\/p>\n<h3>Nem iv\u00f3v\u00edz min\u0151s\u00edt\u00e9s\u0171 technol\u00f3giai v\u00edz, k\u00fatv\u00edz tiszt\u00edt\u00e1s\u00e1ra alkalmazhat\u00f3. A term\u00e9k nem rendelkezik iv\u00f3v\u00edz biztons\u00e1gi enged\u00e9llyel. A kezelt v\u00edz emberi felhaszn\u00e1l\u00e1sra nem alkalmas!<\/h3>\n<p><strong>Gyanta t\u00f6ltet:<\/strong> 3,5 liter<\/p>\n<p><strong>Csatlakoz\u00e1s: <\/strong>3\/8&#8243;<\/p>\n<p><strong>T\u00e9rfogat\u00e1ram:<\/strong> 3 liter\/perc<\/p>\n<p><strong>Kapacit\u00e1s:<\/strong> 160 000 liter<\/p>\n","protected":false},"featured_media":13188,"template":"","meta":{"_acf_changed":false,"inline_featured_image":false},"product_brand":[],"product_cat":[221],"product_tag":[52],"class_list":{"0":"post-13171","1":"product","2":"type-product","3":"status-publish","4":"has-post-thumbnail","6":"product_cat-vizszuro-patronok","7":"product_tag-bluesoft","9":"first","10":"instock","11":"taxable","12":"shipping-taxable","13":"purchasable","14":"product-type-simple"},"group_of_quantity":0,"min_quantity":0,"max_quantity":"","exclude_order_quantity_value_rules":"no","exclude_category_quantity_rules":"no","combine_variations":"no","acf":[],"_links":{"self":[{"href":"https:\/\/euro-clear.eu\/shop\/wp-json\/wp\/v2\/product\/13171","targetHints":{"allow":["GET"]}}],"collection":[{"href":"https:\/\/euro-clear.eu\/shop\/wp-json\/wp\/v2\/product"}],"about":[{"href":"https:\/\/euro-clear.eu\/shop\/wp-json\/wp\/v2\/types\/product"}],"wp:featuredmedia":[{"embeddable":true,"href":"https:\/\/euro-clear.eu\/shop\/wp-json\/wp\/v2\/media\/13188"}],"wp:attachment":[{"href":"https:\/\/euro-clear.eu\/shop\/wp-json\/wp\/v2\/media?parent=13171"}],"wp:term":[{"taxonomy":"product_brand","embeddable":true,"href":"https:\/\/euro-clear.eu\/shop\/wp-json\/wp\/v2\/product_brand?post=13171"},{"taxonomy":"product_cat","embeddable":true,"href":"https:\/\/euro-clear.eu\/shop\/wp-json\/wp\/v2\/product_cat?post=13171"},{"taxonomy":"product_tag","embeddable":true,"href":"https:\/\/euro-clear.eu\/shop\/wp-json\/wp\/v2\/product_tag?post=13171"}],"curies":[{"name":"wp","href":"https:\/\/api.w.org\/{rel}","templated":true}]}}