{"id":13183,"date":"2025-03-21T11:13:08","date_gmt":"2025-03-21T11:13:08","guid":{"rendered":"https:\/\/euro-clear.eu\/shop\/?post_type=product&#038;p=13183"},"modified":"2026-03-24T18:24:41","modified_gmt":"2026-03-24T18:24:41","slug":"bluesoft-520mb-sotalanito-toltetu-szuropatron","status":"publish","type":"product","link":"https:\/\/euro-clear.eu\/shop\/bluesoft-520mb-sotalanito-toltetu-szuropatron\/","title":{"rendered":"BlueSoft 520MB S\u00f3talan\u00edt\u00f3 t\u00f6ltet\u0171 sz\u0171r\u0151patron"},"content":{"rendered":"<h2>BlueSoft 520MB S\u00f3talan\u00edt\u00f3 t\u00f6ltet\u0171 sz\u0171r\u0151patron<\/h2>\n<p><strong>\u2713<\/strong> 4,5 liter mennyis\u00e9g\u0171 s\u00f3talan\u00edt\u00f3 t\u00f6ltet\u0171 sz\u0171r\u0151patron, amely kation \u00e9s anion cser\u00e9l\u0151 tulajdons\u00e1gai r\u00e9v\u00e9n l\u00e1gy\u00edtja a vizet, valamint annak vezet\u0151k\u00e9pess\u00e9g\u00e9t cs\u00f6kkenti, mivel az ionosan k\u00f6thet\u0151 \u00e1sv\u00e1nyi anyagokat is kiveszi a v\u00edzb\u0151l.<\/p>\n<p><strong>\u2713<\/strong> Ford\u00edtott ozm\u00f3zisos elj\u00e1r\u00e1ssal sz\u0171rt v\u00edz tov\u00e1bbi ut\u00f3kezel\u00e9s\u00e9re, teljes s\u00f3talan\u00edt\u00e1s\u00e1ra is haszn\u00e1latos.<\/p>\n<p><strong>\u2713<\/strong> Akvarisztikai \u00e9s v\u00edzkezel\u00e9si c\u00e9lokra egyar\u00e1nt!<\/p>\n<p><strong>\u2713<\/strong> Autokl\u00e1v berendez\u00e9sek<\/p>\n<p>&nbsp;<\/p>\n<p>A v\u00edzben l\u00e9v\u0151 oldott s\u00f3k legt\u00f6bbsz\u00f6r nem okoznak gondot a v\u00edz felhaszn\u00e1l\u00e1sa sor\u00e1n, vannak azonban olyan alkalmaz\u00e1sok, amelyekn\u00e9l <strong>s\u00f3talan v\u00edz<\/strong>\u00a0el\u0151\u00e1ll\u00edt\u00e1sa v\u00e1lik sz\u00fcks\u00e9gess\u00e9.<br \/>\nA v\u00edzk\u0151kiv\u00e1l\u00e1s, l\u00fagosod\u00e1s, valamint a korr\u00f3zi\u00f3 miatt \u00e9s mert a v\u00edzben oldott s\u00f3k megv\u00e1ltoztatj\u00e1k egyes vegy\u00fcletek viselked\u00e9s\u00e9t, <strong>az al\u00e1bbi ter\u00fcleteken fontos, hogy teljesen s\u00f3talan vizet haszn\u00e1ljunk:<\/strong><\/p>\n<ul>\n<li>kaz\u00e1nrendszerekn\u00e9l<\/li>\n<li>gy\u00f3gyszeriparban<\/li>\n<li>\u00e9lelmiszeriparban<\/li>\n<li>\u00fcvegiparban<\/li>\n<li>gy\u00f3gyszeriparban<\/li>\n<li>poh\u00e1r-mosogat\u00f3g\u00e9pek<\/li>\n<li>laborat\u00f3riumi analitikai berendez\u00e9sek, stb.<\/li>\n<\/ul>\n<p>A tart\u00e1ly anyaga nem m\u0171anyag, \u00edgy a t\u00f6ltet lemer\u00fcl\u00e9se eset\u00e9n sem kell kidobni. Fert\u0151tlen\u00edt\u00e9s\/tiszt\u00edt\u00e1s \u00e9s t\u00f6ltet csere ut\u00e1n \u00fajra haszn\u00e1lhat\u00f3, cs\u00f6kkentve a m\u0171anyag hullad\u00e9k keletkez\u00e9s\u00e9t \u00e9s az \u00f6kol\u00f3giai l\u00e1bnyomunkat.<\/p>\n<h3>Nem iv\u00f3v\u00edz min\u0151s\u00edt\u00e9s\u0171 technol\u00f3giai v\u00edz, k\u00fatv\u00edz tiszt\u00edt\u00e1s\u00e1ra alkalmazhat\u00f3. A term\u00e9k nem rendelkezik iv\u00f3v\u00edz biztons\u00e1gi enged\u00e9llyel. A kezelt v\u00edz emberi felhaszn\u00e1l\u00e1sra nem alkalmas!<\/h3>\n","protected":false},"excerpt":{"rendered":"<p>4,5 liter mennyis\u00e9g\u0171 s\u00f3talan\u00edt\u00f3 t\u00f6ltet\u0171 sz\u0171r\u0151patron, amely kation \u00e9s anion cser\u00e9l\u0151 tulajdons\u00e1gai r\u00e9v\u00e9n l\u00e1gy\u00edtja a vizet, valamint annak vezet\u0151k\u00e9pess\u00e9g\u00e9t cs\u00f6kkenti, mivel az ionosan k\u00f6thet\u0151 \u00e1sv\u00e1nyi anyagokat is kiveszi a v\u00edzb\u0151l.<\/p>\n<h3>Nem iv\u00f3v\u00edz min\u0151s\u00edt\u00e9s\u0171 technol\u00f3giai v\u00edz, k\u00fatv\u00edz tiszt\u00edt\u00e1s\u00e1ra alkalmazhat\u00f3. A term\u00e9k nem rendelkezik iv\u00f3v\u00edz biztons\u00e1gi enged\u00e9llyel. A kezelt v\u00edz emberi felhaszn\u00e1l\u00e1sra nem alkalmas!<\/h3>\n<p><strong>Gyanta t\u00f6ltet:<\/strong> 4,5 liter<\/p>\n<p><strong>Csatlakoz\u00e1s: <\/strong>3\/8&#8243;<\/p>\n<p><strong>T\u00e9rfogat\u00e1ram:<\/strong> 5 liter\/perc<\/p>\n<p><strong>Kapacit\u00e1s:<\/strong> 320 liter<\/p>\n","protected":false},"featured_media":13187,"template":"","meta":{"_acf_changed":false,"inline_featured_image":false},"product_brand":[],"product_cat":[221],"product_tag":[52],"class_list":{"0":"post-13183","1":"product","2":"type-product","3":"status-publish","4":"has-post-thumbnail","6":"product_cat-vizszuro-patronok","7":"product_tag-bluesoft","9":"first","10":"instock","11":"taxable","12":"shipping-taxable","13":"purchasable","14":"product-type-simple"},"group_of_quantity":0,"min_quantity":0,"max_quantity":"","exclude_order_quantity_value_rules":"no","exclude_category_quantity_rules":"no","combine_variations":"no","acf":[],"_links":{"self":[{"href":"https:\/\/euro-clear.eu\/shop\/wp-json\/wp\/v2\/product\/13183","targetHints":{"allow":["GET"]}}],"collection":[{"href":"https:\/\/euro-clear.eu\/shop\/wp-json\/wp\/v2\/product"}],"about":[{"href":"https:\/\/euro-clear.eu\/shop\/wp-json\/wp\/v2\/types\/product"}],"wp:featuredmedia":[{"embeddable":true,"href":"https:\/\/euro-clear.eu\/shop\/wp-json\/wp\/v2\/media\/13187"}],"wp:attachment":[{"href":"https:\/\/euro-clear.eu\/shop\/wp-json\/wp\/v2\/media?parent=13183"}],"wp:term":[{"taxonomy":"product_brand","embeddable":true,"href":"https:\/\/euro-clear.eu\/shop\/wp-json\/wp\/v2\/product_brand?post=13183"},{"taxonomy":"product_cat","embeddable":true,"href":"https:\/\/euro-clear.eu\/shop\/wp-json\/wp\/v2\/product_cat?post=13183"},{"taxonomy":"product_tag","embeddable":true,"href":"https:\/\/euro-clear.eu\/shop\/wp-json\/wp\/v2\/product_tag?post=13183"}],"curies":[{"name":"wp","href":"https:\/\/api.w.org\/{rel}","templated":true}]}}