{"id":13185,"date":"2025-03-21T11:17:27","date_gmt":"2025-03-21T11:17:27","guid":{"rendered":"https:\/\/euro-clear.eu\/shop\/?post_type=product&#038;p=13185"},"modified":"2026-03-24T18:21:54","modified_gmt":"2026-03-24T18:21:54","slug":"bluesoft-517hf-mechanikai-eloszuro","status":"publish","type":"product","link":"https:\/\/euro-clear.eu\/shop\/bluesoft-517hf-mechanikai-eloszuro\/","title":{"rendered":"BlueSoft 517HF mechanikai el\u0151sz\u0171r\u0151"},"content":{"rendered":"<h2>BlueSoft 517HF mechanikai el\u0151sz\u0171r\u0151<\/h2>\n<p>5 mikrom\u00e9teres (\u00b5m) finoms\u00e1g\u00fa el\u0151sz\u0171r\u0151 a mechanikai szennyez\u0151d\u00e9sek elt\u00e1vol\u00edt\u00e1s\u00e1ra, PP sz\u0171r\u0151bet\u00e9ttel.<\/p>\n<p>Az \u00e1tfoly\u00f3 vizet haszn\u00e1l\u00f3 berendez\u00e9st, szerelv\u00e9nyt (pl. csaptelep) v\u00e9di a h\u00e1l\u00f3zatb\u00f3l \u00e9rkez\u0151 rozsd\u00e1t\u00f3l \u00e9s egy\u00e9b szennyez\u0151d\u00e9sekt\u0151l.<\/p>\n<p>A tart\u00e1ly anyaga nem m\u0171anyag, \u00edgy a PP sz\u0171r\u0151bet\u00e9t cser\u00e9jekor eset\u00e9n sem kell kidobni. Fert\u0151tlen\u00edt\u00e9s\/tiszt\u00edt\u00e1s \u00e9s t\u00f6ltet csere ut\u00e1n \u00fajra haszn\u00e1lhat\u00f3, cs\u00f6kkentve a m\u0171anyag hullad\u00e9k keletkez\u00e9s\u00e9t \u00e9s az \u00f6kol\u00f3giai l\u00e1bnyomunkat.<\/p>\n","protected":false},"excerpt":{"rendered":"<p>5 mikrom\u00e9teres (\u00b5m) finoms\u00e1g\u00fa el\u0151sz\u0171r\u0151 a mechanikai szennyez\u0151d\u00e9sek elt\u00e1vol\u00edt\u00e1s\u00e1ra, PP sz\u0171r\u0151bet\u00e9ttel. Az \u00e1tfoly\u00f3 vizet haszn\u00e1l\u00f3 berendez\u00e9st, szerelv\u00e9nyt (pl. csaptelep) v\u00e9di a h\u00e1l\u00f3zatb\u00f3l \u00e9rkez\u0151 rozsd\u00e1t\u00f3l \u00e9s egy\u00e9b szennyez\u0151d\u00e9sekt\u0151l.<\/p>\n<p><strong>Sz\u0171r\u00e9si finoms\u00e1g:<\/strong> 5 \u00b5m (mikron)<\/p>\n<p><strong>Csatlakoz\u00e1s:<\/strong> 3\/8\u2033<\/p>\n<p><strong>T\u00e9rfogat\u00e1ram:<\/strong> 3 liter\/perc<\/p>\n<p><strong>Kapacit\u00e1s:<\/strong> 2000 liter<\/p>\n","protected":false},"featured_media":13188,"template":"","meta":{"_acf_changed":false,"inline_featured_image":false},"product_brand":[],"product_cat":[221],"product_tag":[52],"class_list":{"0":"post-13185","1":"product","2":"type-product","3":"status-publish","4":"has-post-thumbnail","6":"product_cat-vizszuro-patronok","7":"product_tag-bluesoft","9":"first","10":"instock","11":"taxable","12":"shipping-taxable","13":"purchasable","14":"product-type-simple"},"group_of_quantity":0,"min_quantity":0,"max_quantity":"","exclude_order_quantity_value_rules":"no","exclude_category_quantity_rules":"no","combine_variations":"no","acf":[],"_links":{"self":[{"href":"https:\/\/euro-clear.eu\/shop\/wp-json\/wp\/v2\/product\/13185","targetHints":{"allow":["GET"]}}],"collection":[{"href":"https:\/\/euro-clear.eu\/shop\/wp-json\/wp\/v2\/product"}],"about":[{"href":"https:\/\/euro-clear.eu\/shop\/wp-json\/wp\/v2\/types\/product"}],"wp:featuredmedia":[{"embeddable":true,"href":"https:\/\/euro-clear.eu\/shop\/wp-json\/wp\/v2\/media\/13188"}],"wp:attachment":[{"href":"https:\/\/euro-clear.eu\/shop\/wp-json\/wp\/v2\/media?parent=13185"}],"wp:term":[{"taxonomy":"product_brand","embeddable":true,"href":"https:\/\/euro-clear.eu\/shop\/wp-json\/wp\/v2\/product_brand?post=13185"},{"taxonomy":"product_cat","embeddable":true,"href":"https:\/\/euro-clear.eu\/shop\/wp-json\/wp\/v2\/product_cat?post=13185"},{"taxonomy":"product_tag","embeddable":true,"href":"https:\/\/euro-clear.eu\/shop\/wp-json\/wp\/v2\/product_tag?post=13185"}],"curies":[{"name":"wp","href":"https:\/\/api.w.org\/{rel}","templated":true}]}}