{"id":14577,"date":"2026-02-26T11:46:43","date_gmt":"2026-02-26T11:46:43","guid":{"rendered":"https:\/\/euro-clear.eu\/shop\/?post_type=product&#038;p=14577"},"modified":"2026-03-24T18:20:32","modified_gmt":"2026-03-24T18:20:32","slug":"saltech-regeneralo-so-tabletta-25-kg-os-zsakos-kiszereles","status":"publish","type":"product","link":"https:\/\/euro-clear.eu\/shop\/saltech-regeneralo-so-tabletta-25-kg-os-zsakos-kiszereles\/","title":{"rendered":"Saltech regener\u00e1l\u00f3 s\u00f3 tabletta \u2013 25 kg-os zs\u00e1kos kiszerel\u00e9s"},"content":{"rendered":"<p><strong>Saltech regener\u00e1l\u00f3 s\u00f3 tabletta \u2013 25 kg-os zs\u00e1kos kiszerel\u00e9s<\/strong><\/p>\n<p><strong>\u00a0<\/strong><\/p>\n<p><strong>Megb\u00edzhat\u00f3 megold\u00e1s v\u00edzl\u00e1gy\u00edt\u00f3k hat\u00e9kony regener\u00e1l\u00e1s\u00e1hoz.<\/strong><\/p>\n<p>A <strong>Saltech regener\u00e1l\u00f3 s\u00f3 tabletta<\/strong>\u00a0kiv\u00e1l\u00f3 min\u0151s\u00e9g\u0171, nagy tisztas\u00e1g\u00fa n\u00e1trium-kloridb\u00f3l k\u00e9sz\u00fcl, kifejezetten <strong>ioncser\u00e9l\u0151s v\u00edzl\u00e1gy\u00edt\u00f3 berendez\u00e9sek<\/strong>\u00a0regener\u00e1l\u00e1s\u00e1hoz. Egyenletes old\u00f3d\u00e1sa \u00e9s alacsony szennyez\u0151anyag-tartalma biztos\u00edtja a v\u00edzl\u00e1gy\u00edt\u00f3 rendszer <strong>hossz\u00fa \u00e9lettartam\u00e1t, stabil m\u0171k\u00f6d\u00e9s\u00e9t \u00e9s maxim\u00e1lis hat\u00e9konys\u00e1g\u00e1t<\/strong>.<\/p>\n<p>&nbsp;<\/p>\n<p><strong>Mi\u00e9rt a Saltech regener\u00e1l\u00f3 s\u00f3 tabletta?<\/strong><\/p>\n<ul>\n<li><strong>Nagy tisztas\u00e1g (&gt;99,8% NaCl)<\/strong>\u00a0\u2013 minim\u00e1lis oldhatatlan marad\u00e9k<\/li>\n<li><strong>Tablett\u00e1zott kivitel<\/strong>\u00a0\u2013 egyenletes old\u00f3d\u00e1s, nem t\u00f6m\u00f6r\u00f6dik \u00f6ssze<\/li>\n<li><strong>Megb\u00edzhat\u00f3 regener\u00e1l\u00e1s<\/strong>\u00a0\u2013 \u00e1lland\u00f3 v\u00edzmin\u0151s\u00e9g, optim\u00e1lis gyantav\u00e9delem<\/li>\n<li><strong>Berendez\u00e9sk\u00edm\u00e9l\u0151<\/strong>\u00a0\u2013 cs\u00f6kkenti a lerak\u00f3d\u00e1sok \u00e9s elt\u00f6m\u0151d\u00e9sek kock\u00e1zat\u00e1t<\/li>\n<li><strong>Univerz\u00e1lis felhaszn\u00e1l\u00e1s<\/strong> \u2013 minden szabv\u00e1nyos v\u00edzl\u00e1gy\u00edt\u00f3hoz alkalmas<strong>\u00a0<\/strong><\/li>\n<\/ul>\n<p>&nbsp;<\/p>\n<p><strong>Felhaszn\u00e1l\u00e1si ter\u00fcletek:<\/strong><\/p>\n<ul>\n<li>Lakoss\u00e1gi v\u00edzl\u00e1gy\u00edt\u00f3 rendszerek<\/li>\n<li>Ipari \u00e9s int\u00e9zm\u00e9nyi v\u00edzkezel\u0151 berendez\u00e9sek<\/li>\n<li>Sz\u00e1llod\u00e1k, \u00e9ttermek, mosod\u00e1k<\/li>\n<li>Mez\u0151gazdas\u00e1gi \u00e9s \u00e1llattart\u00f3 telepek<\/li>\n<li>Technol\u00f3giai \u00e9s iv\u00f3v\u00edz-el\u0151k\u00e9sz\u00edt\u00e9s<\/li>\n<\/ul>\n<p><strong>\u00a0<\/strong><\/p>\n<p><strong>Term\u00e9kjellemz\u0151k:<\/strong><\/p>\n<ul>\n<li><strong>M\u00e1rka:<\/strong>\u00a0Saltech<\/li>\n<li><strong>Term\u00e9kt\u00edpus:<\/strong>\u00a0Regener\u00e1l\u00f3 s\u00f3 tabletta<\/li>\n<li><strong>Kiszerel\u00e9s:<\/strong>\u00a025 kg \/ zs\u00e1k<\/li>\n<li><strong>Forma:<\/strong>\u00a0Pr\u00e9selt tabletta<\/li>\n<li><strong>\u00d6sszet\u00e9tel:<\/strong>\u00a0Nagy tisztas\u00e1g\u00fa n\u00e1trium-klorid<\/li>\n<li><strong>Kompatibilit\u00e1s:<\/strong>\u00a0Minden ioncser\u00e9l\u0151s v\u00edzl\u00e1gy\u00edt\u00f3 berendez\u00e9ssel<\/li>\n<\/ul>\n<p><strong>\u00a0<\/strong><\/p>\n<p><strong>El\u0151ny\u00f6k a gyakorlatban:<\/strong><\/p>\n<p>A Saltech regener\u00e1l\u00f3 s\u00f3 tabletta haszn\u00e1lat\u00e1val:<\/p>\n<ul>\n<li>n\u0151 a v\u00edzl\u00e1gy\u00edt\u00f3 hat\u00e1sfoka*<\/li>\n<li>cs\u00f6kken a karbantart\u00e1si ig\u00e9ny<\/li>\n<li>meghosszabbodik a gyanta \u00e9s a berendez\u00e9s \u00e9lettartama<\/li>\n<li>egyenletes, stabil v\u00edzmin\u0151s\u00e9g \u00e9rhet\u0151 el hossz\u00fa t\u00e1von<\/li>\n<\/ul>\n<p><strong>\u00a0<\/strong><\/p>\n<p><strong>Gazdas\u00e1gos \u00e9s megb\u00edzhat\u00f3 v\u00e1laszt\u00e1s.<\/strong><\/p>\n<p>A 25 kg-os kiszerel\u00e9s ide\u00e1lis <strong>folyamatos \u00fczemeltet\u00e9shez<\/strong>, legyen sz\u00f3 h\u00e1ztart\u00e1si vagy ipari alkalmaz\u00e1sr\u00f3l. A Saltech min\u0151s\u00e9g garant\u00e1lja a <strong>biztons\u00e1gos, kisz\u00e1m\u00edthat\u00f3 \u00e9s hat\u00e9kony regener\u00e1l\u00e1st<\/strong>.<\/p>\n<p>&nbsp;<\/p>\n<p><strong>Haszn\u00e1lati javaslat:<\/strong><\/p>\n<ol>\n<li>T\u00f6ltse fel a v\u00edzl\u00e1gy\u00edt\u00f3 s\u00f3tart\u00e1ly\u00e1t Saltech s\u00f3tablett\u00e1val.<\/li>\n<li>\u00dcgyeljen arra, hogy mindig elegend\u0151 mennyis\u00e9g \u00e1lljon rendelkez\u00e9sre.<\/li>\n<li>Rendszeresen ellen\u0151rizze a s\u00f3szintet az optim\u00e1lis m\u0171k\u00f6d\u00e9s \u00e9rdek\u00e9ben.<\/li>\n<\/ol>\n","protected":false},"excerpt":{"rendered":"<p>A Saltech regener\u00e1l\u00f3 s\u00f3 tabletta haszn\u00e1lat\u00e1val:<\/p>\n<ul>\n<li>n\u0151 a v\u00edzl\u00e1gy\u00edt\u00f3 hat\u00e1sfoka*<\/li>\n<li>cs\u00f6kken a karbantart\u00e1si ig\u00e9ny<\/li>\n<li>meghosszabbodik a gyanta \u00e9s a berendez\u00e9s \u00e9lettartama<\/li>\n<li>egyenletes, stabil v\u00edzmin\u0151s\u00e9g \u00e9rhet\u0151 el hossz\u00fa t\u00e1von<\/li>\n<\/ul>\n<p>A 25 kg-os kiszerel\u00e9s ide\u00e1lis <strong>folyamatos \u00fczemeltet\u00e9shez<\/strong>, legyen sz\u00f3 h\u00e1ztart\u00e1si vagy ipari alkalmaz\u00e1sr\u00f3l. A Saltech min\u0151s\u00e9g garant\u00e1lja a <strong>biztons\u00e1gos, kisz\u00e1m\u00edthat\u00f3 \u00e9s hat\u00e9kony regener\u00e1l\u00e1st<\/strong>.<\/p>\n","protected":false},"featured_media":14578,"template":"","meta":{"_acf_changed":false,"inline_featured_image":false},"product_brand":[],"product_cat":[47],"product_tag":[75,72,74,73],"class_list":{"0":"post-14577","1":"product","2":"type-product","3":"status-publish","4":"has-post-thumbnail","6":"product_cat-kiegeszitok","7":"product_tag-nemet-kemenyseg","8":"product_tag-okt-1","9":"product_tag-teszter","10":"product_tag-vizkemenyseg","11":"product_shipping_class-regeneralo-so-tabletta","13":"first","14":"instock","15":"taxable","16":"shipping-taxable","17":"purchasable","18":"product-type-simple"},"group_of_quantity":0,"min_quantity":1,"max_quantity":1,"exclude_order_quantity_value_rules":"no","exclude_category_quantity_rules":"no","combine_variations":"no","acf":[],"_links":{"self":[{"href":"https:\/\/euro-clear.eu\/shop\/wp-json\/wp\/v2\/product\/14577","targetHints":{"allow":["GET"]}}],"collection":[{"href":"https:\/\/euro-clear.eu\/shop\/wp-json\/wp\/v2\/product"}],"about":[{"href":"https:\/\/euro-clear.eu\/shop\/wp-json\/wp\/v2\/types\/product"}],"wp:featuredmedia":[{"embeddable":true,"href":"https:\/\/euro-clear.eu\/shop\/wp-json\/wp\/v2\/media\/14578"}],"wp:attachment":[{"href":"https:\/\/euro-clear.eu\/shop\/wp-json\/wp\/v2\/media?parent=14577"}],"wp:term":[{"taxonomy":"product_brand","embeddable":true,"href":"https:\/\/euro-clear.eu\/shop\/wp-json\/wp\/v2\/product_brand?post=14577"},{"taxonomy":"product_cat","embeddable":true,"href":"https:\/\/euro-clear.eu\/shop\/wp-json\/wp\/v2\/product_cat?post=14577"},{"taxonomy":"product_tag","embeddable":true,"href":"https:\/\/euro-clear.eu\/shop\/wp-json\/wp\/v2\/product_tag?post=14577"}],"curies":[{"name":"wp","href":"https:\/\/api.w.org\/{rel}","templated":true}]}}