{"id":4016,"date":"2021-11-08T10:15:00","date_gmt":"2021-11-08T10:15:00","guid":{"rendered":"https:\/\/shop.euro-clear.eu\/?post_type=product&#038;p=4016"},"modified":"2026-03-24T18:21:49","modified_gmt":"2026-03-24T18:21:49","slug":"dfa-34m-eloszuro","status":"publish","type":"product","link":"https:\/\/euro-clear.eu\/shop\/dfa-34m-eloszuro\/","title":{"rendered":"DFA-34M el\u0151sz\u0171r\u0151"},"content":{"rendered":"<h2>DFA-34M el\u0151sz\u0171r\u0151<\/h2>\n<p>Manu\u00e1lis mechanikai el\u0151sz\u0171r\u0151ink ide\u00e1lisak lakoss\u00e1gi v\u00edzzel m\u0171k\u00f6d\u0151 berendez\u00e9sek v\u00e9delm\u00e9re, mint p\u00e9ld\u00e1ul padl\u00f3f\u0171t\u00e9si rendszerek, v\u00edzl\u00e1gy\u00edt\u00f3 berendez\u00e9sek.<\/p>\n<h2>DFA manu\u00e1lis el\u0151sz\u0171r\u0151k el\u0151nyei<\/h2>\n<p><strong>\u2713 DFA-34M v\u00edzsz\u0171r\u0151<\/strong> manu\u00e1lis visszamosat\u00e1ssal \u2013 Amennyiben nem k\u00edv\u00e1n foglalkozni a sz\u0171r\u0151 tiszt\u00edt\u00e1s\u00e1val, akkor ezt a modellt aj\u00e1nljuk.<\/p>\n<p><strong>\u2713 <\/strong>A k\u00e9zi kar elford\u00edt\u00e1s\u00e1val egyszer\u0171en elv\u00e9gezhet\u0151 a <strong>hat\u00e9kony visszamosat\u00e1s<\/strong>.<\/p>\n<p><strong>\u2713 <\/strong>Menetes csatlakoz\u00f3ja <strong>360\u00b0-ban elforgathat\u00f3<\/strong>, \u00edgy k\u00fcl\u00f6nb\u00f6z\u0151 poz\u00edci\u00f3kba is be\u00e9p\u00edthet\u0151.<\/p>\n<p><strong>\u2713 <\/strong>A<strong> be\u00e9p\u00edtett visszacsap\u00f3 szelep <\/strong>megakad\u00e1lyozza a folyad\u00e9k vissza\u00e1raml\u00e1s\u00e1t.<\/p>\n<p><strong>\u2713 A v\u00edzl\u00e1gy\u00edt\u00f3 garanci\u00e1j\u00e1nak felt\u00e9tele a max. 50 mikron finoms\u00e1g\u00fa v\u00edzsz\u0171r\u0151 telep\u00edt\u00e9se.<\/strong> Nemcsak a v\u00edzl\u00e1gy\u00edt\u00f3t, de az \u00f6sszes vizet haszn\u00e1l\u00f3 berendez\u00e9st, szerelv\u00e9nyt (pl. csaptelep) v\u00e9di a h\u00e1l\u00f3zatb\u00f3l \u00e9rkez\u0151 rozsd\u00e1t\u00f3l \u00e9s egy\u00e9b szennyez\u0151d\u00e9sekt\u0151l. A berendez\u00e9st a v\u00edz\u00f3ra \u00e9s a v\u00edzl\u00e1gy\u00edt\u00f3 k\u00f6z\u00e9 b\u00e1rhova be\u00e9p\u00edthet\u0151.<\/p>\n<p><strong>\u2713 <\/strong>Sz\u0171r\u00e9si finoms\u00e1g: 50 mikron.<\/p>\n","protected":false},"excerpt":{"rendered":"<p>Manu\u00e1lis mechanikai el\u0151sz\u0171r\u0151ink ide\u00e1lisak lakoss\u00e1gi v\u00edzzel m\u0171k\u00f6d\u0151 berendez\u00e9sek v\u00e9delm\u00e9re, mint p\u00e9ld\u00e1ul padl\u00f3f\u0171t\u00e9si rendszerek, v\u00edzl\u00e1gy\u00edt\u00f3 berendez\u00e9sek.<\/p>\n<p><strong>Csatlakoz\u00e1si m\u00e9ret:<\/strong> \u00be\u201d<br \/>\n<strong>Teljes\u00edtm\u00e9ny:<\/strong> 1.5 m\u00b3\/h<br \/>\n<strong>Sz\u0171r\u00e9si finoms\u00e1g:<\/strong> 50 \u00b5m (mikron)<\/p>\n","protected":false},"featured_media":8353,"template":"","meta":{"_acf_changed":false,"inline_featured_image":false},"product_brand":[],"product_cat":[26,28],"product_tag":[182,79],"class_list":{"0":"post-4016","1":"product","2":"type-product","3":"status-publish","4":"has-post-thumbnail","6":"product_cat-eloszurok","7":"product_cat-dfa-tipusu-eloszurok","8":"product_tag-dfa-34m","9":"product_tag-eloszuro","11":"first","12":"instock","13":"taxable","14":"shipping-taxable","15":"purchasable","16":"product-type-simple"},"group_of_quantity":0,"min_quantity":0,"max_quantity":"","exclude_order_quantity_value_rules":"no","exclude_category_quantity_rules":"no","combine_variations":"no","acf":[],"_links":{"self":[{"href":"https:\/\/euro-clear.eu\/shop\/wp-json\/wp\/v2\/product\/4016","targetHints":{"allow":["GET"]}}],"collection":[{"href":"https:\/\/euro-clear.eu\/shop\/wp-json\/wp\/v2\/product"}],"about":[{"href":"https:\/\/euro-clear.eu\/shop\/wp-json\/wp\/v2\/types\/product"}],"wp:featuredmedia":[{"embeddable":true,"href":"https:\/\/euro-clear.eu\/shop\/wp-json\/wp\/v2\/media\/8353"}],"wp:attachment":[{"href":"https:\/\/euro-clear.eu\/shop\/wp-json\/wp\/v2\/media?parent=4016"}],"wp:term":[{"taxonomy":"product_brand","embeddable":true,"href":"https:\/\/euro-clear.eu\/shop\/wp-json\/wp\/v2\/product_brand?post=4016"},{"taxonomy":"product_cat","embeddable":true,"href":"https:\/\/euro-clear.eu\/shop\/wp-json\/wp\/v2\/product_cat?post=4016"},{"taxonomy":"product_tag","embeddable":true,"href":"https:\/\/euro-clear.eu\/shop\/wp-json\/wp\/v2\/product_tag?post=4016"}],"curies":[{"name":"wp","href":"https:\/\/api.w.org\/{rel}","templated":true}]}}