{"id":6608,"date":"2022-08-05T09:29:19","date_gmt":"2022-08-05T09:29:19","guid":{"rendered":"https:\/\/euro-clear.eu\/shop\/?post_type=product&#038;p=6608"},"modified":"2026-03-24T18:13:27","modified_gmt":"2026-03-24T18:13:27","slug":"bluesoft-aktivszen-toltetu-berendezes","status":"publish","type":"product","link":"https:\/\/euro-clear.eu\/shop\/bluesoft-aktivszen-toltetu-berendezes\/","title":{"rendered":"BlueSoft AT Id\u0151vez\u00e9relt akt\u00edvsz\u00e9n sz\u0171r\u0151"},"content":{"rendered":"<h2>Id\u0151vez\u00e9relt akt\u00edvsz\u00e9n sz\u0171r\u0151<\/h2>\n<p>Az akt\u00edvsz\u00e9n-sz\u0171r\u0151 berendez\u00e9s lehet ak\u00e1r bet\u00e9tes sz\u0171r\u0151 is, de az iparban \u00e1ltal\u00e1ban, a multim\u00e9di\u00e1s kavicssz\u0171r\u0151h\u00f6z hasonl\u00f3an, tart\u00e1lyos megold\u00e1st alkalmazunk. Ez egy olyan sz\u0171r\u00e9si m\u00f3dszer, ahol a berendez\u00e9s m\u0171k\u00f6d\u00e9s\u00e9nek alapj\u00e1t (szennyez\u0151d\u00e9sek elt\u00e1vol\u00edt\u00e1sa adszorpci\u00f3 seg\u00edts\u00e9g\u00e9vel) az akt\u00edvsz\u00e9n, mint sz\u0171r\u0151t\u00f6ltet biztos\u00edtja a t\u00f6ltet\u00e1gyon.<\/p>\n<p>A szemcs\u00e9s akt\u00edvszenet (GAC) \u00e1ltal\u00e1nosan haszn\u00e1lj\u00e1k szerves anyagok \u00e9s fert\u0151tlen\u00edt\u0151 szerek maradv\u00e1nyainak elt\u00e1vol\u00edt\u00e1s\u00e1ra. A sz\u0171r\u0151t\u00f6ltet jav\u00edtja az \u00edzt \u00e9s minimaliz\u00e1lja az eg\u00e9szs\u00e9g\u00fcgyi kock\u00e1zatokat is; megv\u00e9di az egy\u00e9b v\u00edzkezel\u0151 berendez\u00e9sek komponenseit is, p\u00e9ld\u00e1ul a ford\u00edtott ozm\u00f3zis membr\u00e1nokat \u00e9s az ioncser\u00e9l\u0151 gyant\u00e1t az oxid\u00e1ci\u00f3 vagy szervesanyagok okozta esetleges k\u00e1rosod\u00e1sokt\u00f3l.<\/p>\n<p><strong>Az akt\u00edvsz\u00e9n fontosabb \u00fczemi felt\u00e9telei:<\/strong><\/p>\n<table>\n<tbody>\n<tr>\n<td>\u00c1tfoly\u00e1s:<\/td>\n<td>10-20 m\/h<\/td>\n<\/tr>\n<tr>\n<td>Mosat\u00e1si t\u00e9rfogat\u00e1ram:<\/td>\n<td>22-28 cm<\/td>\n<\/tr>\n<tr>\n<td>\u00c1gymagass\u00e1g:<\/td>\n<td>900 \u2013 1000 mm<\/td>\n<\/tr>\n<\/tbody>\n<\/table>\n","protected":false},"excerpt":{"rendered":"<p><strong>A term\u00e9k csomagol\u00e1si saj\u00e1toss\u00e1g\u00e1b\u00f3l ad\u00f3d\u00f3lag a berendez\u00e9st csak egy az \u00d6n \u00e1ltal kiv\u00e1lasztott \u00e1tv\u00e9teli pontra tudjuk kisz\u00e1ll\u00edtani!<\/strong><\/p>\n<p>A akt\u00edvsz\u00e9n sz\u0171r\u0151 berendez\u00e9s egy kiv\u00e1l\u00f3 min\u0151s\u00e9g\u0171 speci\u00e1lis akt\u00edv sz\u00e9n adszorber anyaggal t\u00f6lt\u00f6tt oszlop, mely a kezelend\u0151 v\u00edzben l\u00e9v\u0151 kl\u00f3rt, nemk\u00edv\u00e1natos kl\u00f3rvegy\u00fcleteket \u00e9s kl\u00f3roz\u00e1s mell\u00e9kterm\u00e9keit, szerves anyagokat a fel\u00fclet\u00e9n visszatartja.<\/p>\n<p><strong>A berendez\u00e9s felt\u00fcntetett \u00e1r\u00e1nak nem r\u00e9sze a be\u00fczemel\u00e9s k\u00f6lts\u00e9ge! A megfelel\u0151 be\u00fczemel\u00e9st elv\u00e9gz\u0151 partner ir\u00e1nt k\u00e9rem \u00e9rdekl\u0151dj\u00f6n \u00fcgyf\u00e9lszolg\u00e1latunk el\u00e9rhet\u0151s\u00e9gein!<\/strong><\/p>\n<p><strong>Cikksz\u00e1m: <\/strong> BS-1054AT\/67<br \/>\n<strong>Vez\u00e9rl\u0151fej:<\/strong> RX-67C\/DTF<br \/>\n<strong>Csatlakoz\u00e1s:<\/strong> 1&#8243;<br \/>\n<strong>Akt\u00edv sz\u00e9n t\u00f6ltet:<\/strong> 45 liter<\/p>\n","protected":false},"featured_media":6807,"template":"","meta":{"_acf_changed":false,"inline_featured_image":false},"product_brand":[],"product_cat":[51,49],"product_tag":[53,52],"class_list":{"0":"post-6608","1":"product","2":"type-product","3":"status-publish","4":"has-post-thumbnail","6":"product_cat-aktivszen-toltetu-berendezesek","7":"product_cat-kutviz-tisztitasa","8":"product_tag-aktivszen","9":"product_tag-bluesoft","11":"first","12":"instock","13":"taxable","14":"shipping-taxable","15":"purchasable","16":"product-type-simple"},"group_of_quantity":0,"min_quantity":0,"max_quantity":"","exclude_order_quantity_value_rules":"no","exclude_category_quantity_rules":"no","combine_variations":"no","acf":[],"_links":{"self":[{"href":"https:\/\/euro-clear.eu\/shop\/wp-json\/wp\/v2\/product\/6608","targetHints":{"allow":["GET"]}}],"collection":[{"href":"https:\/\/euro-clear.eu\/shop\/wp-json\/wp\/v2\/product"}],"about":[{"href":"https:\/\/euro-clear.eu\/shop\/wp-json\/wp\/v2\/types\/product"}],"wp:featuredmedia":[{"embeddable":true,"href":"https:\/\/euro-clear.eu\/shop\/wp-json\/wp\/v2\/media\/6807"}],"wp:attachment":[{"href":"https:\/\/euro-clear.eu\/shop\/wp-json\/wp\/v2\/media?parent=6608"}],"wp:term":[{"taxonomy":"product_brand","embeddable":true,"href":"https:\/\/euro-clear.eu\/shop\/wp-json\/wp\/v2\/product_brand?post=6608"},{"taxonomy":"product_cat","embeddable":true,"href":"https:\/\/euro-clear.eu\/shop\/wp-json\/wp\/v2\/product_cat?post=6608"},{"taxonomy":"product_tag","embeddable":true,"href":"https:\/\/euro-clear.eu\/shop\/wp-json\/wp\/v2\/product_tag?post=6608"}],"curies":[{"name":"wp","href":"https:\/\/api.w.org\/{rel}","templated":true}]}}