{"id":7017,"date":"2022-12-13T07:47:15","date_gmt":"2022-12-13T07:47:15","guid":{"rendered":"https:\/\/euro-clear.eu\/shop\/?post_type=product&#038;p=7017"},"modified":"2026-03-24T18:12:19","modified_gmt":"2026-03-24T18:12:19","slug":"bluesoft-e70-vr1-vizlagyito-berendezes","status":"publish","type":"product","link":"https:\/\/euro-clear.eu\/shop\/bluesoft-e70-vr1-vizlagyito-berendezes\/","title":{"rendered":"BlueSoft E70\/VR1 v\u00edzl\u00e1gy\u00edt\u00f3 berendez\u00e9s"},"content":{"rendered":"<h2>BlueSoft E70\/VR1 v\u00edzl\u00e1gy\u00edt\u00f3 berendez\u00e9s<\/h2>\n<p><strong>A BlueSoft E sz\u00e9ria<\/strong> az egyik legmegb\u00edzhat\u00f3bb v\u00edzl\u00e1gy\u00edt\u00f3 csal\u00e1d a piacon.<\/p>\n<p>Mennyis\u00e9g- \u00e9s id\u0151vez\u00e9relt v\u00edzl\u00e1gy\u00edt\u00f3 csak akkor regener\u00e1l ha val\u00f3ban sz\u00fcks\u00e9ges!<\/p>\n<p>Intelligens kommunik\u00e1ci\u00f3s vez\u00e9rl\u0151fejjel ker\u00fclnek \u00f6sszeszerel\u00e9sre.<\/p>\n<p>A mai modern csal\u00e1di h\u00e1zak jellemz\u0151en t\u00f6bb csapol\u00f3 hellyel rendelkeznek, \u00edgy berendez\u00e9s\u00fcnket a nagyobb \u00e1tfoly\u00e1st biztos\u00edt\u00f3 1&#8243; vez\u00e9rl\u0151fejjel is tudjuk install\u00e1lni. Az 1&#8243;-os csatlakoz\u00e1s nagyobb \u00e1tfoly\u00e1st \u00e9s kisebb nyom\u00e1ses\u00e9st biztos\u00edt. Fejzuhany, k\u00e9t f\u00fcrd\u0151szoba vagy legal\u00e1bb 6 v\u00edzelv\u00e9teli hely eset\u00e9n javasolt az 1&#8243;-os csatlakoz\u00e1s.<\/p>\n<p>A berendez\u00e9s kiv\u00e1laszt\u00e1s\u00e1nak egyik legfontosabb szempontja a v\u00edzkem\u00e9nys\u00e9g \u00e9s a havi v\u00edzfogyaszt\u00e1s. A megfelel\u0151 berendez\u00e9s kiv\u00e1laszt\u00e1s\u00e1ban seg\u00edts\u00e9get ny\u00fajthat <a href=\"https:\/\/euro-clear.eu\/shop\/vizlagyito-termekvalaszto\/\" target=\"_blank\" rel=\"noopener\"><strong>term\u00e9kv\u00e1laszt\u00f3 fel\u00fclet\u00fcnk<\/strong><\/a>.<\/p>\n<p>Amennyiben tov\u00e1bbi k\u00e9rd\u00e9se mer\u00fclne fel, \u00fagy l\u00e1togassa meg Gyakran Ism\u00e9telt K\u00e9rd\u00e9sek oldalunkat<\/p>\n<p><a href=\"https:\/\/euro-clear.eu\/shop\/gyakran-ismetelt-kerdesek\/\" target=\"new\" rel=\"noopener\"><br \/>\n<button style=\"background-color: #0e2350;border: none;color: white;padding: 10px;text-align: center;text-decoration: none;font-size: 16px;cursor: pointer;margin: 4px 2px;border-radius: 5px\"> Gyakran Ism\u00e9telt K\u00e9rd\u00e9sek <\/button><br \/>\n<\/a><\/p>\n<h2>BlueSoft E sz\u00e9ria el\u0151nyei<\/h2>\n<p><strong>\u2713 <\/strong>Massz\u00edv, er\u0151s kivitel\u0171 kabinettel rendelkezik<\/p>\n<p><strong>\u2713 Ellen\u00e1ram\u00fa regener\u00e1l\u00e1s\u00e1nak k\u00f6sz\u00f6nhet\u0151en<\/strong> az egyik legtakar\u00e9kosabb v\u00edzl\u00e1gy\u00edt\u00f3 a piacon.<\/p>\n<p><strong>\u2713 <\/strong>Be\u00e9p\u00edtett s\u00f3r\u00e1cs biztos\u00edtja a homog\u00e9n s\u00f3l\u00e9 k\u00e9pz\u0151d\u00e9s\u00e9t.<\/p>\n<p><strong>\u2713 <\/strong>Regener\u00e1l\u00e1s alatt is van v\u00edzszolg\u00e1ltat\u00e1s.<\/p>\n<p><strong>\u2713 <\/strong>A v\u00edzl\u00e1gy\u00edt\u00f3 vez\u00e9rl\u00e9se a legjobb min\u0151s\u00e9g\u0171 csaptelepekhez hasonl\u00f3an ker\u00e1miat\u00e1rcs\u00e1val rendelkezik, ami rendk\u00edv\u00fcl id\u0151t\u00e1ll\u00f3, \u00edgy nincs sz\u00fcks\u00e9g az \u00e9ves karbantart\u00e1sra.<\/p>\n<p><strong>\u2713 <\/strong>Alaptartoz\u00e9k a kombin\u00e1lt kem\u00e9nys\u00e9gbe\u00e1ll\u00edt\u00f3 \u00e9s egy by-pass szelep.<\/p>\n","protected":false},"excerpt":{"rendered":"<p>Lehet\u0151s\u00e9get biztos\u00edtunk \u00d6nnek arra, hogy k\u00e9sz\u00fcl\u00e9k\u00e9t hagyom\u00e1nyos m\u00f3don, be\u00fczemel\u0151 szakember seg\u00edts\u00e9g\u00e9vel \u00fczemeltesse be. C\u00e9g\u00fcnk orsz\u00e1gos lefedetts\u00e9g\u0171, t\u00f6bb mint 100 f\u0151s be\u00fczemel\u0151i h\u00e1tt\u00e9rrel rendelkezik.<\/p>\n<p><strong>A v\u00edzl\u00e1gy\u00edt\u00f3 berendez\u00e9s felt\u00fcntetett \u00e1r\u00e1nak nem r\u00e9sze a be\u00fczemel\u00e9s k\u00f6lts\u00e9ge! A megfelel\u0151 be\u00fczemel\u00e9st elv\u00e9gz\u0151 partner ir\u00e1nt k\u00e9rem \u00e9rdekl\u0151dj\u00f6n \u00fcgyf\u00e9lszolg\u00e1latunk el\u00e9rhet\u0151s\u00e9gein!<\/strong><\/p>\n","protected":false},"featured_media":3772,"template":"","meta":{"_acf_changed":false,"inline_featured_image":false},"product_brand":[],"product_cat":[21,129,60],"product_tag":[215,52],"class_list":{"0":"post-7017","1":"product","2":"type-product","3":"status-publish","4":"has-post-thumbnail","6":"product_cat-vizlagyito-berendezesek","7":"product_cat-beuzemeles-koteles-vizlagyitok","8":"product_cat-bluesoft-e-szeria-vizlagyitok","9":"product_tag-215","10":"product_tag-bluesoft","12":"first","13":"instock","14":"taxable","15":"shipping-taxable","16":"purchasable","17":"product-type-simple"},"group_of_quantity":0,"min_quantity":0,"max_quantity":"","exclude_order_quantity_value_rules":"no","exclude_category_quantity_rules":"no","combine_variations":"no","acf":[],"_links":{"self":[{"href":"https:\/\/euro-clear.eu\/shop\/wp-json\/wp\/v2\/product\/7017","targetHints":{"allow":["GET"]}}],"collection":[{"href":"https:\/\/euro-clear.eu\/shop\/wp-json\/wp\/v2\/product"}],"about":[{"href":"https:\/\/euro-clear.eu\/shop\/wp-json\/wp\/v2\/types\/product"}],"wp:featuredmedia":[{"embeddable":true,"href":"https:\/\/euro-clear.eu\/shop\/wp-json\/wp\/v2\/media\/3772"}],"wp:attachment":[{"href":"https:\/\/euro-clear.eu\/shop\/wp-json\/wp\/v2\/media?parent=7017"}],"wp:term":[{"taxonomy":"product_brand","embeddable":true,"href":"https:\/\/euro-clear.eu\/shop\/wp-json\/wp\/v2\/product_brand?post=7017"},{"taxonomy":"product_cat","embeddable":true,"href":"https:\/\/euro-clear.eu\/shop\/wp-json\/wp\/v2\/product_cat?post=7017"},{"taxonomy":"product_tag","embeddable":true,"href":"https:\/\/euro-clear.eu\/shop\/wp-json\/wp\/v2\/product_tag?post=7017"}],"curies":[{"name":"wp","href":"https:\/\/api.w.org\/{rel}","templated":true}]}}