{"id":7026,"date":"2022-12-13T07:47:20","date_gmt":"2022-12-13T07:47:20","guid":{"rendered":"https:\/\/euro-clear.eu\/shop\/?post_type=product&#038;p=7026"},"modified":"2026-03-24T18:12:28","modified_gmt":"2026-03-24T18:12:28","slug":"bluesoft-5-compact-classic","status":"publish","type":"product","link":"https:\/\/euro-clear.eu\/shop\/bluesoft-5-compact-classic\/","title":{"rendered":"BlueSoft 5 Compact Classic"},"content":{"rendered":"<h2>Compact v\u00edzl\u00e1gy\u00edt\u00f3 berendez\u00e9sek &#8211; Kis helyig\u00e9nyre tervezve!<\/h2>\n<p><strong>A Bluesoft 5 Compact v\u00edzl\u00e1gy\u00edt\u00f3 berendez\u00e9s\u00fcnket olyan ter\u00fcleteken aj\u00e1nljuk, ahol kis kapacit\u00e1s\u00fa v\u00edzl\u00e1gy\u00edt\u00f3ra van sz\u00fcks\u00e9g.<\/strong><\/p>\n<p>A berendez\u00e9s kiv\u00e1laszt\u00e1s\u00e1nak egyik legfontosabb szempontja a v\u00edzkem\u00e9nys\u00e9g, a megfelel\u0151 berendez\u00e9s kiv\u00e1laszt\u00e1s\u00e1ban seg\u00edts\u00e9get ny\u00fajthat <a href=\"https:\/\/euro-clear.eu\/shop\/vizlagyito-termekvalaszto\/\" target=\"_blank\" rel=\"noopener\"><strong>term\u00e9kv\u00e1laszt\u00f3 fel\u00fclet\u00fcnk<\/strong><\/a>.<\/p>\n<p>Amennyiben tov\u00e1bbi k\u00e9rd\u00e9se mer\u00fclne fel, \u00fagy l\u00e1togassa meg Gyakran Ism\u00e9telt K\u00e9rd\u00e9sek oldalunkat:<br \/>\n<a href=\"https:\/\/euro-clear.eu\/shop\/gyakran-ismetelt-kerdesek\/\" target=\"new\" rel=\"noopener\"><br \/>\n<button style=\"background-color: #0e2350;border: none;color: white;padding: 10px;text-align: center;text-decoration: none;font-size: 16px;cursor: pointer;margin: 4px 2px;border-radius: 5px\"> Gyakran Ism\u00e9telt K\u00e9rd\u00e9sek <\/button><br \/>\n<\/a><\/p>\n<h2>Compact Classic term\u00e9k\u00fcnk el\u0151nyei<\/h2>\n<p><strong>\u2713 Kis helyig\u00e9ny\u0171 v\u00edzl\u00e1gy\u00edt\u00f3 k\u00e9sz\u00fcl\u00e9k<\/strong>, ig\u00e9ny eset\u00e9n k\u00f6nnyed\u00e9n \u00e1tszerelhet\u0151, \u00e1thelyezhet\u0151.<\/p>\n<p><strong>\u2713 Telep\u00edthet\u0151 konyh\u00e1ba vagy f\u00fcrd\u0151szob\u00e1ba<\/strong>.<\/p>\n<p><strong>\u2713 Kis \u00e9s k\u00f6zepes m\u00e9ret\u0171 csal\u00e1dok<\/strong> (1-3 csal\u00e1dtag) sz\u00e1m\u00e1ra is alkalmas lehet.<\/p>\n<p><strong>\u2713<\/strong> <strong>Ellen\u00e1ram\u00fa regener\u00e1l\u00e1s\u00e1nak <\/strong>k\u00f6sz\u00f6nhet\u0151en az egyik legtakar\u00e9kosabb berendez\u00e9s a piacon.<\/p>\n","protected":false},"excerpt":{"rendered":"<p>A Bluesoft 5 Compact v\u00edzl\u00e1gy\u00edt\u00f3 berendez\u00e9s\u00fcnket olyan ter\u00fcleteken aj\u00e1nljuk, ahol kis kapacit\u00e1s\u00fa v\u00edzl\u00e1gy\u00edt\u00f3ra van sz\u00fcks\u00e9g.<\/p>\n<p><strong>A v\u00edzl\u00e1gy\u00edt\u00f3 berendez\u00e9s felt\u00fcntetett \u00e1r\u00e1nak nem r\u00e9sze a be\u00fczemel\u00e9s k\u00f6lts\u00e9ge! A megfelel\u0151 be\u00fczemel\u00e9st elv\u00e9gz\u0151 partner ir\u00e1nt k\u00e9rem \u00e9rdekl\u0151dj\u00f6n \u00fcgyf\u00e9lszolg\u00e1latunk el\u00e9rhet\u0151s\u00e9gein!<\/strong><\/p>\n","protected":false},"featured_media":7498,"template":"","meta":{"_acf_changed":false,"inline_featured_image":false},"product_brand":[],"product_cat":[21,129,57],"product_tag":[52,76],"class_list":{"0":"post-7026","1":"product","2":"type-product","3":"status-publish","4":"has-post-thumbnail","6":"product_cat-vizlagyito-berendezesek","7":"product_cat-beuzemeles-koteles-vizlagyitok","8":"product_cat-bluesoft-k-szeria-vizlagyitok","9":"product_tag-bluesoft","10":"product_tag-compact","12":"first","13":"instock","14":"taxable","15":"shipping-taxable","16":"purchasable","17":"product-type-simple"},"group_of_quantity":0,"min_quantity":0,"max_quantity":"","exclude_order_quantity_value_rules":"no","exclude_category_quantity_rules":"no","combine_variations":"no","acf":[],"_links":{"self":[{"href":"https:\/\/euro-clear.eu\/shop\/wp-json\/wp\/v2\/product\/7026","targetHints":{"allow":["GET"]}}],"collection":[{"href":"https:\/\/euro-clear.eu\/shop\/wp-json\/wp\/v2\/product"}],"about":[{"href":"https:\/\/euro-clear.eu\/shop\/wp-json\/wp\/v2\/types\/product"}],"wp:featuredmedia":[{"embeddable":true,"href":"https:\/\/euro-clear.eu\/shop\/wp-json\/wp\/v2\/media\/7498"}],"wp:attachment":[{"href":"https:\/\/euro-clear.eu\/shop\/wp-json\/wp\/v2\/media?parent=7026"}],"wp:term":[{"taxonomy":"product_brand","embeddable":true,"href":"https:\/\/euro-clear.eu\/shop\/wp-json\/wp\/v2\/product_brand?post=7026"},{"taxonomy":"product_cat","embeddable":true,"href":"https:\/\/euro-clear.eu\/shop\/wp-json\/wp\/v2\/product_cat?post=7026"},{"taxonomy":"product_tag","embeddable":true,"href":"https:\/\/euro-clear.eu\/shop\/wp-json\/wp\/v2\/product_tag?post=7026"}],"curies":[{"name":"wp","href":"https:\/\/api.w.org\/{rel}","templated":true}]}}