{"id":7478,"date":"2023-04-02T09:29:58","date_gmt":"2023-04-02T09:29:58","guid":{"rendered":"https:\/\/euro-clear.eu\/shop\/?post_type=product&#038;p=7478"},"modified":"2026-03-24T18:08:47","modified_gmt":"2026-03-24T18:08:47","slug":"midnight-12-pnp-vizlagyito","status":"publish","type":"product","link":"https:\/\/euro-clear.eu\/shop\/midnight-12-pnp-vizlagyito\/","title":{"rendered":"Midnight 12 Plug&amp;Play v\u00edzl\u00e1gy\u00edt\u00f3"},"content":{"rendered":"<h2>Midnight pr\u00e9mium h\u00e1ztart\u00e1si v\u00edzl\u00e1gy\u00edt\u00f3k &#8211; A mindennapi \u00e9letre tervezve!<\/h2>\n<p><b>Modern, letisztult k\u00fcls\u0151 \u00e9s fejlett, funkci\u00f3kban gazdag bels\u0151.<\/b> A gy\u00f6ny\u00f6r\u0171 \u00e9jfekete sz\u00edn igazi luxus \u00e9rz\u00e9st k\u00f6lcs\u00f6n\u00f6z, m\u00e9g a h\u00e1z legk\u00f6zpontibb helyis\u00e9g\u00e9ben is.<\/p>\n<p>A berendez\u00e9s kiv\u00e1laszt\u00e1s\u00e1nak egyik legfontosabb szempontja a v\u00edzkem\u00e9nys\u00e9g, a megfelel\u0151 berendez\u00e9s kiv\u00e1laszt\u00e1s\u00e1ban seg\u00edts\u00e9get ny\u00fajthat <a href=\"https:\/\/euro-clear.eu\/shop\/vizlagyito-termekvalaszto\/\" target=\"_blank\" rel=\"noopener\"><strong>term\u00e9kv\u00e1laszt\u00f3 fel\u00fclet\u00fcnk<\/strong><\/a>.<\/p>\n<p>Amennyiben tov\u00e1bbi k\u00e9rd\u00e9se mer\u00fclne fel, \u00fagy l\u00e1togassa meg Gyakran Ism\u00e9telt K\u00e9rd\u00e9sek oldalunkat:<br \/>\n<a href=\"https:\/\/euro-clear.eu\/shop\/gyakran-ismetelt-kerdesek\/\" target=\"new\" rel=\"noopener\"><br \/>\n<button style=\"background-color: #0e2350;border: none;color: white;padding: 10px;text-align: center;text-decoration: none;font-size: 16px;cursor: pointer;margin: 4px 2px;border-radius: 5px\"> Gyakran Ism\u00e9telt K\u00e9rd\u00e9sek <\/button><br \/>\n<\/a><\/p>\n<h2>Midnight pr\u00e9mium sz\u00e9ria el\u0151nyei<\/h2>\n<p><strong>\u2713 Nincs sz\u00fcks\u00e9g be\u00fczemel\u0151 szakemberre<\/strong>, mert a k\u00e9sz\u00fcl\u00e9k saj\u00e1t mag\u00e1t \u00fczemeli be egyetlen gombnyom\u00e1sra. \u00d6nnek nincs m\u00e1s dolga, mint be\u00e1ll\u00edtani a pontos id\u0151t, v\u00edzkem\u00e9nys\u00e9get (a kem\u00e9nys\u00e9gteszter aj\u00e1nlott kieg\u00e9sz\u00edt\u0151), illetve felt\u00f6lteni s\u00f3tablett\u00e1val a k\u00e9sz\u00fcl\u00e9ket, majd 3 m\u00e1sodpercig megnyomni egy gombot. A t\u00f6bbi a Plug and Play v\u00edzl\u00e1gy\u00edt\u00f3 feladata.<\/p>\n<p><strong>\u2713 Nincs sz\u00fcks\u00e9g az \u00e9ves karbantart\u00e1sra<\/strong>, mert a k\u00e9sz\u00fcl\u00e9k vez\u00e9rl\u0151feje a legjobb min\u0151s\u00e9g\u0171 egykaros csaptelepekhez hasonl\u00f3an ker\u00e1mia t\u00e1rcs\u00e1val rendelkezik, ami rendk\u00edv\u00fcl id\u0151t\u00e1ll\u00f3.<\/p>\n<p><strong>\u2713<\/strong> A <strong>WiFi-s fejegys\u00e9g<\/strong> \u00e1lland\u00f3 kapcsolatot l\u00e9tes\u00edt \u00faj, fels\u0151kateg\u00f3ri\u00e1s v\u00edzl\u00e1gy\u00edt\u00f3nkkal \u00e9s haszn\u00e1l\u00f3j\u00e1val. A kifejezetten az Euro-Clear Midnight v\u00edzl\u00e1gy\u00edt\u00f3hoz k\u00e9sz\u00fclt telefonos alkalmaz\u00e1s seg\u00edts\u00e9g\u00e9vel minden fontosabb inform\u00e1ci\u00f3t egy kattint\u00e1sra leellen\u0151rizhet\u00fcnk, mint p\u00e9ld\u00e1ul a regener\u00e1ci\u00f3 hossz\u00e1t \u00e9s idej\u00e9t, vagy az \u00e1tfoly\u00f3 v\u00edz mennyis\u00e9g\u00e9t.<\/p>\n<p><strong>\u2713<\/strong> A Midnight v\u00edzl\u00e1gy\u00edt\u00f3 berendez\u00e9s <strong>SafeHOME funkci\u00f3<\/strong>val van ell\u00e1tva. Mit jelent ez a funkci\u00f3? A v\u00edzl\u00e1gy\u00edt\u00f3 figyeli a rajta \u00e1tfolyt v\u00edzmennyis\u00e9get \u00e9s a pillanatnyi v\u00edz\u00e1tfoly\u00e1st, mely \u00e9rt\u00e9kekb\u0151l k\u00f6vetkeztet az v\u00edzh\u00e1l\u00f3zatban esetlegesen el\u0151fordul\u00f3 cs\u0151t\u00f6r\u00e9sekre, v\u00edzsziv\u00e1rg\u00e1sokra. Sz\u00fcks\u00e9g eset\u00e9n a Midnight v\u00edzl\u00e1gy\u00edt\u00f3 beavatkozik ezzel megakad\u00e1lyozva az esetlegesen el\u0151fordul\u00f3 cs\u0151t\u00f6r\u00e9st, v\u00edzk\u00e1rt. A rendszer tov\u00e1bbi, opcion\u00e1lis padl\u00f3v\u00edz\u0151rrel is kieg\u00e9sz\u00edthet\u0151, amely fokozza a v\u00edzk\u00e1r elleni v\u00e9dekez\u00e9s hat\u00e9konys\u00e1g\u00e1t.<\/p>\n<p><strong>\u2713<\/strong> A Midnight v\u00edzl\u00e1gy\u00edt\u00f3 berendez\u00e9s rendelkezik <strong>s\u00f3riaszt\u00e1s funkci\u00f3<\/strong>val, ami a bet\u00f6lt\u00f6tt s\u00f3 mennyis\u00e9ge alapj\u00e1n egy bels\u0151 kalkul\u00e1ci\u00f3 seg\u00edts\u00e9g\u00e9-vel kisz\u00e1m\u00edtja, hogy mikor fog elfogyni a berendez\u00e9sbe t\u00f6lt\u00f6tt s\u00f3, majd riaszt\u00e1st k\u00fcld, melyben figyelmeztet a s\u00f3 ut\u00e1nt\u00f6lt\u00e9s\u00e9re.<\/p>\n<p><strong>\u2713<\/strong> A Midnight v\u00edzl\u00e1gy\u00edt\u00f3 berendez\u00e9s be\u00e1ll\u00edthat\u00f3 <strong>vak\u00e1ci\u00f3 m\u00f3d<\/strong>ra. Amennyiben hosszabb ideig nem haszn\u00e1ljuk a v\u00edzl\u00e1gy\u00edt\u00f3nkat, \u00e9rdemes kihaszn\u00e1lni <strong>a vak\u00e1ci\u00f3 m\u00f3d el\u0151ny\u00e9t, <\/strong>amely v\u00e9delmet ny\u00fajt a k\u00e9sz\u00fcl\u00e9k gyanta\u00e1gya sz\u00e1m\u00e1ra. A k\u00e9sz\u00fcl\u00e9k ilyenkor s\u00f3levet fejleszt \u00e9s konzerv\u00e1lja a gyanta\u00e1gyat.<\/p>\n<p><strong>\u2713<\/strong> Biztons\u00e1gi szeleppel rendelkezik, amely az \u00fasz\u00f3k\u00e1s alkatr\u00e9sz\u00e9vel megg\u00e1tolja a kabinet belsej\u00e9ben megjelen\u0151 t\u00f6bblet v\u00edz t\u00falcsordul\u00e1s\u00e1t, ezzel megg\u00e1tolja a s\u00f3 \u00e9s v\u00edzpazarl\u00e1st.<\/p>\n<p><strong>\u2713 <\/strong>Alaptartoz\u00e9k a kombin\u00e1lt kem\u00e9nys\u00e9gbe\u00e1ll\u00edt\u00f3 \u00e9s egy by-pass szelep.<\/p>\n<p>&nbsp;<\/p>\n<h2>Az Euro Clear Midnight\u2122 v\u00edzl\u00e1gy\u00edt\u00f3 berendez\u00e9shez tart\u00f3z\u00f3 applik\u00e1ci\u00f3 let\u00f6lt\u00e9se, telep\u00edt\u00e9se \u00e9s be\u00fczemel\u00e9se Android \u00e9s iOS k\u00e9sz\u00fcl\u00e9kekre<\/h2>\n<p>A be\u00e9p\u00edtett Wi-Fi funkci\u00f3nak k\u00f6sz\u00f6nhet\u0151en folyamatosan kapcsolatban lehet Midnight v\u00edzl\u00e1gy\u00edt\u00f3 berendez\u00e9s\u00e9vel. A berendez\u00e9shez k\u00e9sz\u00edtett Android \u00e9s iOS k\u00e9sz\u00fcl\u00e9kekre is let\u00f6lthet\u0151 applik\u00e1ci\u00f3n kereszt\u00fcl nem csup\u00e1n a term\u00e9k \u00e1llapot\u00e1t tudja nyomon k\u00f6vetni, de t\u00f6bbek k\u00f6z\u00f6tt ellen\u0151rizheti a berendez\u00e9sen \u00e1tfoly\u00f3 v\u00edz mennyis\u00e9g\u00e9t \u00e9s a regener\u00e1l\u00e1s id\u0151tartam\u00e1t \u00e9s idej\u00e9t. Az applik\u00e1ci\u00f3 cs\u00facs\u00e1tfoly\u00e1s, sziv\u00e1rg\u00e1s- \u00e9s s\u00f3hi\u00e1nyriaszt\u00e1s eset\u00e9n automatikus figyelmeztet\u00e9st k\u00fcld \u00d6nnek, ezzel is v\u00e9dve otthon\u00e1t a nap 24 \u00f3r\u00e1j\u00e1ban!<\/p>\n<p>A vez\u00e9rl\u0151fej wifi h\u00e1l\u00f3zatra t\u00f6rt\u00e9n\u0151 csatlakoztat\u00e1s\u00e1hoz 2,4 GHz frekvencias\u00e1v\u00fa h\u00e1l\u00f3zat haszn\u00e1lat\u00e1ra van sz\u00fcks\u00e9g!<\/p>\n<p>&nbsp;<\/p>\n<p style=\"text-align: center\"><strong>Az Android k\u00e9sz\u00fcl\u00e9kre k\u00e9sz\u00edtett applik\u00e1ci\u00f3\u00e9rt kattintson az al\u00e1bbi gombra:<\/strong><\/p>\n<p style=\"text-align: center\"><strong><a href=\"https:\/\/www.euro-clear.eu\/midnight-applikacio-android\/\" target=\"new\" rel=\"noopener\"><button style=\"background-color: #0e2350;border: none;color: white;padding: 10px;text-align: center;text-decoration: none;font-size: 16px;cursor: pointer;margin: 4px 2px;border-radius: 5px\">Android<\/button><\/a><\/strong><\/p>\n<p style=\"text-align: center\"><strong>Az iOS k\u00e9sz\u00fcl\u00e9kre k\u00e9sz\u00edtett applik\u00e1ci\u00f3\u00e9rt kattintson az al\u00e1bbi gombra:<\/strong><\/p>\n<p style=\"text-align: center\"><strong><a href=\"https:\/\/www.euro-clear.eu\/midnight-applikacio-ios\/\" target=\"new\" rel=\"noopener\"><button style=\"background-color: #0e2350;border: none;color: white;padding: 10px;text-align: center;text-decoration: none;font-size: 16px;cursor: pointer;margin: 4px 2px;border-radius: 5px\">iOS<\/button><\/a><\/strong><\/p>\n<div style=\"width: 800px;\" class=\"wp-video\"><video class=\"wp-video-shortcode\" id=\"video-7478-1\" width=\"800\" height=\"450\" preload=\"metadata\" controls=\"controls\"><source type=\"video\/mp4\" src=\"https:\/\/euro-clear.eu\/shop\/wp-content\/uploads\/2023\/04\/Midnight_hu_wlogo_final.mp4?_=1\" \/><a href=\"https:\/\/euro-clear.eu\/shop\/wp-content\/uploads\/2023\/04\/Midnight_hu_wlogo_final.mp4\">https:\/\/euro-clear.eu\/shop\/wp-content\/uploads\/2023\/04\/Midnight_hu_wlogo_final.mp4<\/a><\/video><\/div>\n","protected":false},"excerpt":{"rendered":"<p><strong>A Midnight 12<\/strong> <strong>Plug&amp;Play<\/strong> h\u00e1ztart\u00e1si v\u00edzl\u00e1gy\u00edt\u00f3 berendez\u00e9s\u00fcnket azon csal\u00e1doknak aj\u00e1nljuk, akiknek h\u00e1ztart\u00e1s\u00e1ban egy f\u00fcrd\u0151szoba tal\u00e1lhat\u00f3, a havi v\u00edzfogyaszt\u00e1suk 5-15 m<sup>3<\/sup>\/h\u00f3nap \u00e9rt\u00e9k k\u00f6z\u00f6tt van.<strong><br \/>\n<\/strong><\/p>\n","protected":false},"featured_media":7480,"template":"","meta":{"_acf_changed":false,"inline_featured_image":false},"product_brand":[],"product_cat":[229,21,128,114],"product_tag":[216,115,116],"class_list":{"0":"post-7478","1":"product","2":"type-product","3":"status-publish","4":"has-post-thumbnail","6":"product_cat-akcios-vizlagyitok","7":"product_cat-vizlagyito-berendezesek","8":"product_cat-plug-and-play-vizlagyitok","9":"product_cat-midnight-plug-and-play-vizlagyitok","10":"product_tag-3-4","11":"product_tag-midnight","12":"product_tag-plug-and-play","14":"first","15":"instock","16":"featured","17":"taxable","18":"shipping-taxable","19":"purchasable","20":"product-type-simple"},"group_of_quantity":0,"min_quantity":0,"max_quantity":"","exclude_order_quantity_value_rules":"no","exclude_category_quantity_rules":"no","combine_variations":"no","acf":[],"_links":{"self":[{"href":"https:\/\/euro-clear.eu\/shop\/wp-json\/wp\/v2\/product\/7478","targetHints":{"allow":["GET"]}}],"collection":[{"href":"https:\/\/euro-clear.eu\/shop\/wp-json\/wp\/v2\/product"}],"about":[{"href":"https:\/\/euro-clear.eu\/shop\/wp-json\/wp\/v2\/types\/product"}],"wp:featuredmedia":[{"embeddable":true,"href":"https:\/\/euro-clear.eu\/shop\/wp-json\/wp\/v2\/media\/7480"}],"wp:attachment":[{"href":"https:\/\/euro-clear.eu\/shop\/wp-json\/wp\/v2\/media?parent=7478"}],"wp:term":[{"taxonomy":"product_brand","embeddable":true,"href":"https:\/\/euro-clear.eu\/shop\/wp-json\/wp\/v2\/product_brand?post=7478"},{"taxonomy":"product_cat","embeddable":true,"href":"https:\/\/euro-clear.eu\/shop\/wp-json\/wp\/v2\/product_cat?post=7478"},{"taxonomy":"product_tag","embeddable":true,"href":"https:\/\/euro-clear.eu\/shop\/wp-json\/wp\/v2\/product_tag?post=7478"}],"curies":[{"name":"wp","href":"https:\/\/api.w.org\/{rel}","templated":true}]}}