{"id":7598,"date":"2023-03-31T07:42:31","date_gmt":"2023-03-31T07:42:31","guid":{"rendered":"https:\/\/euro-clear.eu\/shop\/?post_type=product&#038;p=7598"},"modified":"2026-03-24T18:07:59","modified_gmt":"2026-03-24T18:07:59","slug":"bluesoft-eco-12-hf-plugplay-vizlagyito-berendezes","status":"publish","type":"product","link":"https:\/\/euro-clear.eu\/shop\/bluesoft-eco-12-hf-plugplay-vizlagyito-berendezes\/","title":{"rendered":"BlueSoft Eco 12 HF Plug&amp;Play v\u00edzl\u00e1gy\u00edt\u00f3 berendez\u00e9s"},"content":{"rendered":"<h2>BlueSoft Eco 12 HF Plug&amp;Play<\/h2>\n<p><strong>A BlueSoft Eco 12 HF<\/strong> <strong>Plug&amp;Play<\/strong> h\u00e1ztart\u00e1si v\u00edzl\u00e1gy\u00edt\u00f3 berendez\u00e9s\u00fcnket azon csal\u00e1doknak aj\u00e1nljuk, akiknek h\u00e1ztart\u00e1s\u00e1ban t\u00f6bb f\u00fcrd\u0151szoba tal\u00e1lhat\u00f3, a havi v\u00edzfogyaszt\u00e1suk 5-15 m<sup>3<\/sup>\/h\u00f3nap \u00e9rt\u00e9k k\u00f6z\u00f6tt van.<\/p>\n<p>A berendez\u00e9s kiv\u00e1laszt\u00e1s\u00e1nak egyik legfontosabb szempontja a v\u00edzkem\u00e9nys\u00e9g, a megfelel\u0151 berendez\u00e9s kiv\u00e1laszt\u00e1s\u00e1ban seg\u00edts\u00e9get ny\u00fajthat <a href=\"https:\/\/euro-clear.eu\/shop\/vizlagyito-termekvalaszto\/\" target=\"_blank\" rel=\"noopener\"><strong>term\u00e9kv\u00e1laszt\u00f3 fel\u00fclet\u00fcnk<\/strong><\/a>.<\/p>\n<p>Amennyiben tov\u00e1bbi k\u00e9rd\u00e9se mer\u00fclne fel, \u00fagy l\u00e1togassa meg Gyakran Ism\u00e9telt K\u00e9rd\u00e9sek oldalunkat:<br \/>\n<a href=\"https:\/\/euro-clear.eu\/shop\/gyakran-ismetelt-kerdesek\/\" target=\"new\" rel=\"noopener\"><br \/>\n<button style=\"background-color: #0e2350;border: none;color: white;padding: 10px;text-align: center;text-decoration: none;font-size: 16px;cursor: pointer;margin: 4px 2px;border-radius: 5px\"> Gyakran Ism\u00e9telt K\u00e9rd\u00e9sek <\/button><br \/>\n<\/a><\/p>\n<h2>BlueSoft Plug&amp;Play sz\u00e9ria el\u0151nyei<\/h2>\n<p><strong>\u2713 Nincs sz\u00fcks\u00e9g be\u00fczemel\u0151 szakemberre<\/strong>, mert a k\u00e9sz\u00fcl\u00e9k saj\u00e1t mag\u00e1t \u00fczemeli be egyetlen gombnyom\u00e1sra. \u00d6nnek nincs m\u00e1s dolga, mint be\u00e1ll\u00edtani a pontos id\u0151t, v\u00edzkem\u00e9nys\u00e9get (a kem\u00e9nys\u00e9gteszter aj\u00e1nlott kieg\u00e9sz\u00edt\u0151), illetve felt\u00f6lteni s\u00f3tablett\u00e1val a k\u00e9sz\u00fcl\u00e9ket, majd 3 m\u00e1sodpercig megnyomni egy gombot. A t\u00f6bbi a Plug and Play v\u00edzl\u00e1gy\u00edt\u00f3 feladata.<\/p>\n<p><strong>\u2713 Nincs sz\u00fcks\u00e9g az \u00e9ves karbantart\u00e1sra<\/strong>, mert a k\u00e9sz\u00fcl\u00e9k vez\u00e9rl\u0151feje a legjobb min\u0151s\u00e9g\u0171 egykaros csaptelepekhez hasonl\u00f3an ker\u00e1mia t\u00e1rcs\u00e1val rendelkezik, ami rendk\u00edv\u00fcl id\u0151t\u00e1ll\u00f3.<\/p>\n<p><strong>\u2713<\/strong> A hagyom\u00e1nyos BlueSoft v\u00edzl\u00e1gy\u00edt\u00f3khoz k\u00e9pest az ellen\u00e1ram\u00fa regener\u00e1l\u00e1snak k\u00f6sz\u00f6nhet\u0151en az egyik legtakar\u00e9kosabb, alacsony s\u00f3- \u00e9s v\u00edzfogyaszt\u00e1s\u00fa berendez\u00e9s a piacon.<\/p>\n<p><strong>\u2713<\/strong> Eur\u00f3pai \u00f6sszeszerel\u00e9s biztos\u00edtja a megfelel\u0151 min\u0151s\u00e9get, folyamatos alkatr\u00e9szell\u00e1t\u00e1st, szakszerviz h\u00e1l\u00f3zatot.<\/p>\n<p><strong>\u2713<\/strong> A BlueSoft Plug&amp;Play v\u00edzl\u00e1gy\u00edt\u00f3k magyar nyelv\u0171 men\u00fcvel \u00e9s informat\u00edv kijelz\u0151vel rendelkeznek.<\/p>\n<p><strong>\u2713<\/strong> A BlueSoft Plug&amp;Play v\u00edzl\u00e1gy\u00edt\u00f3 berendez\u00e9s <strong>SafeHOME funkci\u00f3<\/strong>val van ell\u00e1tva. Mit jelent ez a funkci\u00f3? A v\u00edzl\u00e1gy\u00edt\u00f3 figyeli a rajta \u00e1tfolyt v\u00edzmennyis\u00e9get \u00e9s a pillanatnyi v\u00edz\u00e1tfoly\u00e1st, mely \u00e9rt\u00e9kekb\u0151l k\u00f6vetkeztet az v\u00edzh\u00e1l\u00f3zatban esetlegesen el\u0151fordul\u00f3 cs\u0151t\u00f6r\u00e9sekre, v\u00edzsziv\u00e1rg\u00e1sokra. Sz\u00fcks\u00e9g eset\u00e9n a BlueSoft Plug&amp;Play v\u00edzl\u00e1gy\u00edt\u00f3 beavatkozik ezzel megakad\u00e1lyozva az esetlegesen el\u0151fordul\u00f3 cs\u0151t\u00f6r\u00e9st, v\u00edzk\u00e1rt. A rendszer tov\u00e1bbi, opcion\u00e1lis padl\u00f3v\u00edz\u0151rrel is kieg\u00e9sz\u00edthet\u0151, amely fokozza a v\u00edzk\u00e1r elleni v\u00e9dekez\u00e9s hat\u00e9konys\u00e1g\u00e1t.<\/p>\n<p><strong>\u2713<\/strong> A BlueSoft Plug&amp;Play v\u00edzl\u00e1gy\u00edt\u00f3 berendez\u00e9s rendelkezik <strong>s\u00f3riaszt\u00e1s funkci\u00f3<\/strong>val, ami a bet\u00f6lt\u00f6tt s\u00f3 mennyis\u00e9ge alapj\u00e1n egy bels\u0151 kalkul\u00e1ci\u00f3 seg\u00edts\u00e9g\u00e9vel kisz\u00e1m\u00edtja, hogy mikor fog elfogyni a berendez\u00e9sbe t\u00f6lt\u00f6tt s\u00f3, majd riaszt\u00e1st k\u00fcld, melyben figyelmeztet a s\u00f3 ut\u00e1nt\u00f6lt\u00e9s\u00e9re.<\/p>\n<p><strong>\u2713<\/strong> A BlueSoft Plug&amp;Play v\u00edzl\u00e1gy\u00edt\u00f3 berendez\u00e9s be\u00e1ll\u00edthat\u00f3 <strong>vak\u00e1ci\u00f3 m\u00f3d<\/strong>ra. Amennyiben hosszabb ideig nem haszn\u00e1ljuk a v\u00edzl\u00e1gy\u00edt\u00f3nkat, \u00e9rdemes kihaszn\u00e1lni <strong>a vak\u00e1ci\u00f3 m\u00f3d el\u0151ny\u00e9t, <\/strong>amely v\u00e9delmet ny\u00fajt a k\u00e9sz\u00fcl\u00e9k gyanta\u00e1gya sz\u00e1m\u00e1ra. A k\u00e9sz\u00fcl\u00e9k ilyenkor s\u00f3levet fejleszt \u00e9s konzerv\u00e1lja a gyanta\u00e1gyat.<\/p>\n<p><strong>\u2713<\/strong> Be\u00e9p\u00edtett kem\u00e9nys\u00e9gbe\u00e1ll\u00edt\u00f3 csavarral rendelkezik. A hivatalos iv\u00f3v\u00edz \u00fcgyi szabv\u00e1nynak megfelel\u0151 kem\u00e9nys\u00e9g\u0171re val\u00f3 be\u00e1ll\u00edt\u00e1s kapcs\u00e1n javasoljuk egy by-pass szelep beszerel\u00e9s\u00e9t is:<\/p>\n<p><a href=\"https:\/\/euro-clear.eu\/shop\/rx-f70gl-1-by-pass-szelep\/\" target=\"new\" rel=\"noopener\"><button style=\"background-color: #0e2350;border: none;color: white;padding: 10px;text-align: center;text-decoration: none;font-size: 16px;cursor: pointer;margin: 4px 2px;border-radius: 5px\">RX-F70GL-1 by-pass szelep<\/button><\/a><\/p>\n<p>A by-pass szelep lehet\u0151v\u00e9 teszi, hogy a v\u00edzl\u00e1gy\u00edt\u00f3 berendez\u00e9s b\u00e1rmikor kiz\u00e1rhat\u00f3 legyen a v\u00edzvezet\u00e9k h\u00e1l\u00f3zatb\u00f3l (p\u00e9ld\u00e1ul meghib\u00e1sod\u00e1s eset\u00e9n, hogy ne maradjon v\u00edz n\u00e9lk\u00fcl a h\u00e1z).<\/p>\n<p>A by-pass szelep t\u00f6bb fokozatban \u00e1ll\u00edthat\u00f3, ez\u00e1ltal k\u00f6nnyen szab\u00e1lyozhat\u00f3 vele a visszakevert v\u00edz kem\u00e9nys\u00e9ge, el\u00e9rve eg\u00e9szen a teljesen l\u00e1gyvizet (0,1 NK\u00b0). Az 5 NK\u00b0 \u00e9rt\u00e9kkel rendelkez\u0151 l\u00e1gyv\u00edz felel meg a hivatalos iv\u00f3v\u00edz \u00fcgyi szabv\u00e1nynak, illetve emellett m\u00e1r nem tapasztalhat\u00f3 v\u00edzk\u0151lerak\u00f3d\u00e1s.<\/p>\n<p>A by-pass szelep praktikus kialak\u00edt\u00e1s\u00e1nak k\u00f6sz\u00f6nhet\u0151en a helyi ig\u00e9nyeknek megfelel\u0151en egyszer\u0171en a v\u00edzh\u00e1l\u00f3zathoz illeszthet\u0151.<\/p>\n<p>&nbsp;<\/p>\n<div style=\"width: 800px;\" class=\"wp-video\"><video class=\"wp-video-shortcode\" id=\"video-7598-1\" width=\"800\" height=\"450\" preload=\"metadata\" controls=\"controls\"><source type=\"video\/mp4\" src=\"https:\/\/euro-clear.eu\/shop\/wp-content\/uploads\/2021\/04\/Euro-Clear_beuzemeles_plugandplay_HD.mp4?_=1\" \/><a href=\"https:\/\/euro-clear.eu\/shop\/wp-content\/uploads\/2021\/04\/Euro-Clear_beuzemeles_plugandplay_HD.mp4\">https:\/\/euro-clear.eu\/shop\/wp-content\/uploads\/2021\/04\/Euro-Clear_beuzemeles_plugandplay_HD.mp4<\/a><\/video><\/div>\n","protected":false},"excerpt":{"rendered":"<p><strong>A BlueSoft Eco 12 HF<\/strong> <strong>Plug&amp;Play<\/strong> h\u00e1ztart\u00e1si v\u00edzl\u00e1gy\u00edt\u00f3 berendez\u00e9s\u00fcnket azon csal\u00e1doknak aj\u00e1nljuk, akiknek h\u00e1ztart\u00e1s\u00e1ban t\u00f6bb f\u00fcrd\u0151szoba tal\u00e1lhat\u00f3, a havi v\u00edzfogyaszt\u00e1suk 5-15 m<sup>3<\/sup>\/h\u00f3nap \u00e9rt\u00e9k k\u00f6z\u00f6tt van.<strong><br \/>\n<\/strong><\/p>\n","protected":false},"featured_media":3771,"template":"","meta":{"_acf_changed":false,"inline_featured_image":false},"product_brand":[],"product_cat":[21,128,22],"product_tag":[215,52,77],"class_list":{"0":"post-7598","1":"product","2":"type-product","3":"status-publish","4":"has-post-thumbnail","6":"product_cat-vizlagyito-berendezesek","7":"product_cat-plug-and-play-vizlagyitok","8":"product_cat-bluesoft-eco-plug-and-play-vizlagyitok","9":"product_tag-215","10":"product_tag-bluesoft","11":"product_tag-plugplay","13":"first","14":"instock","15":"taxable","16":"shipping-taxable","17":"purchasable","18":"product-type-simple"},"group_of_quantity":0,"min_quantity":0,"max_quantity":"","exclude_order_quantity_value_rules":"no","exclude_category_quantity_rules":"no","combine_variations":"no","acf":[],"_links":{"self":[{"href":"https:\/\/euro-clear.eu\/shop\/wp-json\/wp\/v2\/product\/7598","targetHints":{"allow":["GET"]}}],"collection":[{"href":"https:\/\/euro-clear.eu\/shop\/wp-json\/wp\/v2\/product"}],"about":[{"href":"https:\/\/euro-clear.eu\/shop\/wp-json\/wp\/v2\/types\/product"}],"wp:featuredmedia":[{"embeddable":true,"href":"https:\/\/euro-clear.eu\/shop\/wp-json\/wp\/v2\/media\/3771"}],"wp:attachment":[{"href":"https:\/\/euro-clear.eu\/shop\/wp-json\/wp\/v2\/media?parent=7598"}],"wp:term":[{"taxonomy":"product_brand","embeddable":true,"href":"https:\/\/euro-clear.eu\/shop\/wp-json\/wp\/v2\/product_brand?post=7598"},{"taxonomy":"product_cat","embeddable":true,"href":"https:\/\/euro-clear.eu\/shop\/wp-json\/wp\/v2\/product_cat?post=7598"},{"taxonomy":"product_tag","embeddable":true,"href":"https:\/\/euro-clear.eu\/shop\/wp-json\/wp\/v2\/product_tag?post=7598"}],"curies":[{"name":"wp","href":"https:\/\/api.w.org\/{rel}","templated":true}]}}