{"id":7826,"date":"2023-04-27T07:08:59","date_gmt":"2023-04-27T07:08:59","guid":{"rendered":"https:\/\/euro-clear.eu\/shop\/?post_type=product&#038;p=7826"},"modified":"2026-03-24T18:13:07","modified_gmt":"2026-03-24T18:13:07","slug":"adapter-aquaz-vh150-es-vh200-uv-vizfertotlenito-berendezeshez","status":"publish","type":"product","link":"https:\/\/euro-clear.eu\/shop\/adapter-aquaz-vh150-es-vh200-uv-vizfertotlenito-berendezeshez\/","title":{"rendered":"Adapter Aquaz VH150 \u00e9s VH200 UV v\u00edzfert\u0151tlen\u00edt\u0151 berendez\u00e9shez"},"content":{"rendered":"<p><strong>A VIQUA a vil\u00e1g vezet\u0151 lakoss\u00e1gi \u00e9s kiskereskedelmi UV v\u00edzfert\u0151tlen\u00edt\u0151 rendszereinek sz\u00e1ll\u00edt\u00f3ja<\/strong>, amely kezelt vizet biztos\u00edt vegyszerek haszn\u00e1lata n\u00e9lk\u00fcl.<\/p>\n<p>H\u00e1l\u00f3zati adapter az Aquaz VH150 \u00e9s VH200 UV v\u00edzfert\u0151tlen\u00edt\u0151 berendez\u00e9shez.<\/p>\n","protected":false},"excerpt":{"rendered":"<p><strong>A term\u00e9k saj\u00e1toss\u00e1g\u00e1b\u00f3l fakad\u00f3an a term\u00e9ket t\u00f6r\u00e9kenyk\u00e9nt post\u00e1zzuk. A sz\u00e1ll\u00edt\u00e1sb\u00f3l ered\u0151 k\u00e1rok\u00e9rt c\u00e9g\u00fcnk nem tud felel\u0151ss\u00e9get v\u00e1llalni! <\/strong><\/p>\n<p><strong>K\u00e9r\u00fcnk t\u00e9ged, hogy a csomag \u00e1tv\u00e9telekor vizsg\u00e1ld meg, hogy a term\u00e9kek csomagol\u00e1sa, doboza s\u00e9rtetlen-e.<\/strong> <strong>Ha a term\u00e9k t\u00f6r\u00f6tten \u00e9rkezett hozz\u00e1d, jelezd a sz\u00e1ll\u00edt\u00e1st v\u00e9gz\u0151 sof\u0151rnek \u00e9s vegyetek fel jegyz\u0151k\u00f6nyvet. Csak akkor tudjuk \u00e9rv\u00e9nyes\u00edttetni a term\u00e9kbiztos\u00edt\u00e1st, ha azonnal jelzik a fut\u00e1rnak a s\u00e9r\u00fcl\u00e9st.<\/strong><\/p>\n<p><strong>A VIQUA a vil\u00e1g vezet\u0151 lakoss\u00e1gi \u00e9s kiskereskedelmi UV v\u00edzfert\u0151tlen\u00edt\u0151 rendszereinek sz\u00e1ll\u00edt\u00f3ja<\/strong>, amely kezelt vizet biztos\u00edt vegyszerek haszn\u00e1lata n\u00e9lk\u00fcl.<\/p>\n<p>H\u00e1l\u00f3zati adapter az Aquaz VH150 \u00e9s VH200 UV v\u00edzfert\u0151tlen\u00edt\u0151 berendez\u00e9shez.<\/p>\n<p>&nbsp;<\/p>\n","protected":false},"featured_media":7838,"template":"","meta":{"_acf_changed":false,"inline_featured_image":false},"product_brand":[],"product_cat":[29,126],"product_tag":[127],"class_list":{"0":"post-7826","1":"product","2":"type-product","3":"status-publish","4":"has-post-thumbnail","6":"product_cat-uv-berendezesek","7":"product_cat-uv-berendezes-alkatreszek","8":"product_tag-uvalkatresz","10":"first","11":"instock","12":"taxable","13":"shipping-taxable","14":"purchasable","15":"product-type-simple"},"group_of_quantity":0,"min_quantity":0,"max_quantity":"","exclude_order_quantity_value_rules":"no","exclude_category_quantity_rules":"no","combine_variations":"no","acf":[],"_links":{"self":[{"href":"https:\/\/euro-clear.eu\/shop\/wp-json\/wp\/v2\/product\/7826","targetHints":{"allow":["GET"]}}],"collection":[{"href":"https:\/\/euro-clear.eu\/shop\/wp-json\/wp\/v2\/product"}],"about":[{"href":"https:\/\/euro-clear.eu\/shop\/wp-json\/wp\/v2\/types\/product"}],"wp:featuredmedia":[{"embeddable":true,"href":"https:\/\/euro-clear.eu\/shop\/wp-json\/wp\/v2\/media\/7838"}],"wp:attachment":[{"href":"https:\/\/euro-clear.eu\/shop\/wp-json\/wp\/v2\/media?parent=7826"}],"wp:term":[{"taxonomy":"product_brand","embeddable":true,"href":"https:\/\/euro-clear.eu\/shop\/wp-json\/wp\/v2\/product_brand?post=7826"},{"taxonomy":"product_cat","embeddable":true,"href":"https:\/\/euro-clear.eu\/shop\/wp-json\/wp\/v2\/product_cat?post=7826"},{"taxonomy":"product_tag","embeddable":true,"href":"https:\/\/euro-clear.eu\/shop\/wp-json\/wp\/v2\/product_tag?post=7826"}],"curies":[{"name":"wp","href":"https:\/\/api.w.org\/{rel}","templated":true}]}}