{"id":9099,"date":"2023-11-03T09:14:28","date_gmt":"2023-11-03T09:14:28","guid":{"rendered":"https:\/\/euro-clear.eu\/shop\/?post_type=product&#038;p=9099"},"modified":"2026-03-24T18:20:33","modified_gmt":"2026-03-24T18:20:33","slug":"euro-clear-vizminta-bevizsgalas-alapcsomag","status":"publish","type":"product","link":"https:\/\/euro-clear.eu\/shop\/euro-clear-vizminta-bevizsgalas-alapcsomag\/","title":{"rendered":"Euro-Clear v\u00edzminta bevizsg\u00e1l\u00e1s alapcsomag"},"content":{"rendered":"<p>Hazai vizeink megfelel\u0151 felhaszn\u00e1lhat\u00f3s\u00e1g\u00e1nak \u00e9rdek\u00e9ben sz\u00e1mos v\u00edzkezel\u0151 technol\u00f3gia biztos\u00edt lehet\u0151s\u00e9get. Az egyes felhaszn\u00e1l\u00e1si c\u00e9lok el\u00e9r\u00e9s\u00e9hez csak a megfelel\u0151 v\u00edzkezel\u00e9si technol\u00f3gia ny\u00fajthat seg\u00edts\u00e9get, amely meg\u00e1llap\u00edt\u00e1s\u00e1hoz k\u00edn\u00e1lunk lehet\u0151s\u00e9get az \u00e1ltalunk k\u00edn\u00e1lt v\u00edzanal\u00edtikai vizsg\u00e1latokkal.<\/p>\n<p>A v\u00edzanal\u00edtika lefolytat\u00e1s\u00e1nak menete:<\/p>\n<ol>\n<li>V\u00e1lassza ki web\u00e1ruh\u00e1zunk k\u00edn\u00e1lat\u00e1b\u00f3l az \u00d6nnek legink\u00e1bb megfelel\u0151 v\u00edzminta vizsg\u00e1latot.<\/li>\n<li>\n<h3><strong> A megrendel\u00e9s lead\u00e1sakor <\/strong><strong style=\"font-size: 16px;\">a Kos\u00e1r vagy a P\u00e9nzt\u00e1r oldalon <\/strong><strong>v\u00e1lasszon ki egy a lakhely\u00e9hez legk\u00f6zelebbi viszontelad\u00f3i pontot . H\u00e1zhoz sz\u00e1ll\u00edt\u00e1s nem v\u00e1laszthat\u00f3!<\/strong><\/h3>\n<\/li>\n<li>Az al\u00e1bbi inform\u00e1ci\u00f3k figyelembev\u00e9tel\u00e9vel k\u00e9rj\u00fck v\u00e9gezze el a mintav\u00e9telez\u00e9st:\n<ol>\n<li><strong>Lehet\u0151leg csapad\u00e9k meg\u00e9rkezt\u00e9t k\u00f6vet\u0151 napon vegyen v\u00edzmint\u00e1t!<\/strong><\/li>\n<li><strong>Frissen ki\u00fcr\u00edtett \u00e1sv\u00e1nyvizes flakont (0,5 L) a mintav\u00e9tel el\u0151tt f\u00e9lig tele engedve v\u00edzzel, alapos felr\u00e1z\u00e1sok k\u00eds\u00e9ret\u00e9ben \u00f6bl\u00edtse \u00e1t k\u00e9tszer!\u00a0 \u00a0\u00a0<\/strong><\/li>\n<li><strong>Ezut\u00e1n a tervezett helyen a csapot k\u00f6zepes sug\u00e1rral folyassa ki!<\/strong><\/li>\n<li><strong>T\u00f6ltse meg a flakont sz\u00edn\u00fcltig, \u00e9s kezdje r\u00e1csavarni a kupakot!<\/strong><\/li>\n<li><strong>Mik\u00f6zben kiss\u00e9 r\u00e1csavarta a kupakot, nyomja \u00f6ssze a flakont, \u00e9s tartsa \u00f6sszenyomva \u00fagy, hogy a v\u00edz kiss\u00e9 kicsorogjon \u00e9s k\u00f6zben csavarja r\u00e1 teljesen a kupakot! Ezzel tudja biztos\u00edtani, hogy leveg\u0151 nem marad a flakonba \u00e9s sikeres lesz a mintav\u00e9tel.<\/strong><\/li>\n<li><strong>Ford\u00edtsa meg a flakont \u00e9s ellen\u0151rizze, hogy biztosan nem maradt-e benne leveg\u0151. Ha a flakont megford\u00edtja, \u00e9s nincs leveg\u0151 a flakonban fel\u00fcl, akkor sikeres a mintav\u00e9telez\u00e9s.<\/strong><\/li>\n<li><strong>A mintav\u00e9tel flakonj\u00e1ra ragasszon egy c\u00edmk\u00e9t, \u00edrjon r\u00e1 nevet, \u00e9s hogy &#8222;EURO-CLEAR V\u00cdZMINTA&#8221;.<\/strong><\/li>\n<li><strong>Lehet\u0151leg a mintav\u00e9tel napj\u00e1n, vagy a r\u00e1k\u00f6vetkez\u0151 munkanapon adja le a v\u00edzmint\u00e1t a megrendel\u00e9skor kiv\u00e1lasztott viszontelad\u00f3i partner\u00fcnkn\u00e9l, \u00e9s fizesse ki a megrendel\u00e9s \u00f6sszeg\u00e9t.<\/strong><\/li>\n<\/ol>\n<\/li>\n<li>Fut\u00e1runk felveszi a v\u00edzmint\u00e1t az \u00e1tv\u00e9teli ponton \u00e9s elsz\u00e1ll\u00edtja c\u00e9g\u00fcnk k\u00f6zpontj\u00e1ba.<\/li>\n<li>Koll\u00e9g\u00e1ink elv\u00e9gzik a be\u00e9rkezett minta bevizsg\u00e1l\u00e1s\u00e1t. Ezt k\u00f6vet\u0151en t\u00e1j\u00e9koztatjuk a minta vizsg\u00e1lati eredm\u00e9ny\u00e9r\u0151l \u00e9s seg\u00edt\u00fcnk a lehets\u00e9ges v\u00edzkezel\u00e9si technol\u00f3gia kiv\u00e1laszt\u00e1s\u00e1ban.<\/li>\n<\/ol>\n<p><strong>A fenti vizsg\u00e1latok elv\u00e9gz\u00e9se nem min\u0151s\u00fcl akkredit\u00e1lt v\u00edzmintav\u00e9telnek, ez\u00e9rt az EC-VM-1 v\u00edzvizsg\u00e1lat nem haszn\u00e1lhat\u00f3: hat\u00f3s\u00e1gi enged\u00e9lyeztet\u00e9sre, iv\u00f3v\u00edz vizsg\u00e1latra.<\/strong><\/p>\n<p><strong>Tov\u00e1bbi szaktan\u00e1csad\u00e1s\u00e9rt k\u00e9rem \u00e9rdekl\u0151dj\u00f6n \u00fcgyf\u00e9lszolg\u00e1latunk el\u00e9rhet\u0151s\u00e9gein!<\/strong><\/p>\n","protected":false},"excerpt":{"rendered":"<p>V\u00edzanal\u00edtikai vizsg\u00e1latunkkal a k\u00fatv\u00edz minta al\u00e1bbi vizsg\u00e1latait v\u00e9gezz\u00fck el egy spektrofotom\u00e9ter seg\u00edts\u00e9g\u00e9vel:<\/p>\n<p>&#8211;\u00a0\u00a0\u00a0\u00a0\u00a0\u00a0\u00a0 V\u00edzkem\u00e9nys\u00e9g vizsg\u00e1lat<\/p>\n<p>&#8211;\u00a0\u00a0\u00a0\u00a0\u00a0\u00a0\u00a0 Zavaross\u00e1g<\/p>\n<p>&#8211;\u00a0\u00a0\u00a0\u00a0\u00a0\u00a0\u00a0 Vezet\u0151k\u00e9pess\u00e9g<\/p>\n<p>&#8211;\u00a0\u00a0\u00a0\u00a0\u00a0\u00a0\u00a0 Oldott vastartalom<\/p>\n<p>&#8211;\u00a0\u00a0\u00a0\u00a0\u00a0\u00a0\u00a0 Oldott mang\u00e1ntartalom<\/p>\n<p>&#8211;\u00a0\u00a0\u00a0\u00a0\u00a0\u00a0\u00a0 Amm\u00f3nium tartalom<\/p>\n<p><strong>A fenti vizsg\u00e1latok elv\u00e9gz\u00e9se nem min\u0151s\u00fcl akkredit\u00e1lt v\u00edzmintav\u00e9telnek, ez\u00e9rt az EC-VM-1 v\u00edzvizsg\u00e1lat nem haszn\u00e1lhat\u00f3: hat\u00f3s\u00e1gi enged\u00e9lyeztet\u00e9sre, iv\u00f3v\u00edz vizsg\u00e1latra.<\/strong><\/p>\n<p><strong>Tov\u00e1bbi szaktan\u00e1csad\u00e1s\u00e9rt k\u00e9rem \u00e9rdekl\u0151dj\u00f6n \u00fcgyf\u00e9lszolg\u00e1latunk el\u00e9rhet\u0151s\u00e9gein!<\/strong><\/p>\n","protected":false},"featured_media":13708,"template":"","meta":{"_acf_changed":false,"inline_featured_image":false},"product_brand":[],"product_cat":[148],"product_tag":[210],"class_list":{"0":"post-9099","1":"product","2":"type-product","3":"status-publish","4":"has-post-thumbnail","6":"product_cat-vizminta-bevizsgalas","7":"product_tag-bevizsgalas","8":"product_shipping_class-szolgaltatas-ec-vm-1","10":"first","11":"instock","12":"taxable","13":"shipping-taxable","14":"purchasable","15":"product-type-simple"},"group_of_quantity":0,"min_quantity":0,"max_quantity":"","exclude_order_quantity_value_rules":"no","exclude_category_quantity_rules":"no","combine_variations":"no","acf":[],"_links":{"self":[{"href":"https:\/\/euro-clear.eu\/shop\/wp-json\/wp\/v2\/product\/9099","targetHints":{"allow":["GET"]}}],"collection":[{"href":"https:\/\/euro-clear.eu\/shop\/wp-json\/wp\/v2\/product"}],"about":[{"href":"https:\/\/euro-clear.eu\/shop\/wp-json\/wp\/v2\/types\/product"}],"wp:featuredmedia":[{"embeddable":true,"href":"https:\/\/euro-clear.eu\/shop\/wp-json\/wp\/v2\/media\/13708"}],"wp:attachment":[{"href":"https:\/\/euro-clear.eu\/shop\/wp-json\/wp\/v2\/media?parent=9099"}],"wp:term":[{"taxonomy":"product_brand","embeddable":true,"href":"https:\/\/euro-clear.eu\/shop\/wp-json\/wp\/v2\/product_brand?post=9099"},{"taxonomy":"product_cat","embeddable":true,"href":"https:\/\/euro-clear.eu\/shop\/wp-json\/wp\/v2\/product_cat?post=9099"},{"taxonomy":"product_tag","embeddable":true,"href":"https:\/\/euro-clear.eu\/shop\/wp-json\/wp\/v2\/product_tag?post=9099"}],"curies":[{"name":"wp","href":"https:\/\/api.w.org\/{rel}","templated":true}]}}